{"id":6680,"date":"2024-03-05T13:20:32","date_gmt":"2024-03-05T11:20:32","guid":{"rendered":"https:\/\/spital-obregia.ro\/?page_id=6680"},"modified":"2024-03-05T14:10:07","modified_gmt":"2024-03-05T12:10:07","slug":"conferinta-101-ani-spital-obregia","status":"publish","type":"page","link":"https:\/\/spital-obregia.ro\/arhiva\/conferinta-101-ani-spital-obregia\/","title":{"rendered":"Zilele Medicale \u0219i \u0218tiin\u021bifice ale Spitalului Clinic de Psihiatrie \u201cProf. Dr. Alexandru Obregia\u201d Bucure\u0219ti &#8211; 4 \u2013 9 Martie 2024"},"content":{"rendered":"\n<figure class=\"wp-block-image aligncenter\"><img loading=\"lazy\" decoding=\"async\" width=\"1024\" height=\"895\" src=\"https:\/\/spital-obregia.ro\/arhiva\/wp-content\/uploads\/2024\/03\/101_obregia-1024x895.webp\" alt=\"\" class=\"wp-image-6674\" srcset=\"https:\/\/spital-obregia.ro\/arhiva\/wp-content\/uploads\/2024\/03\/101_obregia-1024x895.webp 1024w, https:\/\/spital-obregia.ro\/arhiva\/wp-content\/uploads\/2024\/03\/101_obregia-300x262.webp 300w, https:\/\/spital-obregia.ro\/arhiva\/wp-content\/uploads\/2024\/03\/101_obregia-768x671.webp 768w, https:\/\/spital-obregia.ro\/arhiva\/wp-content\/uploads\/2024\/03\/101_obregia-1536x1342.webp 1536w, https:\/\/spital-obregia.ro\/arhiva\/wp-content\/uploads\/2024\/03\/101_obregia-2048x1790.webp 2048w\" sizes=\"auto, (max-width: 1024px) 100vw, 1024px\" \/><\/figure>\n\n\n\n<hr class=\"wp-block-separator has-alpha-channel-opacity\"\/>\n\n\n\n<div class=\"wp-block-buttons is-content-justification-center is-layout-flex wp-container-core-buttons-is-layout-a89b3969 wp-block-buttons-is-layout-flex\">\n<div class=\"wp-block-button\"><a class=\"wp-block-button__link has-text-align-center wp-element-button\" href=\"https:\/\/digital.medichub.ro\/evenimente\/zilele-medicale-i-tiin-ifice-ale-spitalului-clinic-de-psihiatrie-prof-dr-al-obregia-bucure-ti_717\" target=\"_blank\" rel=\"noreferrer noopener\">\u00ceNSCRIERE LA EVENIMENT<\/a><\/div>\n\n\n\n<div class=\"wp-block-button\"><a class=\"wp-block-button__link has-text-align-center wp-element-button\" href=\"https:\/\/www.medichub.ro\/upload\/files\/draft_program_zilele_obregia_4_9_martie_2024_1915.pdf\" target=\"_blank\" rel=\"noreferrer noopener\">PROGRAM COMPLET CONFERIN\u021a\u0102<\/a><\/div>\n<\/div>\n\n\n\n<hr class=\"wp-block-separator has-alpha-channel-opacity\"\/>\n\n\n\n<p class=\"has-text-align-center\"><strong>\u00censcrierea la conferin\u021b\u0103 se va face pan\u0103 la data de\u00a08\u00a0Martie 2024 (inclusiv).\u00a0Dup\u0103 aceast\u0103 dat\u0103 \u00eenregistrarea nu mai poate fi realizat\u0103.<\/strong><\/p>\n\n\n\n<hr class=\"wp-block-separator has-alpha-channel-opacity\"\/>\n\n\n\n<h5 class=\"wp-block-heading has-text-align-center\" id=\"0-loca%C8%9Bii-\"><strong>LOCA\u021aII<\/strong><\/h5>\n\n\n\n<div class=\"wp-block-columns is-layout-flex wp-container-core-columns-is-layout-28f84493 wp-block-columns-is-layout-flex\">\n<div class=\"wp-block-column is-layout-flow wp-block-column-is-layout-flow\">\n<p class=\"has-text-align-left\"><strong>4 &#8211; 6 Martie | 9 Martie<\/strong><br><strong>Spitalul Clinic De Psihiatrie \u201eProf. Dr. Al. Obregia\u201c<\/strong><\/p>\n\n\n\n<div class=\"gmap\"><iframe src=\"https:\/\/www.google.com\/maps\/embed?pb=!1m18!1m12!1m3!1d1425.6439576515033!2d26.12360625829258!3d44.38621116159319!2m3!1f0!2f0!3f0!3m2!1i1024!2i768!4f13.1!3m3!1m2!1s0x40b1fe6c93b025bd%3A0x39239ef1fee1da77!2sSpitalul%20Clinic%20de%20Psihiatrie%20%E2%80%9EProfesor%20Doctor%20Alexandru%20Obregia%E2%80%9D!5e0!3m2!1sro!2sro!4v1667998684108!5m2!1sro!2sro\" width=\"100%\" height=\"300\" style=\"border:0;\" allowfullscreen=\"\" loading=\"lazy\" referrerpolicy=\"no-referrer-when-downgrade\"><\/iframe><br><style>.gmap {overflow:hidden;background:none!important;height:300px;width:100%;}<\/style><\/div>\n<\/div>\n\n\n\n<div class=\"wp-block-column is-layout-flow wp-block-column-is-layout-flow\">\n<p class=\"has-text-align-right\"><strong>7 &#8211; 8 Martie<\/strong><br><strong>Palatul Parlamentului &#8211; Senat<\/strong><\/p>\n\n\n\n<div class=\"gmap\"><iframe src=\"https:\/\/www.google.com\/maps\/embed?pb=!1m14!1m8!1m3!1d5698.5516505591195!2d26.087351!3d44.427504!3m2!1i1024!2i768!4f13.1!3m3!1m2!1s0x40b1ff427bee28c1%3A0x2b1089f802abaddc!2sPalace%20of%20Parliament!5e0!3m2!1sro!2srp!4v1709639498691!5m2!1sro!2sro\" width=\"100%\" height=\"300\" style=\"border:0;\" allowfullscreen=\"\" loading=\"lazy\" referrerpolicy=\"no-referrer-when-downgrade\"><\/iframe><br><style>.gmap {overflow:hidden;background:none!important;height:300px;width:100%;}<\/style><\/div>\n<\/div>\n<\/div>\n\n\n\n<p><\/p>\n\n\n\n<hr class=\"wp-block-separator has-alpha-channel-opacity\"\/>\n\n\n\n<h5 class=\"wp-block-heading\"><strong>CIN\u0102 FESTIV\u0102 | 8 Martie 2024 | ora 19:00<\/strong><\/h5>\n\n\n\n<p><strong>Jubile Concept (Str. Emil Racovi\u021b\u0103 nr. 7 &#8211; Pipera)<\/strong><\/p>\n\n\n\n<div class=\"gmap\"><iframe src=\"https:\/\/www.google.com\/maps\/embed?pb=!1m18!1m12!1m3!1d2846.092487696023!2d26.12771187597112!3d44.49277167107465!2m3!1f0!2f0!3f0!3m2!1i1024!2i768!4f13.1!3m3!1m2!1s0x40b1f87797685557%3A0x86fb2f83ced19756!2sJubile%20Concept!5e0!3m2!1sro!2sro!4v1707315439614!5m2!1sro!2sro\" width=\"100%\" height=\"300\" style=\"border:0;\" allowfullscreen=\"\" loading=\"lazy\" referrerpolicy=\"no-referrer-when-downgrade\"><\/iframe><br><style>.gmap {overflow:hidden;background:none!important;height:300px;width:100%;}<\/style><\/div>\n\n\n\n<div class=\"wp-block-group is-layout-constrained wp-block-group-is-layout-constrained\">\n<div class=\"wp-block-columns is-layout-flex wp-container-core-columns-is-layout-28f84493 wp-block-columns-is-layout-flex\">\n<div class=\"wp-block-column is-layout-flow wp-block-column-is-layout-flow\" style=\"flex-basis:100%\">\n<figure class=\"wp-block-table\"><table><tbody><tr><td class=\"has-text-align-center\" data-align=\"center\"><strong>PARTENER LOGISTIC<\/strong><\/td><td class=\"has-text-align-center\" data-align=\"center\"><a href=\"https:\/\/digital.medichub.ro\/evenimente\/zilele-medicale-i-tiin-ifice-ale-spitalului-clinic-de-psihiatrie-prof-dr-al-obregia-bucure-ti_717\" target=\"_blank\" rel=\"noreferrer noopener\"><img decoding=\"async\" width=\"93\" src=\"https:\/\/img.medichub.ro\/i\/b\/0c0b8043d284a0276111a8afc058607e\/3921502\/7536266f-0397-4a9a-ac1f-fb66f070c188.png?w=93&amp;q=95\"><\/a><\/td><\/tr><\/tbody><\/table><\/figure>\n<\/div>\n<\/div>\n<\/div>\n\n\n\n<figure class=\"wp-block-table\"><table><tbody><tr><td class=\"has-text-align-center\" data-align=\"center\"><strong>Detalii suplimentare: <a href=\"https:\/\/digital.medichub.ro\/evenimente\/zilele-medicale-i-tiin-ifice-ale-spitalului-clinic-de-psihiatrie-prof-dr-al-obregia-bucure-ti_717\" target=\"_blank\" rel=\"noreferrer noopener\">Pagina evenimentului<\/a><br>Telefon: \u00a0<a href=\"tel:0758 012 326\">0758 012 326<\/a>\u202f\u202f<\/strong>\u202f<br><strong>E-mail:\u00a0<a href=\"mailto:evenimente@medichub.ro\">evenimente@medichub.ro<\/a>\u202f<\/strong><\/td><\/tr><\/tbody><\/table><\/figure>\n\n\n\n<div class=\"wp-block-buttons is-content-justification-center is-layout-flex wp-container-core-buttons-is-layout-a89b3969 wp-block-buttons-is-layout-flex\">\n<div class=\"wp-block-button\"><a class=\"wp-block-button__link has-text-align-center wp-element-button\" href=\"https:\/\/digital.medichub.ro\/evenimente\/zilele-medicale-i-tiin-ifice-ale-spitalului-clinic-de-psihiatrie-prof-dr-al-obregia-bucure-ti_717\" target=\"_blank\" rel=\"noreferrer noopener\">\u00ceNSCRIERE LA EVENIMENT<\/a><\/div>\n\n\n\n<div class=\"wp-block-button\"><a class=\"wp-block-button__link has-text-align-center wp-element-button\" href=\"https:\/\/www.medichub.ro\/upload\/files\/draft_program_zilele_obregia_4_9_martie_2024_1915.pdf\" target=\"_blank\" rel=\"noreferrer noopener\">PROGRAM COMPLET CONFERIN\u021a\u0102<\/a><\/div>\n<\/div>\n\n\n\n<div class=\"wp-block-buttons is-content-justification-center is-layout-flex wp-container-core-buttons-is-layout-a89b3969 wp-block-buttons-is-layout-flex\"><\/div>\n","protected":false},"excerpt":{"rendered":"<p>\u00censcrierea la conferin\u021b\u0103 se va face pan\u0103 la data de\u00a08\u00a0Martie 2024 (inclusiv).\u00a0Dup\u0103 aceast\u0103 dat\u0103 \u00eenregistrarea nu mai poate fi realizat\u0103. LOCA\u021aII 4 &#8211; 6 Martie | 9 MartieSpitalul Clinic De Psihiatrie \u201eProf. Dr. Al. Obregia\u201c 7 &#8211; 8 MartiePalatul Parlamentului &#8211; Senat CIN\u0102 FESTIV\u0102 | 8 Martie 2024 | ora 19:00 Jubile Concept (Str. Emil [&hellip;]<\/p>\n","protected":false},"author":2,"featured_media":0,"parent":0,"menu_order":0,"comment_status":"closed","ping_status":"closed","template":"","meta":{"_lmt_disableupdate":"","_lmt_disable":"yes","footnotes":""},"class_list":["post-6680","page","type-page","status-publish","hentry"],"blocksy_meta":[],"featured_image_src":null,"jetpack_sharing_enabled":true,"_links":{"self":[{"href":"https:\/\/spital-obregia.ro\/arhiva\/wp-json\/wp\/v2\/pages\/6680","targetHints":{"allow":["GET"]}}],"collection":[{"href":"https:\/\/spital-obregia.ro\/arhiva\/wp-json\/wp\/v2\/pages"}],"about":[{"href":"https:\/\/spital-obregia.ro\/arhiva\/wp-json\/wp\/v2\/types\/page"}],"author":[{"embeddable":true,"href":"https:\/\/spital-obregia.ro\/arhiva\/wp-json\/wp\/v2\/users\/2"}],"replies":[{"embeddable":true,"href":"https:\/\/spital-obregia.ro\/arhiva\/wp-json\/wp\/v2\/comments?post=6680"}],"version-history":[{"count":0,"href":"https:\/\/spital-obregia.ro\/arhiva\/wp-json\/wp\/v2\/pages\/6680\/revisions"}],"wp:attachment":[{"href":"https:\/\/spital-obregia.ro\/arhiva\/wp-json\/wp\/v2\/media?parent=6680"}],"curies":[{"name":"wp","href":"https:\/\/api.w.org\/{rel}","templated":true}]}}