{"id":6410,"date":"2023-10-19T14:19:34","date_gmt":"2023-10-19T11:19:34","guid":{"rendered":"https:\/\/spital-obregia.ro\/?page_id=6410"},"modified":"2023-10-19T15:56:47","modified_gmt":"2023-10-19T12:56:47","slug":"subprogramul-national-de-tratament-al-bolnavilor-cu-tulburare-depresiva-majora","status":"publish","type":"page","link":"https:\/\/spital-obregia.ro\/arhiva\/subprogramul-national-de-tratament-al-bolnavilor-cu-tulburare-depresiva-majora\/","title":{"rendered":"Subprogramul Na\u021bional de Tratament al bolnavilor cu tulburare depresiv\u0103 major\u0103"},"content":{"rendered":"\n<p>Spitalul Clinic de Psihiatrie \u201eProf. Dr. Al. Obregia\u201d Bucure\u0219ti deruleaz\u0103 <strong>Subprogramul Na\u021bional de Tratament al bolnavilor cu tulburare depresiv\u0103 major\u0103<\/strong>, decontat de Casa Na\u021bional\u0103 de Asigur\u0103ri de S\u0103n\u0103tate, <em>conform HG nr. 423\/2022 privind aprobarea programelor na\u0163ionale de s\u0103n\u0103tate<\/em>, cu modific\u0103rile \u0219i complet\u0103rile ulterioare.<\/p>\n\n\n\n<p>Spravato (esketaminum) este indicat \u00een asociere cu un SSRI (Sertralina, Citalopram, Escitalopram, Paroxetin\u0103, Fluoxetin\u0103, Fluvoxamin\u0103) sau un SNRI (Venlafaxina, Duloxetina), la <strong><em>adul\u021bii cu <u>tulburare depresiv\u0103 major\u0103 rezistent\u0103 la tratament, care nu au r\u0103spuns la cel pu\u021bin dou\u0103 tratamente diferite cu antidepresive \u00een episodul depresiv curent<\/u>, moderat p\u00e2n\u0103 la sever<\/em><\/strong>.<\/p>\n\n\n\n<p>\u00cenrolarea pacien\u021bilor eligibili \u00een program se realizeaz\u0103 dup\u0103 analiza documentelor medicale prin care se confirm\u0103 diagnosticul \u0219i criteriile de diagnostic \u00een conformitate cu <a href=\"https:\/\/spital-obregia.ro\/arhiva\/wp-content\/uploads\/2023\/10\/Protocol-Esketamina.pdf\" target=\"_blank\" rel=\"noreferrer noopener nofollow\">Protocolul terapeutic.<\/a><\/p>\n\n\n\n<p><strong>Documentele necesare pentru analiza dosarului medical pot fi transmise \u00een format electronic la adresa de e-mail <a href=\"mailto:pns.esketamina@spital-obregia.ro\">pns.esketamina@spital-obregia.ro<\/a> \u0219i cuprind:<\/strong><\/p>\n\n\n\n<ol class=\"wp-block-list\" type=\"1\">\n<li>Declara\u021bia pe propria r\u0103spundere a pacientului, prin care confirm\u0103 faptul c\u0103 este de acord cu prelucrarea datelor cu caracter personal, cu semn\u0103tur\u0103 \u0219i dat\u0103 &#8211; <strong><a href=\"https:\/\/spital-obregia.ro\/arhiva\/wp-content\/uploads\/2023\/10\/Acord-privind-prelucrarea-datelor-cu-caracter-personal.docx\" target=\"_blank\" rel=\"noreferrer noopener nofollow\">descarc\u0103 dec<\/a><\/strong><a href=\"#\"><strong>lara\u021bia<\/strong><\/a> <strong>|<\/strong> <a href=\"https:\/\/spital-obregia.ro\/arhiva\/wp-content\/uploads\/2023\/10\/informare-GDPR.pdf\" target=\"_blank\" rel=\"noreferrer noopener nofollow\"><strong>informare GDPR pacien\u021bi<\/strong><\/a><\/li>\n\n\n\n<li>Dosarul medical al pacientului.<\/li>\n<\/ol>\n\n\n\n<p>Persoanele interesate (medici, pacien\u021bi, apar\u021bin\u0103tori) pot ob\u021bine informa\u021bii suplimentare de la medici angaja\u021bi ai spitalului, la numerele de telefon din tabelul de mai jos.<\/p>\n\n\n\n<p><strong>Document de referin\u021b\u0103<\/strong>: <a href=\"https:\/\/cnas.ro\/wp-content\/uploads\/2023\/06\/Binder1-1.pdf\" target=\"_blank\" rel=\"noreferrer noopener nofollow\">\u201eLista protocoalelor terapeutice\u201d aprobate prin <em>Ordinul MS\/CNAS nr. 1837\/447\/2023<\/em> (cod N06AX27, pag. 183-184)<\/a><\/p>\n\n\n\n<p><strong>Telefoane informa\u021bii:<\/strong><\/p>\n\n\n\n<figure id=\"telefoane\" class=\"wp-block-table\"><table><tbody><tr><td>SEC\u021aIA CLINIC\u0102 I &#8211; PSIHIATRIE ADUL\u021aI<\/td><td><a href=\"tel:0770 416 317\">0770 416 317<\/a><\/td><\/tr><tr><td>SEC\u021aIA CLINIC\u0102 II &#8211; PSIHIATRIE ADUL\u021aI<\/td><td><a href=\"tel:0770 427 375\">0770 427 375<\/a><\/td><\/tr><tr><td>SEC\u021aIA CLINIC\u0102 III &#8211; PSIHIATRIE ADUL\u021aI<\/td><td><a href=\"tel:0770 415 958\">0770 415 958<\/a><\/td><\/tr><tr><td>SEC\u021aIA CLINIC\u0102 IV &#8211; PSIHIATRIE ADUL\u021aI<\/td><td><a href=\"tel:\">0770 428 847<\/a><\/td><\/tr><tr><td>SEC\u021aIA CLINIC\u0102 VI &#8211; PSIHIATRIE ADUL\u021aI<\/td><td><a href=\"tel:0770 425 729\">0770 425 729<\/a><\/td><\/tr><tr><td>SEC\u021aIA CLINIC\u0102 VII &#8211; PSIHIATRIE ADUL\u021aI<\/td><td><a href=\"tel:0770 425 870\">0770 425 870<\/a><\/td><\/tr><tr><td>SEC\u021aIA CLINIC\u0102 VIII &#8211; PSIHIATRIE ADUL\u021aI<\/td><td><a href=\"tel:0770 430 296\">0770 430 296<\/a><\/td><\/tr><tr><td>SEC\u021aIA CLINIC\u0102 IX &#8211; PSIHIATRIE ADUL\u021aI<\/td><td><a href=\"tel:0770 427 251\">0770 427 251<\/a><\/td><\/tr><tr><td>SEC\u021aIA X &#8211; PSIHIATRIE ADUL\u021aI<\/td><td><a href=\"tel:0770 427 976\">0770 427 976<\/a><\/td><\/tr><tr><td>SEC\u021aIA XI &#8211; PSIHIATRIE ADUL\u021aI<\/td><td><a href=\"tel:0770 415 500\">0770 415 500<\/a><\/td><\/tr><tr><td>SEC\u021aIA XII &#8211; PSIHIATRIE ADUL\u021aI<\/td><td><a href=\"tel:0770 413 583\">0770 413 583<\/a><\/td><\/tr><tr><td>SEC\u021aIA XIII &#8211; PSIHIATRIE ADUL\u021aI<\/td><td><a href=\"tel:0770 429 457\">0770 429 457<\/a><\/td><\/tr><tr><td>SEC\u021aIA XIV &#8211; PSIHIATRIE ADUL\u021aI<\/td><td><a href=\"tel:0770 417 594\">0770 417 594<\/a><\/td><\/tr><tr><td>SEC\u021aIA XV- PSIHIATRIE ADUL\u021aI<\/td><td><a href=\"tel:0770 420 108\">0770 420 108<\/a><\/td><\/tr><tr><td>SEC\u021aIA XVI &#8211; PSIHIATRIE ADUL\u021aI<\/td><td><a href=\"tel:0770 419 185\">0770 419 185<\/a><\/td><\/tr><tr><td>SEC\u021aIA XVII &#8211; PSIHIATRIE ADUL\u021aI<\/td><td><a href=\"tel:0770 421 998\">0770 421 998<\/a><\/td><\/tr><tr><td>CSM &#8211; Str. Arge\u0219elul nr. 8 &#8211; Consulta\u021bii psihiatrie adul\u021bi<\/td><td><a href=\"tel:021 450 2102\">021 450 2102<br><\/a><a href=\"tel:0770 428 837\">0770 428 837<\/a><\/td><\/tr><\/tbody><\/table><\/figure>\n","protected":false},"excerpt":{"rendered":"<p>Spitalul Clinic de Psihiatrie \u201eProf. Dr. Al. Obregia\u201d Bucure\u0219ti deruleaz\u0103 Subprogramul Na\u021bional de Tratament al bolnavilor cu tulburare depresiv\u0103 major\u0103, decontat de Casa Na\u021bional\u0103 de Asigur\u0103ri de S\u0103n\u0103tate, conform HG nr. 423\/2022 privind aprobarea programelor na\u0163ionale de s\u0103n\u0103tate, cu modific\u0103rile \u0219i complet\u0103rile ulterioare. Spravato (esketaminum) este indicat \u00een asociere cu un SSRI (Sertralina, Citalopram, Escitalopram, [&hellip;]<\/p>\n","protected":false},"author":2,"featured_media":0,"parent":0,"menu_order":0,"comment_status":"closed","ping_status":"closed","template":"","meta":{"_lmt_disableupdate":"","_lmt_disable":"yes","footnotes":""},"class_list":["post-6410","page","type-page","status-publish","hentry"],"blocksy_meta":[],"featured_image_src":null,"jetpack_sharing_enabled":true,"_links":{"self":[{"href":"https:\/\/spital-obregia.ro\/arhiva\/wp-json\/wp\/v2\/pages\/6410","targetHints":{"allow":["GET"]}}],"collection":[{"href":"https:\/\/spital-obregia.ro\/arhiva\/wp-json\/wp\/v2\/pages"}],"about":[{"href":"https:\/\/spital-obregia.ro\/arhiva\/wp-json\/wp\/v2\/types\/page"}],"author":[{"embeddable":true,"href":"https:\/\/spital-obregia.ro\/arhiva\/wp-json\/wp\/v2\/users\/2"}],"replies":[{"embeddable":true,"href":"https:\/\/spital-obregia.ro\/arhiva\/wp-json\/wp\/v2\/comments?post=6410"}],"version-history":[{"count":0,"href":"https:\/\/spital-obregia.ro\/arhiva\/wp-json\/wp\/v2\/pages\/6410\/revisions"}],"wp:attachment":[{"href":"https:\/\/spital-obregia.ro\/arhiva\/wp-json\/wp\/v2\/media?parent=6410"}],"curies":[{"name":"wp","href":"https:\/\/api.w.org\/{rel}","templated":true}]}}