{"id":5402,"date":"2022-07-10T15:13:00","date_gmt":"2022-07-10T12:13:00","guid":{"rendered":"https:\/\/spital-obregia.ro\/?page_id=5402"},"modified":"2024-02-05T11:04:37","modified_gmt":"2024-02-05T09:04:37","slug":"interviuri-de-specialitate-cu-medici-ai-spitalului-neurologie-pediatrica","status":"publish","type":"page","link":"https:\/\/spital-obregia.ro\/arhiva\/interviuri-de-specialitate-cu-medici-ai-spitalului-neurologie-pediatrica\/","title":{"rendered":"Interviuri de specialitate cu medici ai spitalului"},"content":{"rendered":"\n<div class=\"wp-block-group is-nowrap is-layout-flex wp-container-core-group-is-layout-6c531013 wp-block-group-is-layout-flex\">\n<h4 class=\"wp-block-heading\">Specialitatea Neurologie pediatric\u0103<\/h4>\n\n\n\n<div class=\"wp-block-group is-layout-flow wp-block-group-is-layout-flow\"><div class=\"wp-block-ub-content-toggle wp-block-ub-content-toggle-block\" id=\"ub-content-toggle-block-0eefaf3e-b435-4691-bc27-fb9081dce30e\" data-mobilecollapse=\"false\" data-desktopcollapse=\"false\" data-preventcollapse=\"false\" data-showonlyone=\"true\">\n<div class=\"wp-block-ub-content-toggle-accordion\" style=\"border-color: var(--theme-palette-color-8, #ffffff); \" id=\"ub-content-toggle-panel-block-0eefaf3e-b435-4691-bc27-fb9081dce30e\">\n\t\t\t<div class=\"wp-block-ub-content-toggle-accordion-title-wrap\" style=\"background-color: var(--theme-palette-color-8, #ffffff);\" aria-controls=\"ub-content-toggle-panel-0-0eefaf3e-b435-4691-bc27-fb9081dce30e\" tabindex=\"0\">\n\t\t\t<p class=\"wp-block-ub-content-toggle-accordion-title ub-content-toggle-title-0eefaf3e-b435-4691-bc27-fb9081dce30e\" style=\"color: var(--theme-palette-color-3, #653939); \"><strong>Dr. Cristina Mo\u021boescu &#8211; Ce este epilepsia \u0219i cum se manifest\u0103 la copii<\/strong><\/p>\n\t\t\t<div class=\"wp-block-ub-content-toggle-accordion-toggle-wrap right\" style=\"color: #000000;\"><span class=\"wp-block-ub-content-toggle-accordion-state-indicator wp-block-ub-chevron-down\"><\/span><\/div>\n\t\t<\/div>\n\t\t\t<div role=\"region\" aria-expanded=\"false\" class=\"wp-block-ub-content-toggle-accordion-content-wrap ub-hide\" id=\"ub-content-toggle-panel-0-0eefaf3e-b435-4691-bc27-fb9081dce30e\">\n\n<figure class=\"wp-block-embed is-type-video is-provider-youtube wp-block-embed-youtube wp-embed-aspect-16-9 wp-has-aspect-ratio\"><div class=\"wp-block-embed__wrapper\">\n<iframe loading=\"lazy\" title=\"Ce este epilepsia \u0219i cum se manifest\u0103 la copii\" width=\"1750\" height=\"984\" src=\"https:\/\/www.youtube.com\/embed\/fJ7GVTKIJZ0?feature=oembed\" frameborder=\"0\" allow=\"accelerometer; autoplay; clipboard-write; encrypted-media; gyroscope; picture-in-picture; web-share\" allowfullscreen><\/iframe>\n<\/div><\/figure>\n\n<\/div>\n\t\t<\/div>\n\n<div class=\"wp-block-ub-content-toggle-accordion\" style=\"border-color: var(--theme-palette-color-8, #ffffff); \" id=\"ub-content-toggle-panel-block-0eefaf3e-b435-4691-bc27-fb9081dce30e\">\n\t\t\t<div class=\"wp-block-ub-content-toggle-accordion-title-wrap\" style=\"background-color: var(--theme-palette-color-8, #ffffff);\" aria-controls=\"ub-content-toggle-panel-1-0eefaf3e-b435-4691-bc27-fb9081dce30e\" tabindex=\"0\">\n\t\t\t<p class=\"wp-block-ub-content-toggle-accordion-title ub-content-toggle-title-0eefaf3e-b435-4691-bc27-fb9081dce30e\" style=\"color: var(--theme-palette-color-3, #653939); \"><strong>Conf. Dr. Catrinel Iliescu, medic primar neurologie pediatric\u0103<\/strong><\/p>\n\t\t\t<div class=\"wp-block-ub-content-toggle-accordion-toggle-wrap right\" style=\"color: #000000;\"><span class=\"wp-block-ub-content-toggle-accordion-state-indicator wp-block-ub-chevron-down\"><\/span><\/div>\n\t\t<\/div>\n\t\t\t<div role=\"region\" aria-expanded=\"false\" class=\"wp-block-ub-content-toggle-accordion-content-wrap ub-hide\" id=\"ub-content-toggle-panel-1-0eefaf3e-b435-4691-bc27-fb9081dce30e\">\n\n<figure class=\"wp-block-embed is-type-video is-provider-youtube wp-block-embed-youtube wp-embed-aspect-16-9 wp-has-aspect-ratio\"><div class=\"wp-block-embed__wrapper\">\n<iframe loading=\"lazy\" title=\"Catrinel Iliescu, medic primar neurologie pediatric\u0103\" width=\"1750\" height=\"984\" src=\"https:\/\/www.youtube.com\/embed\/KF92UWnQJK8?feature=oembed\" frameborder=\"0\" allow=\"accelerometer; autoplay; clipboard-write; encrypted-media; gyroscope; picture-in-picture; web-share\" allowfullscreen><\/iframe>\n<\/div><\/figure>\n\n<\/div>\n\t\t<\/div>\n\n<div class=\"wp-block-ub-content-toggle-accordion\" style=\"border-color: var(--theme-palette-color-8, #ffffff); \" id=\"ub-content-toggle-panel-block-0eefaf3e-b435-4691-bc27-fb9081dce30e\">\n\t\t\t<div class=\"wp-block-ub-content-toggle-accordion-title-wrap\" style=\"background-color: var(--theme-palette-color-8, #ffffff);\" aria-controls=\"ub-content-toggle-panel-2-0eefaf3e-b435-4691-bc27-fb9081dce30e\" tabindex=\"0\">\n\t\t\t<p class=\"wp-block-ub-content-toggle-accordion-title ub-content-toggle-title-0eefaf3e-b435-4691-bc27-fb9081dce30e\" style=\"color: var(--theme-palette-color-3, #653939); \"><strong><strong>Conf. Dr. Catrinel Iliescu, medic primar neurologie pediatric\u0103, vorbe\u0219te despre cefalee la copii<\/strong><\/strong><\/p>\n\t\t\t<div class=\"wp-block-ub-content-toggle-accordion-toggle-wrap right\" style=\"color: #000000;\"><span class=\"wp-block-ub-content-toggle-accordion-state-indicator wp-block-ub-chevron-down\"><\/span><\/div>\n\t\t<\/div>\n\t\t\t<div role=\"region\" aria-expanded=\"false\" class=\"wp-block-ub-content-toggle-accordion-content-wrap ub-hide\" id=\"ub-content-toggle-panel-2-0eefaf3e-b435-4691-bc27-fb9081dce30e\">\n\n<figure class=\"wp-block-embed is-type-video is-provider-youtube wp-block-embed-youtube wp-embed-aspect-16-9 wp-has-aspect-ratio\"><div class=\"wp-block-embed__wrapper\">\n<iframe loading=\"lazy\" title=\"SANATATEA TVDr  Catrinel Iliescu, medic primar neurologie pediatric\u0103, vorbe\u0219te despre cefalee la cop\" width=\"1750\" height=\"984\" src=\"https:\/\/www.youtube.com\/embed\/plA4WxMEX9U?start=7&amp;feature=oembed\" frameborder=\"0\" allow=\"accelerometer; autoplay; clipboard-write; encrypted-media; gyroscope; picture-in-picture; web-share\" allowfullscreen><\/iframe>\n<\/div><\/figure>\n\n<\/div>\n\t\t<\/div>\n\n<div class=\"wp-block-ub-content-toggle-accordion\" style=\"border-color: var(--theme-palette-color-8, #ffffff); \" id=\"ub-content-toggle-panel-block-0eefaf3e-b435-4691-bc27-fb9081dce30e\">\n\t\t\t<div class=\"wp-block-ub-content-toggle-accordion-title-wrap\" style=\"background-color: var(--theme-palette-color-8, #ffffff);\" aria-controls=\"ub-content-toggle-panel-3-0eefaf3e-b435-4691-bc27-fb9081dce30e\" tabindex=\"0\">\n\t\t\t<p class=\"wp-block-ub-content-toggle-accordion-title ub-content-toggle-title-0eefaf3e-b435-4691-bc27-fb9081dce30e\" style=\"color: var(--theme-palette-color-3, #653939); \"><strong><strong><strong>Prof. Dr. Dana Craiu, medic primar neurologie pediatric\u0103, despre prima criz\u0103 epileptic\u0103 la copil<\/strong><\/strong><\/strong><\/p>\n\t\t\t<div class=\"wp-block-ub-content-toggle-accordion-toggle-wrap right\" style=\"color: #000000;\"><span class=\"wp-block-ub-content-toggle-accordion-state-indicator wp-block-ub-chevron-down\"><\/span><\/div>\n\t\t<\/div>\n\t\t\t<div role=\"region\" aria-expanded=\"false\" class=\"wp-block-ub-content-toggle-accordion-content-wrap ub-hide\" id=\"ub-content-toggle-panel-3-0eefaf3e-b435-4691-bc27-fb9081dce30e\">\n\n<figure class=\"wp-block-embed is-type-video is-provider-youtube wp-block-embed-youtube wp-embed-aspect-16-9 wp-has-aspect-ratio\"><div class=\"wp-block-embed__wrapper\">\n<iframe loading=\"lazy\" title=\"SANATATEA TV Prof  dr  Dana Craiu vorbe\u0219te despre prima criz\u0103 epileptic\u0103 la copil\" width=\"1750\" height=\"984\" src=\"https:\/\/www.youtube.com\/embed\/p8dLlBcTAjo?feature=oembed\" frameborder=\"0\" allow=\"accelerometer; autoplay; clipboard-write; encrypted-media; gyroscope; picture-in-picture; web-share\" allowfullscreen><\/iframe>\n<\/div><\/figure>\n\n<\/div>\n\t\t<\/div>\n\n<div class=\"wp-block-ub-content-toggle-accordion\" style=\"border-color: var(--theme-palette-color-8, #ffffff); \" id=\"ub-content-toggle-panel-block-0eefaf3e-b435-4691-bc27-fb9081dce30e\">\n\t\t\t<div class=\"wp-block-ub-content-toggle-accordion-title-wrap\" style=\"background-color: var(--theme-palette-color-8, #ffffff);\" aria-controls=\"ub-content-toggle-panel-4-0eefaf3e-b435-4691-bc27-fb9081dce30e\" tabindex=\"0\">\n\t\t\t<p class=\"wp-block-ub-content-toggle-accordion-title ub-content-toggle-title-0eefaf3e-b435-4691-bc27-fb9081dce30e\" style=\"color: var(--theme-palette-color-3, #653939); \"><strong>Dr. Carmen Burloiu, Pre\u0219edintele Societ\u0103\u021bii Rom\u00e2ne de Neurologie Pediatric\u0103<\/strong><\/p>\n\t\t\t<div class=\"wp-block-ub-content-toggle-accordion-toggle-wrap right\" style=\"color: #000000;\"><span class=\"wp-block-ub-content-toggle-accordion-state-indicator wp-block-ub-chevron-down\"><\/span><\/div>\n\t\t<\/div>\n\t\t\t<div role=\"region\" aria-expanded=\"false\" class=\"wp-block-ub-content-toggle-accordion-content-wrap ub-hide\" id=\"ub-content-toggle-panel-4-0eefaf3e-b435-4691-bc27-fb9081dce30e\">\n\n<figure class=\"wp-block-embed is-type-video is-provider-youtube wp-block-embed-youtube wp-embed-aspect-16-9 wp-has-aspect-ratio\"><div class=\"wp-block-embed__wrapper\">\n <iframe loading=\"lazy\" title=\"Dr. Carmen Burloiu,  Pre\u0219edintele Societ\u0103\u021bii Rom\u00e2ne de Neurologie Pediatric\u0103\" width=\"1750\" height=\"984\" src=\"https:\/\/www.youtube.com\/embed\/zkxDYjbo-0w?start=2&amp;feature=oembed\" frameborder=\"0\" allow=\"accelerometer; autoplay; clipboard-write; encrypted-media; gyroscope; picture-in-picture; web-share\" allowfullscreen><\/iframe>\n<\/div><\/figure>\n\n<\/div>\n\t\t<\/div>\n\n<div class=\"wp-block-ub-content-toggle-accordion\" style=\"border-color: var(--theme-palette-color-8, #ffffff); \" id=\"ub-content-toggle-panel-block-0eefaf3e-b435-4691-bc27-fb9081dce30e\">\n\t\t\t<div class=\"wp-block-ub-content-toggle-accordion-title-wrap\" style=\"background-color: var(--theme-palette-color-8, #ffffff);\" aria-controls=\"ub-content-toggle-panel-5-0eefaf3e-b435-4691-bc27-fb9081dce30e\" tabindex=\"0\">\n\t\t\t<p class=\"wp-block-ub-content-toggle-accordion-title ub-content-toggle-title-0eefaf3e-b435-4691-bc27-fb9081dce30e\" style=\"color: var(--theme-palette-color-3, #653939); \"><strong>Dr. Cristina Motoescu, medic primar neurologie pediatrica<\/strong><\/p>\n\t\t\t<div class=\"wp-block-ub-content-toggle-accordion-toggle-wrap right\" style=\"color: #000000;\"><span class=\"wp-block-ub-content-toggle-accordion-state-indicator wp-block-ub-chevron-down\"><\/span><\/div>\n\t\t<\/div>\n\t\t\t<div role=\"region\" aria-expanded=\"false\" class=\"wp-block-ub-content-toggle-accordion-content-wrap ub-hide\" id=\"ub-content-toggle-panel-5-0eefaf3e-b435-4691-bc27-fb9081dce30e\">\n\n<figure class=\"wp-block-embed is-type-video is-provider-youtube wp-block-embed-youtube wp-embed-aspect-16-9 wp-has-aspect-ratio\"><div class=\"wp-block-embed__wrapper\">\n<iframe loading=\"lazy\" title=\"Interviu cu dr. Cristina Motoescu, medic primar neurologie pediatrica\" width=\"1750\" height=\"984\" src=\"https:\/\/www.youtube.com\/embed\/OnZvLSE8nP0?feature=oembed\" frameborder=\"0\" allow=\"accelerometer; autoplay; clipboard-write; encrypted-media; gyroscope; picture-in-picture; web-share\" allowfullscreen><\/iframe>\n<\/div><\/figure>\n\n<\/div>\n\t\t<\/div>\n<\/div><\/div>\n<\/div>\n","protected":false},"excerpt":{"rendered":"<p>Specialitatea Neurologie pediatric\u0103<\/p>\n","protected":false},"author":2,"featured_media":0,"parent":0,"menu_order":0,"comment_status":"closed","ping_status":"closed","template":"","meta":{"_lmt_disableupdate":"","_lmt_disable":"yes","footnotes":""},"class_list":["post-5402","page","type-page","status-publish","hentry"],"blocksy_meta":{"styles_descriptor":{"styles":{"desktop":"","tablet":"","mobile":""},"google_fonts":[],"version":6}},"featured_image_src":null,"jetpack_sharing_enabled":true,"_links":{"self":[{"href":"https:\/\/spital-obregia.ro\/arhiva\/wp-json\/wp\/v2\/pages\/5402","targetHints":{"allow":["GET"]}}],"collection":[{"href":"https:\/\/spital-obregia.ro\/arhiva\/wp-json\/wp\/v2\/pages"}],"about":[{"href":"https:\/\/spital-obregia.ro\/arhiva\/wp-json\/wp\/v2\/types\/page"}],"author":[{"embeddable":true,"href":"https:\/\/spital-obregia.ro\/arhiva\/wp-json\/wp\/v2\/users\/2"}],"replies":[{"embeddable":true,"href":"https:\/\/spital-obregia.ro\/arhiva\/wp-json\/wp\/v2\/comments?post=5402"}],"version-history":[{"count":0,"href":"https:\/\/spital-obregia.ro\/arhiva\/wp-json\/wp\/v2\/pages\/5402\/revisions"}],"wp:attachment":[{"href":"https:\/\/spital-obregia.ro\/arhiva\/wp-json\/wp\/v2\/media?parent=5402"}],"curies":[{"name":"wp","href":"https:\/\/api.w.org\/{rel}","templated":true}]}}