{"id":5400,"date":"2022-07-10T14:11:00","date_gmt":"2022-07-10T11:11:00","guid":{"rendered":"https:\/\/spital-obregia.ro\/?page_id=5400"},"modified":"2022-08-21T22:04:02","modified_gmt":"2022-08-21T19:04:02","slug":"interviuri-de-specialitate-cu-medici-ai-spitalului-psihiatrie","status":"publish","type":"page","link":"https:\/\/spital-obregia.ro\/arhiva\/interviuri-de-specialitate-cu-medici-ai-spitalului-psihiatrie\/","title":{"rendered":"Interviuri de specialitate cu medici ai spitalului"},"content":{"rendered":"\n<div class=\"wp-block-group is-nowrap is-layout-flex wp-container-core-group-is-layout-6c531013 wp-block-group-is-layout-flex\">\n<h4 class=\"wp-block-heading\">Specialitatea Psihiatrie<\/h4>\n\n\n\n<div class=\"wp-block-group is-layout-flow wp-block-group-is-layout-flow\"><div class=\"wp-block-ub-content-toggle wp-block-ub-content-toggle-block\" id=\"ub-content-toggle-block-4b479d93-f951-4190-82ef-fb9a689b5c2c\" data-mobilecollapse=\"false\" data-desktopcollapse=\"false\" data-preventcollapse=\"false\" data-showonlyone=\"true\">\n<div class=\"wp-block-ub-content-toggle-accordion\" style=\"border-color: var(--theme-palette-color-8, #ffffff); \" id=\"ub-content-toggle-panel-block-\">\n\t\t\t<div class=\"wp-block-ub-content-toggle-accordion-title-wrap\" style=\"background-color: var(--theme-palette-color-8, #ffffff);\" aria-controls=\"ub-content-toggle-panel-0-4b479d93-f951-4190-82ef-fb9a689b5c2c\" tabindex=\"0\">\n\t\t\t<p class=\"wp-block-ub-content-toggle-accordion-title ub-content-toggle-title-4b479d93-f951-4190-82ef-fb9a689b5c2c\" style=\"color: var(--theme-palette-color-3, #653939); \"><strong>\u0218ef lucr\u0103ri Dr. Eduard MO\u021aOESCU, medic primar, vorbe\u0219te despre depresie<\/strong><\/p>\n\t\t\t<div class=\"wp-block-ub-content-toggle-accordion-toggle-wrap right\" style=\"color: #000000;\"><span class=\"wp-block-ub-content-toggle-accordion-state-indicator wp-block-ub-chevron-down\"><\/span><\/div>\n\t\t<\/div>\n\t\t\t<div role=\"region\" aria-expanded=\"false\" class=\"wp-block-ub-content-toggle-accordion-content-wrap ub-hide\" id=\"ub-content-toggle-panel-0-4b479d93-f951-4190-82ef-fb9a689b5c2c\">\n\n<figure class=\"wp-block-embed is-type-video is-provider-youtube wp-block-embed-youtube wp-embed-aspect-16-9 wp-has-aspect-ratio\"><div class=\"wp-block-embed__wrapper\">\n<iframe loading=\"lazy\" title=\"Pre\u021buie\u0219te S\u0103n\u0103tatea. Depresia (07 02 2020)\" width=\"1750\" height=\"984\" src=\"https:\/\/www.youtube.com\/embed\/5x7-1btsayg?feature=oembed\" frameborder=\"0\" allow=\"accelerometer; autoplay; clipboard-write; encrypted-media; gyroscope; picture-in-picture\" allowfullscreen><\/iframe>\n<\/div><\/figure>\n\n<\/div>\n\t\t<\/div>\n\n<div class=\"wp-block-ub-content-toggle-accordion\" style=\"border-color: var(--theme-palette-color-8, #ffffff); \" id=\"ub-content-toggle-panel-block-\">\n\t\t\t<div class=\"wp-block-ub-content-toggle-accordion-title-wrap\" style=\"background-color: var(--theme-palette-color-8, #ffffff);\" aria-controls=\"ub-content-toggle-panel-1-4b479d93-f951-4190-82ef-fb9a689b5c2c\" tabindex=\"0\">\n\t\t\t<p class=\"wp-block-ub-content-toggle-accordion-title ub-content-toggle-title-4b479d93-f951-4190-82ef-fb9a689b5c2c\" style=\"color: var(--theme-palette-color-3, #653939); \"><strong><strong>Prof. Dr. Mirela MANEA, medic primar psihiatru, vorbe\u0219te despre psihiatrie \u0219i protocoale medicale<\/strong><\/strong><\/p>\n\t\t\t<div class=\"wp-block-ub-content-toggle-accordion-toggle-wrap right\" style=\"color: #000000;\"><span class=\"wp-block-ub-content-toggle-accordion-state-indicator wp-block-ub-chevron-down\"><\/span><\/div>\n\t\t<\/div>\n\t\t\t<div role=\"region\" aria-expanded=\"false\" class=\"wp-block-ub-content-toggle-accordion-content-wrap ub-hide\" id=\"ub-content-toggle-panel-1-4b479d93-f951-4190-82ef-fb9a689b5c2c\">\n\n<figure class=\"wp-block-embed is-type-video is-provider-youtube wp-block-embed-youtube wp-embed-aspect-16-9 wp-has-aspect-ratio\"><div class=\"wp-block-embed__wrapper\">\n<iframe loading=\"lazy\" title=\"Prof. univ. dr. Mirela Manea\" width=\"1750\" height=\"984\" src=\"https:\/\/www.youtube.com\/embed\/l7vMAjv7mlQ?feature=oembed\" frameborder=\"0\" allow=\"accelerometer; autoplay; clipboard-write; encrypted-media; gyroscope; picture-in-picture\" allowfullscreen><\/iframe>\n<\/div><\/figure>\n\n<\/div>\n\t\t<\/div>\n\n<div class=\"wp-block-ub-content-toggle-accordion\" style=\"border-color: var(--theme-palette-color-8, #ffffff); \" id=\"ub-content-toggle-panel-block-\">\n\t\t\t<div class=\"wp-block-ub-content-toggle-accordion-title-wrap\" style=\"background-color: var(--theme-palette-color-8, #ffffff);\" aria-controls=\"ub-content-toggle-panel-2-4b479d93-f951-4190-82ef-fb9a689b5c2c\" tabindex=\"0\">\n\t\t\t<p class=\"wp-block-ub-content-toggle-accordion-title ub-content-toggle-title-4b479d93-f951-4190-82ef-fb9a689b5c2c\" style=\"color: var(--theme-palette-color-3, #653939); \"><strong><strong><strong>Prof. Dr. C\u0103t\u0103lina TUDOSE, medic primar psihiatru, vorbe\u0219te despre boala Alzheimer<\/strong><\/strong><\/strong><\/p>\n\t\t\t<div class=\"wp-block-ub-content-toggle-accordion-toggle-wrap right\" style=\"color: #000000;\"><span class=\"wp-block-ub-content-toggle-accordion-state-indicator wp-block-ub-chevron-down\"><\/span><\/div>\n\t\t<\/div>\n\t\t\t<div role=\"region\" aria-expanded=\"false\" class=\"wp-block-ub-content-toggle-accordion-content-wrap ub-hide\" id=\"ub-content-toggle-panel-2-4b479d93-f951-4190-82ef-fb9a689b5c2c\">\n\n<figure class=\"wp-block-embed is-type-video is-provider-youtube wp-block-embed-youtube wp-embed-aspect-16-9 wp-has-aspect-ratio\"><div class=\"wp-block-embed__wrapper\">\n<iframe loading=\"lazy\" title=\"Prof. Dr. C\u0103t\u0103lina Tudose, de la Spitalul Obregia, interviu\" width=\"1750\" height=\"984\" src=\"https:\/\/www.youtube.com\/embed\/3pyEAVYfV50?feature=oembed\" frameborder=\"0\" allow=\"accelerometer; autoplay; clipboard-write; encrypted-media; gyroscope; picture-in-picture\" allowfullscreen><\/iframe>\n<\/div><\/figure>\n\n<\/div>\n\t\t<\/div>\n\n<div class=\"wp-block-ub-content-toggle-accordion\" style=\"border-color: var(--theme-palette-color-8, #ffffff); \" id=\"ub-content-toggle-panel-block-\">\n\t\t\t<div class=\"wp-block-ub-content-toggle-accordion-title-wrap\" style=\"background-color: var(--theme-palette-color-8, #ffffff);\" aria-controls=\"ub-content-toggle-panel-3-4b479d93-f951-4190-82ef-fb9a689b5c2c\" tabindex=\"0\">\n\t\t\t<p class=\"wp-block-ub-content-toggle-accordion-title ub-content-toggle-title-4b479d93-f951-4190-82ef-fb9a689b5c2c\" style=\"color: var(--theme-palette-color-3, #653939); \"><strong>Dr. Sorin PLETEA, medic primar psihiatru, vorbe\u0219te despre depresie<\/strong><\/p>\n\t\t\t<div class=\"wp-block-ub-content-toggle-accordion-toggle-wrap right\" style=\"color: #000000;\"><span class=\"wp-block-ub-content-toggle-accordion-state-indicator wp-block-ub-chevron-down\"><\/span><\/div>\n\t\t<\/div>\n\t\t\t<div role=\"region\" aria-expanded=\"false\" class=\"wp-block-ub-content-toggle-accordion-content-wrap ub-hide\" id=\"ub-content-toggle-panel-3-4b479d93-f951-4190-82ef-fb9a689b5c2c\">\n\n<figure class=\"wp-block-embed is-type-video is-provider-youtube wp-block-embed-youtube wp-embed-aspect-16-9 wp-has-aspect-ratio\"><div class=\"wp-block-embed__wrapper\">\n<iframe loading=\"lazy\" title=\"Depresia, dialog cu dr  Sorin Pletea, psihiatru\" width=\"1750\" height=\"984\" src=\"https:\/\/www.youtube.com\/embed\/3tKXDxHzOH8?feature=oembed\" frameborder=\"0\" allow=\"accelerometer; autoplay; clipboard-write; encrypted-media; gyroscope; picture-in-picture\" allowfullscreen><\/iframe>\n<\/div><\/figure>\n\n<\/div>\n\t\t<\/div>\n\n<div class=\"wp-block-ub-content-toggle-accordion\" style=\"border-color: var(--theme-palette-color-8, #ffffff); \" id=\"ub-content-toggle-panel-block-\">\n\t\t\t<div class=\"wp-block-ub-content-toggle-accordion-title-wrap\" style=\"background-color: var(--theme-palette-color-8, #ffffff);\" aria-controls=\"ub-content-toggle-panel-4-4b479d93-f951-4190-82ef-fb9a689b5c2c\" tabindex=\"0\">\n\t\t\t<p class=\"wp-block-ub-content-toggle-accordion-title ub-content-toggle-title-4b479d93-f951-4190-82ef-fb9a689b5c2c\" style=\"color: var(--theme-palette-color-3, #653939); \"><strong>Dr. Florin ENE, medic primar psihiatre, vorbe\u0219te despre alcoolism<\/strong><\/p>\n\t\t\t<div class=\"wp-block-ub-content-toggle-accordion-toggle-wrap right\" style=\"color: #000000;\"><span class=\"wp-block-ub-content-toggle-accordion-state-indicator wp-block-ub-chevron-down\"><\/span><\/div>\n\t\t<\/div>\n\t\t\t<div role=\"region\" aria-expanded=\"false\" class=\"wp-block-ub-content-toggle-accordion-content-wrap ub-hide\" id=\"ub-content-toggle-panel-4-4b479d93-f951-4190-82ef-fb9a689b5c2c\">\n\n<figure class=\"wp-block-embed is-type-video is-provider-youtube wp-block-embed-youtube wp-embed-aspect-16-9 wp-has-aspect-ratio\"><div class=\"wp-block-embed__wrapper\">\n<iframe loading=\"lazy\" title='LIVE la \"Interviurile Libertatea\". Medicul psihiatru Florin Ene vorbe\u015fte despre alcoolism.' width=\"1750\" height=\"984\" src=\"https:\/\/www.youtube.com\/embed\/SVyVH1H7Jk8?feature=oembed\" frameborder=\"0\" allow=\"accelerometer; autoplay; clipboard-write; encrypted-media; gyroscope; picture-in-picture\" allowfullscreen interviurile libertatea medicul psihiatru florin ene vorbe despre alcoolism.><\/iframe>\n<\/div><\/figure>\n\n<\/div>\n\t\t<\/div>\n\n<div class=\"wp-block-ub-content-toggle-accordion\" style=\"border-color: var(--theme-palette-color-8, #ffffff); \" id=\"ub-content-toggle-panel-block-\">\n\t\t\t<div class=\"wp-block-ub-content-toggle-accordion-title-wrap\" style=\"background-color: var(--theme-palette-color-8, #ffffff);\" aria-controls=\"ub-content-toggle-panel-5-4b479d93-f951-4190-82ef-fb9a689b5c2c\" tabindex=\"0\">\n\t\t\t<p class=\"wp-block-ub-content-toggle-accordion-title ub-content-toggle-title-4b479d93-f951-4190-82ef-fb9a689b5c2c\" style=\"color: var(--theme-palette-color-3, #653939); \"><strong>\u0218ef lucr\u0103ri Dr. Bogdan PATRICHI, medic primar psihiatru, vorbe\u0219te despre tulburarea afectiv\u0103 bipolar\u0103<\/strong><\/p>\n\t\t\t<div class=\"wp-block-ub-content-toggle-accordion-toggle-wrap right\" style=\"color: #000000;\"><span class=\"wp-block-ub-content-toggle-accordion-state-indicator wp-block-ub-chevron-down\"><\/span><\/div>\n\t\t<\/div>\n\t\t\t<div role=\"region\" aria-expanded=\"false\" class=\"wp-block-ub-content-toggle-accordion-content-wrap ub-hide\" id=\"ub-content-toggle-panel-5-4b479d93-f951-4190-82ef-fb9a689b5c2c\">\n\n<figure class=\"wp-block-embed is-type-video is-provider-youtube wp-block-embed-youtube wp-embed-aspect-16-9 wp-has-aspect-ratio\"><div class=\"wp-block-embed__wrapper\">\n<iframe loading=\"lazy\" title=\"Pre\u021buie\u0219te S\u0103n\u0103tatea. Tulburarea afectiv\u0103 bipolar\u0103 (08 07 2022)\" width=\"1750\" height=\"984\" src=\"https:\/\/www.youtube.com\/embed\/3siQ7POOnFY?feature=oembed\" frameborder=\"0\" allow=\"accelerometer; autoplay; clipboard-write; encrypted-media; gyroscope; picture-in-picture\" allowfullscreen><\/iframe>\n<\/div><\/figure>\n\n<\/div>\n\t\t<\/div>\n\n<div class=\"wp-block-ub-content-toggle-accordion\" style=\"border-color: var(--theme-palette-color-8, #ffffff); \" id=\"ub-content-toggle-panel-block-\">\n\t\t\t<div class=\"wp-block-ub-content-toggle-accordion-title-wrap\" style=\"background-color: var(--theme-palette-color-8, #ffffff);\" aria-controls=\"ub-content-toggle-panel-6-4b479d93-f951-4190-82ef-fb9a689b5c2c\" tabindex=\"0\">\n\t\t\t<p class=\"wp-block-ub-content-toggle-accordion-title ub-content-toggle-title-4b479d93-f951-4190-82ef-fb9a689b5c2c\" style=\"color: var(--theme-palette-color-3, #653939); \"><strong>Prof. Univ. Dr. Dan Prelipceanu, medic primar psihiatru, vorbe\u0219te despre tulbur\u0103rile psihice<\/strong><\/p>\n\t\t\t<div class=\"wp-block-ub-content-toggle-accordion-toggle-wrap right\" style=\"color: #000000;\"><span class=\"wp-block-ub-content-toggle-accordion-state-indicator wp-block-ub-chevron-down\"><\/span><\/div>\n\t\t<\/div>\n\t\t\t<div role=\"region\" aria-expanded=\"false\" class=\"wp-block-ub-content-toggle-accordion-content-wrap ub-hide\" id=\"ub-content-toggle-panel-6-4b479d93-f951-4190-82ef-fb9a689b5c2c\">\n\n<figure class=\"wp-block-embed is-type-video is-provider-youtube wp-block-embed-youtube wp-embed-aspect-16-9 wp-has-aspect-ratio\"><div class=\"wp-block-embed__wrapper\">\n<iframe loading=\"lazy\" title=\"Pre\u021buie\u0219te s\u0103n\u0103tatea. Tulbur\u0103rile psihice (07 07 2017)\" width=\"1750\" height=\"984\" src=\"https:\/\/www.youtube.com\/embed\/BT_RV7964gs?feature=oembed\" frameborder=\"0\" allow=\"accelerometer; autoplay; clipboard-write; encrypted-media; gyroscope; picture-in-picture\" allowfullscreen><\/iframe>\n<\/div><\/figure>\n\n<\/div>\n\t\t<\/div>\n\n<div class=\"wp-block-ub-content-toggle-accordion\" style=\"border-color: var(--theme-palette-color-8, #ffffff); \" id=\"ub-content-toggle-panel-block-\">\n\t\t\t<div class=\"wp-block-ub-content-toggle-accordion-title-wrap\" style=\"background-color: var(--theme-palette-color-8, #ffffff);\" aria-controls=\"ub-content-toggle-panel-7-4b479d93-f951-4190-82ef-fb9a689b5c2c\" tabindex=\"0\">\n\t\t\t<p class=\"wp-block-ub-content-toggle-accordion-title ub-content-toggle-title-4b479d93-f951-4190-82ef-fb9a689b5c2c\" style=\"color: var(--theme-palette-color-3, #653939); \"><strong>Conf. Univ. Dr. Florina RAD, medic primar psihiatrie pediatric\u0103, vorbe\u0219te despre autismul virtual<\/strong><\/p>\n\t\t\t<div class=\"wp-block-ub-content-toggle-accordion-toggle-wrap right\" style=\"color: #000000;\"><span class=\"wp-block-ub-content-toggle-accordion-state-indicator wp-block-ub-chevron-down\"><\/span><\/div>\n\t\t<\/div>\n\t\t\t<div role=\"region\" aria-expanded=\"false\" class=\"wp-block-ub-content-toggle-accordion-content-wrap ub-hide\" id=\"ub-content-toggle-panel-7-4b479d93-f951-4190-82ef-fb9a689b5c2c\">\n\n<figure class=\"wp-block-embed is-type-video is-provider-youtube wp-block-embed-youtube wp-embed-aspect-16-9 wp-has-aspect-ratio\"><div class=\"wp-block-embed__wrapper\">\n<iframe loading=\"lazy\" title=\"Florina Rad, medic primar \u00een psihiatrie pediatric\u0103. Ce este autismul virtual \u0219i cum se manifest\u0103?\" width=\"1750\" height=\"984\" src=\"https:\/\/www.youtube.com\/embed\/9pFD7NciBJw?feature=oembed\" frameborder=\"0\" allow=\"accelerometer; autoplay; clipboard-write; encrypted-media; gyroscope; picture-in-picture\" allowfullscreen><\/iframe>\n<\/div><\/figure>\n\n<\/div>\n\t\t<\/div>\n<\/div><\/div>\n<\/div>\n","protected":false},"excerpt":{"rendered":"<p>Specialitatea Psihiatrie<\/p>\n","protected":false},"author":2,"featured_media":0,"parent":0,"menu_order":0,"comment_status":"closed","ping_status":"closed","template":"","meta":{"_lmt_disableupdate":"","_lmt_disable":"yes","footnotes":""},"class_list":["post-5400","page","type-page","status-publish","hentry"],"blocksy_meta":{"styles_descriptor":{"styles":{"desktop":"","tablet":"","mobile":""},"google_fonts":[],"version":6}},"featured_image_src":null,"jetpack_sharing_enabled":true,"_links":{"self":[{"href":"https:\/\/spital-obregia.ro\/arhiva\/wp-json\/wp\/v2\/pages\/5400","targetHints":{"allow":["GET"]}}],"collection":[{"href":"https:\/\/spital-obregia.ro\/arhiva\/wp-json\/wp\/v2\/pages"}],"about":[{"href":"https:\/\/spital-obregia.ro\/arhiva\/wp-json\/wp\/v2\/types\/page"}],"author":[{"embeddable":true,"href":"https:\/\/spital-obregia.ro\/arhiva\/wp-json\/wp\/v2\/users\/2"}],"replies":[{"embeddable":true,"href":"https:\/\/spital-obregia.ro\/arhiva\/wp-json\/wp\/v2\/comments?post=5400"}],"version-history":[{"count":0,"href":"https:\/\/spital-obregia.ro\/arhiva\/wp-json\/wp\/v2\/pages\/5400\/revisions"}],"wp:attachment":[{"href":"https:\/\/spital-obregia.ro\/arhiva\/wp-json\/wp\/v2\/media?parent=5400"}],"curies":[{"name":"wp","href":"https:\/\/api.w.org\/{rel}","templated":true}]}}