{"id":5391,"date":"2022-06-24T16:55:00","date_gmt":"2022-06-24T13:55:00","guid":{"rendered":"https:\/\/spital-obregia.ro\/?page_id=5391"},"modified":"2022-08-21T21:00:50","modified_gmt":"2022-08-21T18:00:50","slug":"evidenta-datelor-de-contact-ale-medicilor-din-bucuresti-si-a-serviciilor-medicale-si-conexe","status":"publish","type":"page","link":"https:\/\/spital-obregia.ro\/arhiva\/evidenta-datelor-de-contact-ale-medicilor-din-bucuresti-si-a-serviciilor-medicale-si-conexe\/","title":{"rendered":"Eviden\u021ba datelor de contact ale medicilor din Bucure\u0219ti \u0219i a serviciilor medicale \u0219i conexe"},"content":{"rendered":"\n<ul class=\"wp-block-list\"><li><a href=\"http:\/\/cas.cnas.ro\/casmb\/page\/lista-furnizori-in-contract-spitale.html\" target=\"_blank\" rel=\"noreferrer noopener nofollow\"><strong>Furnizori spitale<\/strong><\/a><\/li><li><strong><a href=\"http:\/\/cas.cnas.ro\/casmb\/page\/lista-furnizori-in-contract-clinic.html\" target=\"_blank\" rel=\"noreferrer noopener nofollow\">Furnizori ambulatorii de specialitate<\/a><\/strong><\/li><li><strong><a href=\"http:\/\/cas.cnas.ro\/casmb\/page\/lista-furnizori-in-contract-paraclinic.html\" target=\"_blank\" rel=\"noreferrer noopener nofollow\">Furnizori servicii medicale paraclinice<\/a><\/strong><\/li><li><a href=\"http:\/\/cas.cnas.ro\/casmb\/page\/lista-cabinete-medicina-de-familie.html\" target=\"_blank\" rel=\"noreferrer noopener nofollow\"><strong>Furnizori medicin\u0103 de familie<\/strong><\/a><\/li><li><a href=\"http:\/\/cas.cnas.ro\/casmb\/page\/lista-furnizori-in-contract-recuperare.html\" target=\"_blank\" rel=\"noreferrer noopener nofollow\"><strong>Furnizori recuperare<\/strong><\/a><\/li><li><strong><a href=\"http:\/\/cas.cnas.ro\/casmb\/page\/lista-furnizori-de-ingrijiri-medicale-la-domiciliu-in-contract.html\" target=\"_blank\" rel=\"noreferrer noopener nofollow\">Furnizori \u00eengrijiri la domiciliu<\/a><\/strong><\/li><li><strong><a href=\"http:\/\/cas.cnas.ro\/casmb\/page\/lista-furnizori-de-ingrijiri-medicale-la-domiciliu-in-contract.html\" target=\"_blank\" rel=\"noreferrer noopener nofollow\">Furnizori consulta\u0163ii de urgen\u0163\u0103 la domiciliu \u015fi activit\u0103\u0163i de transport sanitar neasistat<\/a><\/strong><\/li><\/ul>\n","protected":false},"excerpt":{"rendered":"<p>Furnizori spitale Furnizori ambulatorii de specialitate Furnizori servicii medicale paraclinice Furnizori medicin\u0103 de familie Furnizori recuperare Furnizori \u00eengrijiri la domiciliu Furnizori consulta\u0163ii de urgen\u0163\u0103 la domiciliu \u015fi activit\u0103\u0163i de transport sanitar neasistat<\/p>\n","protected":false},"author":2,"featured_media":0,"parent":0,"menu_order":0,"comment_status":"closed","ping_status":"closed","template":"","meta":{"_lmt_disableupdate":"","_lmt_disable":"yes","footnotes":""},"class_list":["post-5391","page","type-page","status-publish","hentry"],"blocksy_meta":{"styles_descriptor":{"styles":{"desktop":"","tablet":"","mobile":""},"google_fonts":[],"version":6}},"featured_image_src":null,"jetpack_sharing_enabled":true,"_links":{"self":[{"href":"https:\/\/spital-obregia.ro\/arhiva\/wp-json\/wp\/v2\/pages\/5391","targetHints":{"allow":["GET"]}}],"collection":[{"href":"https:\/\/spital-obregia.ro\/arhiva\/wp-json\/wp\/v2\/pages"}],"about":[{"href":"https:\/\/spital-obregia.ro\/arhiva\/wp-json\/wp\/v2\/types\/page"}],"author":[{"embeddable":true,"href":"https:\/\/spital-obregia.ro\/arhiva\/wp-json\/wp\/v2\/users\/2"}],"replies":[{"embeddable":true,"href":"https:\/\/spital-obregia.ro\/arhiva\/wp-json\/wp\/v2\/comments?post=5391"}],"version-history":[{"count":0,"href":"https:\/\/spital-obregia.ro\/arhiva\/wp-json\/wp\/v2\/pages\/5391\/revisions"}],"wp:attachment":[{"href":"https:\/\/spital-obregia.ro\/arhiva\/wp-json\/wp\/v2\/media?parent=5391"}],"curies":[{"name":"wp","href":"https:\/\/api.w.org\/{rel}","templated":true}]}}