{"id":5375,"date":"2022-06-23T20:16:00","date_gmt":"2022-06-23T17:16:00","guid":{"rendered":"https:\/\/spital-obregia.ro\/?page_id=5375"},"modified":"2022-08-21T20:23:19","modified_gmt":"2022-08-21T17:23:19","slug":"informatii-privind-prevenirea-iaam","status":"publish","type":"page","link":"https:\/\/spital-obregia.ro\/arhiva\/informatii-privind-prevenirea-iaam\/","title":{"rendered":"Informa\u021bii privind prevenirea IAAM"},"content":{"rendered":"\n<ul class=\"wp-block-list\"><li><strong><a href=\"https:\/\/www.apci.ro\/wp-content\/uploads\/2021\/03\/recomandari-de-prevenire-a-infectiilor.pdf\" target=\"_blank\" rel=\"noreferrer noopener nofollow\">PRIMUM NON NOCERE &#8211; \u00ceN PRIMUL R\u00c2ND S\u0102 NU FACI R\u0102U &#8211; recomand\u0103ri de prevenire a infec\u0163iilor asociate \u00eengrijirilor medicale<\/a><\/strong><\/li><li><a href=\"https:\/\/www.apci.ro\/wp-content\/uploads\/2021\/03\/practici-de-decontaminare-a-dispozitivelor-medicale.pdf\" target=\"_blank\" rel=\"noreferrer noopener nofollow\"><strong>Manual de Sterilizare &#8211; Practici de decontaminare a dispozitivelor medicale<\/strong><\/a><\/li><li><strong><a href=\"https:\/\/insp.gov.ro\/centrul-national-de-supraveghere-si-control-al-bolilor-transmisibile-cnscbt\/metodologii\/\" target=\"_blank\" rel=\"noreferrer noopener nofollow\">Metodologii INSP<\/a><\/strong><\/li><li><a href=\"https:\/\/www.ms.ro\/buletine-de-presa-covid\/\" target=\"_blank\" rel=\"noreferrer noopener\"><strong>Buletine<\/strong><\/a><a href=\"https:\/\/www.ms.ro\/buletine-de-presa-covid\/\" target=\"_blank\" rel=\"noreferrer noopener nofollow\"><strong> <\/strong><\/a><a href=\"https:\/\/www.ms.ro\/buletine-de-presa-covid\/\" target=\"_blank\" rel=\"noreferrer noopener\"><strong>de pres\u0103 COVID<\/strong><\/a><\/li><\/ul>\n","protected":false},"excerpt":{"rendered":"<p>PRIMUM NON NOCERE &#8211; \u00ceN PRIMUL R\u00c2ND S\u0102 NU FACI R\u0102U &#8211; recomand\u0103ri de prevenire a infec\u0163iilor asociate \u00eengrijirilor medicale Manual de Sterilizare &#8211; Practici de decontaminare a dispozitivelor medicale Metodologii INSP Buletine de pres\u0103 COVID<\/p>\n","protected":false},"author":2,"featured_media":0,"parent":0,"menu_order":0,"comment_status":"closed","ping_status":"closed","template":"","meta":{"_lmt_disableupdate":"","_lmt_disable":"yes","footnotes":""},"class_list":["post-5375","page","type-page","status-publish","hentry"],"blocksy_meta":{"styles_descriptor":{"styles":{"desktop":"","tablet":"","mobile":""},"google_fonts":[],"version":6}},"featured_image_src":null,"jetpack_sharing_enabled":true,"_links":{"self":[{"href":"https:\/\/spital-obregia.ro\/arhiva\/wp-json\/wp\/v2\/pages\/5375","targetHints":{"allow":["GET"]}}],"collection":[{"href":"https:\/\/spital-obregia.ro\/arhiva\/wp-json\/wp\/v2\/pages"}],"about":[{"href":"https:\/\/spital-obregia.ro\/arhiva\/wp-json\/wp\/v2\/types\/page"}],"author":[{"embeddable":true,"href":"https:\/\/spital-obregia.ro\/arhiva\/wp-json\/wp\/v2\/users\/2"}],"replies":[{"embeddable":true,"href":"https:\/\/spital-obregia.ro\/arhiva\/wp-json\/wp\/v2\/comments?post=5375"}],"version-history":[{"count":0,"href":"https:\/\/spital-obregia.ro\/arhiva\/wp-json\/wp\/v2\/pages\/5375\/revisions"}],"wp:attachment":[{"href":"https:\/\/spital-obregia.ro\/arhiva\/wp-json\/wp\/v2\/media?parent=5375"}],"curies":[{"name":"wp","href":"https:\/\/api.w.org\/{rel}","templated":true}]}}