{"id":5178,"date":"2022-07-05T17:43:29","date_gmt":"2022-07-05T14:43:29","guid":{"rendered":"https:\/\/spital-obregia.ro\/?page_id=5178"},"modified":"2024-02-15T11:01:46","modified_gmt":"2024-02-15T09:01:46","slug":"situatia-incidentelor-de-integritate-si-masurile-adoptate-pentru-remedierea-aspectelor-care-au-favorizat-producerea-incidentului","status":"publish","type":"page","link":"https:\/\/spital-obregia.ro\/arhiva\/situatia-incidentelor-de-integritate-si-masurile-adoptate-pentru-remedierea-aspectelor-care-au-favorizat-producerea-incidentului\/","title":{"rendered":"Situa\u0163ia incidentelor de integritate \u015fi m\u0103surile adoptate pentru remedierea aspectelor care au favorizat producerea incidentului"},"content":{"rendered":"\n<ul class=\"wp-block-list\">\n<li><strong><a href=\"#\" rel=\"nofollow\">2023 &#8211; Nu a fost cazul<\/a><\/strong><\/li>\n\n\n\n<li><strong><a href=\"#\" rel=\"nofollow\">2022 &#8211; Nu a fost cazul<\/a><\/strong><\/li>\n\n\n\n<li><strong><a href=\"#\" rel=\"nofollow\">2021 &#8211; Nu a fost cazul<\/a><\/strong><\/li>\n<\/ul>\n","protected":false},"excerpt":{"rendered":"","protected":false},"author":2,"featured_media":0,"parent":0,"menu_order":0,"comment_status":"closed","ping_status":"closed","template":"","meta":{"_lmt_disableupdate":"","_lmt_disable":"","footnotes":""},"class_list":["post-5178","page","type-page","status-publish","hentry"],"blocksy_meta":{"styles_descriptor":{"styles":{"desktop":"","tablet":"","mobile":""},"google_fonts":[],"version":6}},"featured_image_src":null,"jetpack_sharing_enabled":true,"_links":{"self":[{"href":"https:\/\/spital-obregia.ro\/arhiva\/wp-json\/wp\/v2\/pages\/5178","targetHints":{"allow":["GET"]}}],"collection":[{"href":"https:\/\/spital-obregia.ro\/arhiva\/wp-json\/wp\/v2\/pages"}],"about":[{"href":"https:\/\/spital-obregia.ro\/arhiva\/wp-json\/wp\/v2\/types\/page"}],"author":[{"embeddable":true,"href":"https:\/\/spital-obregia.ro\/arhiva\/wp-json\/wp\/v2\/users\/2"}],"replies":[{"embeddable":true,"href":"https:\/\/spital-obregia.ro\/arhiva\/wp-json\/wp\/v2\/comments?post=5178"}],"version-history":[{"count":0,"href":"https:\/\/spital-obregia.ro\/arhiva\/wp-json\/wp\/v2\/pages\/5178\/revisions"}],"wp:attachment":[{"href":"https:\/\/spital-obregia.ro\/arhiva\/wp-json\/wp\/v2\/media?parent=5178"}],"curies":[{"name":"wp","href":"https:\/\/api.w.org\/{rel}","templated":true}]}}