{"id":5176,"date":"2022-07-05T17:43:36","date_gmt":"2022-07-05T14:43:36","guid":{"rendered":"https:\/\/spital-obregia.ro\/?page_id=5176"},"modified":"2024-02-14T21:26:07","modified_gmt":"2024-02-14T19:26:07","slug":"raport-narativ-referitor-la-stadiul-implementarii-masurilor-prevazute-in-sna-si-in-planul-de-integritate-ce-revin-in-sarcina-institutiei","status":"publish","type":"page","link":"https:\/\/spital-obregia.ro\/arhiva\/raport-narativ-referitor-la-stadiul-implementarii-masurilor-prevazute-in-sna-si-in-planul-de-integritate-ce-revin-in-sarcina-institutiei\/","title":{"rendered":"Raport narativ referitor la stadiul implement\u0103rii m\u0103surilor prev\u0103zute \u00een SNA \u015fi \u00een planul de integritate ce revin \u00een sarcina institu\u0163iei"},"content":{"rendered":"\n<div data-wp-interactive=\"core\/file\" class=\"wp-block-file\"><object data-wp-bind--hidden=\"!state.hasPdfPreview\" hidden class=\"wp-block-file__embed\" data=\"https:\/\/spital-obregia.ro\/arhiva\/wp-content\/uploads\/2024\/02\/Raport-narativ.pdf\" type=\"application\/pdf\" style=\"width:100%;height:600px\" aria-label=\"\u00cenglobare PDF\"><\/object><\/div>\n","protected":false},"excerpt":{"rendered":"","protected":false},"author":2,"featured_media":0,"parent":0,"menu_order":0,"comment_status":"closed","ping_status":"closed","template":"","meta":{"_lmt_disableupdate":"","_lmt_disable":"","footnotes":""},"class_list":["post-5176","page","type-page","status-publish","hentry"],"blocksy_meta":{"styles_descriptor":{"styles":{"desktop":"","tablet":"","mobile":""},"google_fonts":[],"version":6}},"featured_image_src":null,"jetpack_sharing_enabled":true,"_links":{"self":[{"href":"https:\/\/spital-obregia.ro\/arhiva\/wp-json\/wp\/v2\/pages\/5176","targetHints":{"allow":["GET"]}}],"collection":[{"href":"https:\/\/spital-obregia.ro\/arhiva\/wp-json\/wp\/v2\/pages"}],"about":[{"href":"https:\/\/spital-obregia.ro\/arhiva\/wp-json\/wp\/v2\/types\/page"}],"author":[{"embeddable":true,"href":"https:\/\/spital-obregia.ro\/arhiva\/wp-json\/wp\/v2\/users\/2"}],"replies":[{"embeddable":true,"href":"https:\/\/spital-obregia.ro\/arhiva\/wp-json\/wp\/v2\/comments?post=5176"}],"version-history":[{"count":0,"href":"https:\/\/spital-obregia.ro\/arhiva\/wp-json\/wp\/v2\/pages\/5176\/revisions"}],"wp:attachment":[{"href":"https:\/\/spital-obregia.ro\/arhiva\/wp-json\/wp\/v2\/media?parent=5176"}],"curies":[{"name":"wp","href":"https:\/\/api.w.org\/{rel}","templated":true}]}}