{"id":5174,"date":"2022-07-05T17:35:11","date_gmt":"2022-07-05T14:35:11","guid":{"rendered":"https:\/\/spital-obregia.ro\/?page_id=5174"},"modified":"2023-03-03T11:53:33","modified_gmt":"2023-03-03T09:53:33","slug":"mecanismul-de-raportare-a-incalcarilor-legii","status":"publish","type":"page","link":"https:\/\/spital-obregia.ro\/arhiva\/mecanismul-de-raportare-a-incalcarilor-legii\/","title":{"rendered":"Mecanismul de raportare a \u00eenc\u0103lc\u0103rilor legii"},"content":{"rendered":"\n<ul class=\"wp-block-list\">\n<li><a href=\"https:\/\/legislatie.just.ro\/Public\/DetaliiDocument\/262872\" target=\"_blank\" rel=\"noreferrer noopener nofollow\"><strong>LEGE nr. 361 din 16 decembrie 2022<\/strong> &#8211; <strong>privind protec\u021bia avertizorilor \u00een interes public<\/strong><\/a><\/li>\n<\/ul>\n","protected":false},"excerpt":{"rendered":"","protected":false},"author":2,"featured_media":0,"parent":0,"menu_order":0,"comment_status":"closed","ping_status":"closed","template":"","meta":{"_lmt_disableupdate":"","_lmt_disable":"","footnotes":""},"class_list":["post-5174","page","type-page","status-publish","hentry"],"blocksy_meta":{"styles_descriptor":{"styles":{"desktop":"","tablet":"","mobile":""},"google_fonts":[],"version":6}},"featured_image_src":null,"jetpack_sharing_enabled":true,"_links":{"self":[{"href":"https:\/\/spital-obregia.ro\/arhiva\/wp-json\/wp\/v2\/pages\/5174","targetHints":{"allow":["GET"]}}],"collection":[{"href":"https:\/\/spital-obregia.ro\/arhiva\/wp-json\/wp\/v2\/pages"}],"about":[{"href":"https:\/\/spital-obregia.ro\/arhiva\/wp-json\/wp\/v2\/types\/page"}],"author":[{"embeddable":true,"href":"https:\/\/spital-obregia.ro\/arhiva\/wp-json\/wp\/v2\/users\/2"}],"replies":[{"embeddable":true,"href":"https:\/\/spital-obregia.ro\/arhiva\/wp-json\/wp\/v2\/comments?post=5174"}],"version-history":[{"count":0,"href":"https:\/\/spital-obregia.ro\/arhiva\/wp-json\/wp\/v2\/pages\/5174\/revisions"}],"wp:attachment":[{"href":"https:\/\/spital-obregia.ro\/arhiva\/wp-json\/wp\/v2\/media?parent=5174"}],"curies":[{"name":"wp","href":"https:\/\/api.w.org\/{rel}","templated":true}]}}