{"id":4681,"date":"2022-03-22T12:52:57","date_gmt":"2022-03-22T10:52:57","guid":{"rendered":"https:\/\/spital-obregia.ro\/?page_id=4681"},"modified":"2022-03-22T12:59:32","modified_gmt":"2022-03-22T10:59:32","slug":"anexa2-1501-2016","status":"publish","type":"page","link":"https:\/\/spital-obregia.ro\/arhiva\/anexa2-1501-2016\/","title":{"rendered":"Anexa nr. 2 la O.M.S. nr. 1.501 \/ 2016"},"content":{"rendered":"\n<p>privind aprobarea implement\u0103rii mecanismului de feedback al pacientului \u00een spitalele publice<\/p>\n\n\n\n<p class=\"has-text-align-center\"><strong>NOT\u0102 DE INFORMARE<\/strong> <strong>privind protec\u0163ia datelor cu caracter personal<\/strong><\/p>\n\n\n\n<p>Datele cu caracter personal sunt informa\u0163iile care fie v\u0103 identific\u0103, fie permit s\u0103 fi\u0163i identificat. Aceast\u0103 not\u0103 de informare privind protec\u0163ia datelor cu caracter personal este redactat\u0103 \u00een conformitate cu Regulamentul (UE) 2016\/679 al Parlamentului European \u015fi al Consiliului din 27 aprilie 2016 privind protec\u0163ia persoanelor fizice \u00een ceea ce prive\u015fte prelucrarea datelor cu caracter personal \u015fi privind libera circula\u0163ie a acestor date \u015fi de abrogare a Directivei 95\/46\/CE (Regulamentul general privind protec\u0163ia datelor), precum \u015fi legisla\u0163ia actual\u0103*), \u00een scopul de a v\u0103 furniza informa\u0163ii cu privire la modul \u00een care datele dumneavoastr\u0103 cu caracter personal sunt prelucrate.*) Legea nr. 190\/2018 privind m\u0103suri de punere \u00een aplicare a Regulamentului (UE) 2016\/679 al Parlamentului European \u015fi al Consiliului din 27 aprilie 2016 privind protec\u0163ia persoanelor fizice \u00een ceea ce prive\u015fte prelucrarea datelor cu caracter personal \u015fi privind libera circula\u0163ie a acestor date \u015fi de abrogare a Directivei 95\/46\/CE (Regulamentul general privind protec\u0163ia datelor), cu modific\u0103rile ulterioare.Legea nr. 363\/2018 privind protec\u0163ia persoanelor fizice referitor la prelucrarea datelor cu caracter personal de c\u0103tre autorit\u0103\u0163ile competente \u00een scopul prevenirii, descoperirii, cercet\u0103rii, urm\u0103ririi penale \u015fi combaterii infrac\u0163iunilor sau al execut\u0103rii pedepselor, m\u0103surilor educative \u015fi de siguran\u0163\u0103, precum \u015fi privind libera circula\u0163ie a acestor date.<\/p>\n\n\n\n<p>Astfel, Ministerul S\u0103n\u0103t\u0103\u0163ii \u015fi institu\u0163iile sanitare, fiecare \u00een calitate de operator de date, colecteaz\u0103 \u015fi prelucreaz\u0103 datele dumneavoastr\u0103 cu caracter personal \u00een scopuri legate de medicina preventiv\u0103 sau a muncii, de evaluarea capacit\u0103\u0163ii de munc\u0103 a angajatului, de stabilirea unui diagnostic medical, de furnizarea de asisten\u0163\u0103 medical\u0103 sau social\u0103 sau a unui tratament medical sau de gestionarea sistemelor \u015fi serviciilor de s\u0103n\u0103tate sau de asisten\u0163\u0103 social\u0103 care ac\u0163ioneaz\u0103 \u00een interesul persoanei vizate.<\/p>\n\n\n\n<p>\u00cen vederea \u00eendeplinirii atribu\u0163iilor sale legale, Ministerul S\u0103n\u0103t\u0103\u0163ii poate prelucra date cu caracter personal inclusiv \u00een scop de reglementare a modului de organizare \u015fi func\u0163ionare a sistemului de s\u0103n\u0103tate \u015fi de monitorizare, control \u015fi evaluare a activit\u0103\u0163ilor institu\u0163iilor sanitare, de a lua m\u0103suri pentru \u00eembun\u0103t\u0103\u0163irea calit\u0103\u0163ii asisten\u0163ei medicale acordate popula\u0163iei \u015fi \u00een scopuri statistice. Ministerul S\u0103n\u0103t\u0103\u0163ii poate realiza aceste scopuri inclusiv prin campanii de solicitare\/colectare p\u0103reri de la pacien\u0163i \u015fi fo\u015fti pacien\u0163i ai institu\u0163iilor sanitare. \u00cen cazul organiz\u0103rii unor asemenea campanii de solicitare\/colectare p\u0103reri, Ministerul S\u0103n\u0103t\u0103\u0163ii nu va prelucra date cu caracter sensibil (de exemplu, date privind starea de s\u0103n\u0103tate).<\/p>\n\n\n\n<p>Colect\u0103m datele cu caracter personal direct de la dumneavoastr\u0103 sau de la apar\u0163in\u0103tori. Furnizarea datelor pe care vi le solicit\u0103m este necesar\u0103 pentru \u00eendeplinirea scopurilor men\u0163ionate mai sus, iar refuzul furniz\u0103rii acestor date poate duce la dificult\u0103\u0163i \u00een func\u0163ionarea institu\u0163iilor medicale, precum \u015fi organiz\u0103rii \u015fi furniz\u0103rii serviciilor medicale.<\/p>\n\n\n\n<p>Datele cu caracter personal privind starea de s\u0103n\u0103tate [date sensibile conform Regulamentului (UE) 2016\/679 al Parlamentului European \u015fi al Consiliului din 27 aprilie 2016 privind protec\u0163ia persoanelor fizice \u00een ceea ce prive\u015fte prelucrarea datelor cu caracter personal \u015fi privind libera circula\u0163ie a acestor date \u015fi de abrogare a Directivei 95\/46\/CE (Regulamentul general privind protec\u0163ia datelor), precum \u015fi legisla\u0163ia actual\u0103] sunt protejate conform regulilor stabilite de lege \u00een domeniul drepturilor pacientului \u015fi prelucrarea acestor date este permis\u0103 cu condi\u0163ia respect\u0103rii secretului profesional.<\/p>\n\n\n\n<p>Pentru realizarea unuia sau mai multor scopuri dintre cele men\u0163ionate mai sus putem dezv\u0103lui datele dumneavoastr\u0103 cu caracter personal uneia sau mai multora dintre urm\u0103toarele categorii de destinatari: dumneavoastr\u0103 \u015fi persoane juridice care prelucreaz\u0103 date pe seama operatorului.<\/p>\n\n\n\n<p>Drepturile dumneavoastr\u0103 legate de prelucrarea datelor cu caracter personal: ave\u0163i dreptul de a solicita operatorului accesul la acestea, rectificarea sau \u015ftergerea acestora sau restric\u0163ionarea prelucr\u0103rii sau dreptul de a v\u0103 opune prelucr\u0103rii, precum \u015fi dreptul la portabilitatea datelor.<\/p>\n\n\n\n<p>\u00cen plus, ave\u0163i dreptul de a nu fi supus unor decizii individuale cu caracter automat, precum \u015fi de a v\u0103 adresa instan\u0163ei de judecat\u0103 competente. Dac\u0103 ave\u0163i nemul\u0163umiri legate de modul \u00een care prelucr\u0103m datele dumneavoastr\u0103 cu caracter personal, v\u0103 pute\u0163i adresa Ministerului S\u0103n\u0103t\u0103\u0163ii la adresa de e-mail <a href=\"mailto:presa@ms.ro\" target=\"_blank\" rel=\"noreferrer noopener nofollow\">presa@ms.ro<\/a> sau institu\u0163iei sanitare care v-a furnizat serviciul medical.<\/p>\n","protected":false},"excerpt":{"rendered":"<p>privind aprobarea implement\u0103rii mecanismului de feedback al pacientului \u00een spitalele publice NOT\u0102 DE INFORMARE privind protec\u0163ia datelor cu caracter personal Datele cu caracter personal sunt informa\u0163iile care fie v\u0103 identific\u0103, fie permit s\u0103 fi\u0163i identificat. Aceast\u0103 not\u0103 de informare privind protec\u0163ia datelor cu caracter personal este redactat\u0103 \u00een conformitate cu Regulamentul (UE) 2016\/679 al Parlamentului [&hellip;]<\/p>\n","protected":false},"author":2,"featured_media":0,"parent":0,"menu_order":0,"comment_status":"closed","ping_status":"closed","template":"","meta":{"_lmt_disableupdate":"no","_lmt_disable":"yes","footnotes":""},"class_list":["post-4681","page","type-page","status-publish","hentry"],"blocksy_meta":{"styles_descriptor":{"styles":{"desktop":"","tablet":"","mobile":""},"google_fonts":[],"version":6}},"featured_image_src":null,"jetpack_sharing_enabled":true,"_links":{"self":[{"href":"https:\/\/spital-obregia.ro\/arhiva\/wp-json\/wp\/v2\/pages\/4681","targetHints":{"allow":["GET"]}}],"collection":[{"href":"https:\/\/spital-obregia.ro\/arhiva\/wp-json\/wp\/v2\/pages"}],"about":[{"href":"https:\/\/spital-obregia.ro\/arhiva\/wp-json\/wp\/v2\/types\/page"}],"author":[{"embeddable":true,"href":"https:\/\/spital-obregia.ro\/arhiva\/wp-json\/wp\/v2\/users\/2"}],"replies":[{"embeddable":true,"href":"https:\/\/spital-obregia.ro\/arhiva\/wp-json\/wp\/v2\/comments?post=4681"}],"version-history":[{"count":0,"href":"https:\/\/spital-obregia.ro\/arhiva\/wp-json\/wp\/v2\/pages\/4681\/revisions"}],"wp:attachment":[{"href":"https:\/\/spital-obregia.ro\/arhiva\/wp-json\/wp\/v2\/media?parent=4681"}],"curies":[{"name":"wp","href":"https:\/\/api.w.org\/{rel}","templated":true}]}}