{"id":4509,"date":"2022-01-26T06:47:44","date_gmt":"2022-01-26T04:47:44","guid":{"rendered":"https:\/\/spital-obregia.ro\/?page_id=4509"},"modified":"2022-01-26T06:48:56","modified_gmt":"2022-01-26T04:48:56","slug":"testare-dspb","status":"publish","type":"page","link":"https:\/\/spital-obregia.ro\/arhiva\/covid19\/testare-dspb\/","title":{"rendered":"Centru de recoltare a probelor biologice pentru diagnosticul infec\u021biei cu SARS CoV-2"},"content":{"rendered":"\n<p>Pentru a veni \u00een sprijinul pacien\u0163ilor care au nevoie de recoltare probe biologice pentru depistarea infec\u0163iei SARS-COV-2, v\u0103 inform\u0103m pe aceasta cale c\u0103 Spitalul Clinic de Psihiatrie \u201cProf. Dr. Alexandru Obregia\u201d s-a al\u0103turat eforturilor comune depuse de ASSMB, DSPMB \u015fi Ministerul S\u0103n\u0103t\u0103\u0163ii, organiz\u00e2nd \u00eencep\u00e2nd cu data de 23 Ianuarie 2022, un <strong>punct de recoltare&nbsp;a probelor biologice de la pacien\u021bii simptomatici<\/strong>, la camera de triaj a Spitalului situat\u0103 la intrarea dinspre \u015eoseaua Berceni, <\/p>\n\n\n\n<p><strong>Program de func\u0163ionare: Luni-Vineri 9:00-15:00.<\/strong><\/p>\n\n\n\n<p><strong>Adresa: <a href=\"https:\/\/maps.app.goo.gl\/y2cYZzycXsLWBbJ67\" target=\"_blank\" rel=\"noreferrer noopener\"><i class=\"fas fa-map-marker-alt\"><\/i> \u0218oseaua Berceni nr. 10, Sector 4, 041914, Bucure\u0219ti<\/a><\/strong><\/p>\n\n\n\n<p><strong>Persoanele cu simptomatologie specific\u0103 infec\u021biei SARS Cov -2 care nu reu\u0219esc s\u0103 contacteze medicul de familie, pot solicita testarea la call center-ul Direc\u021biei de S\u0103n\u0103tate Public\u0103 a Municipiului Bucure\u0219ti, la numarul 021-9462 sau prin platforma online la adresa <a href=\"https:\/\/dspb.ro\/formular-programare-test-covid-19\/\" target=\"_blank\" rel=\"noreferrer noopener\">https:\/\/dspb.ro\/formular-programare-test-covid-19\/<\/a>.<\/strong><\/p>\n\n\n\n<p class=\"has-palette-color-1-color has-text-color\"><strong>DSPMB va emite solicitan\u021bilor dovada \u00eenregistr\u0103rii prin e-mail\/sms. Aceasta va fi prezentat\u0103 la centrul de recoltare. <u>F\u0103r\u0103 aceast\u0103 dovad\u0103, recoltarea probelor pentru testul RT-PCR, NU SE VA EFECTUA!<\/u><\/strong><\/p>\n","protected":false},"excerpt":{"rendered":"<p>Pentru a veni \u00een sprijinul pacien\u0163ilor care au nevoie de recoltare probe biologice pentru depistarea infec\u0163iei SARS-COV-2, v\u0103 inform\u0103m pe aceasta cale c\u0103 Spitalul Clinic de Psihiatrie \u201cProf. Dr. Alexandru Obregia\u201d s-a al\u0103turat eforturilor comune depuse de ASSMB, DSPMB \u015fi Ministerul S\u0103n\u0103t\u0103\u0163ii, organiz\u00e2nd \u00eencep\u00e2nd cu data de 23 Ianuarie 2022, un punct de recoltare&nbsp;a probelor [&hellip;]<\/p>\n","protected":false},"author":2,"featured_media":0,"parent":3427,"menu_order":0,"comment_status":"closed","ping_status":"closed","template":"","meta":{"_lmt_disableupdate":"yes","_lmt_disable":"yes","footnotes":""},"class_list":["post-4509","page","type-page","status-publish","hentry"],"blocksy_meta":{"styles_descriptor":{"styles":{"desktop":"","tablet":"","mobile":""},"google_fonts":[],"version":6}},"featured_image_src":null,"jetpack_sharing_enabled":true,"_links":{"self":[{"href":"https:\/\/spital-obregia.ro\/arhiva\/wp-json\/wp\/v2\/pages\/4509","targetHints":{"allow":["GET"]}}],"collection":[{"href":"https:\/\/spital-obregia.ro\/arhiva\/wp-json\/wp\/v2\/pages"}],"about":[{"href":"https:\/\/spital-obregia.ro\/arhiva\/wp-json\/wp\/v2\/types\/page"}],"author":[{"embeddable":true,"href":"https:\/\/spital-obregia.ro\/arhiva\/wp-json\/wp\/v2\/users\/2"}],"replies":[{"embeddable":true,"href":"https:\/\/spital-obregia.ro\/arhiva\/wp-json\/wp\/v2\/comments?post=4509"}],"version-history":[{"count":0,"href":"https:\/\/spital-obregia.ro\/arhiva\/wp-json\/wp\/v2\/pages\/4509\/revisions"}],"up":[{"embeddable":true,"href":"https:\/\/spital-obregia.ro\/arhiva\/wp-json\/wp\/v2\/pages\/3427"}],"wp:attachment":[{"href":"https:\/\/spital-obregia.ro\/arhiva\/wp-json\/wp\/v2\/media?parent=4509"}],"curies":[{"name":"wp","href":"https:\/\/api.w.org\/{rel}","templated":true}]}}