{"id":4454,"date":"2022-01-20T18:16:19","date_gmt":"2022-01-20T16:16:19","guid":{"rendered":"https:\/\/spital-obregia.ro\/?page_id=4454"},"modified":"2022-01-20T18:29:11","modified_gmt":"2022-01-20T16:29:11","slug":"politica-cookies","status":"publish","type":"page","link":"https:\/\/spital-obregia.ro\/arhiva\/politica-cookies\/","title":{"rendered":"Politica modulelor Cookies"},"content":{"rendered":"\n<h5 class=\"has-palette-color-1-color has-text-color wp-block-heading\"><strong><em>Acest site folose\u0219te cookies.<\/em><\/strong><\/h5>\n\n\n\n<p>Informa\u021biile prezentate \u00een continuare au scopul de a informa utilizatorul despre plasarea, utilizarea \u015fi administrarea &#8222;cookie&#8221;-urilor utilizate de site-ul&nbsp;<a href=\"https:\/\/spital-obregia.ro\/\">www.spital-obregia.ro<\/a>. Pentru a asigura vizitatorilor o experien\u021b\u0103 \u0219i servicii online mai bune, adaptate nevoilor \u0219i intereselor fiec\u0103rei persoane, colect\u0103m aceste date numai \u00een conformitate cu consim\u021b\u0103m\u00e2ntul dvs. \u0219i cu&nbsp;politica&nbsp;noastr\u0103 de&nbsp;confiden\u021bialitate&nbsp;\u0219i ne baz\u0103m pe Regulamentul (UE) 2016\/679 privind prelucrarea datelor cu caracter personal \u0219i protec\u021bia vie\u021bii private \u00een sectorul comunica\u021biilor electronice.<\/p>\n\n\n\n<p>Cookie-urile ofer\u0103 un feedback valoros proprietarilor site-ului web cu privire la modul \u00een care utilizatorii utilizeaz\u0103 site-ul, astfel \u00eenc\u00e2t ace\u0219tia s\u0103 fie capabili s\u0103 redea apoi \u0219i mai eficient \u0219i mai u\u0219or accesul pentru utilizatori.&nbsp;Ele permit includerea aplica\u021biilor multimedia sau a altor aplica\u021bii de pe alte site-uri web pentru a oferi o experien\u021b\u0103 online mai valoroas\u0103, mai util\u0103 sau mai pl\u0103cut\u0103.&nbsp;Acestea sporesc eficien\u021ba reclamei online.&nbsp;&nbsp;&nbsp;<\/p>\n\n\n\n<p>Acest website folose\u0219te cookie-uri proprii c\u00e2t \u0219i cookie-uri ad\u0103ugate de ter\u021bi, pentru a furniza vizitatorilor o experien\u021b\u0103 mult mai bun\u0103 de navigare \u0219i servicii adaptate nevoilor \u0219i interesului fiec\u0103ruia.<\/p>\n\n\n\n<p>\u00cen ceea ce numim &#8222;web modern&#8221; sau &#8222;web 2.0&#8221;, cookie-urile joac\u0103 un rol important \u00een facilitarea accesului \u0219i livr\u0103rii multiplelor servicii de care utilizatorul se bucur\u0103 pe Internet.<\/p>\n\n\n\n<p>Personalizarea anumitor set\u0103ri precum: limba \u00een care este vizualizat site-ul, data \u0219i ora, p\u0103strarea op\u021biunilor\/set\u0103rilor (inclusiv memorarea acestora) \u0219i p\u0103strarea preferin\u021belor mai vechi prin accesarea diferitelor butoane\/func\u021bii.<\/p>\n\n\n\n<p class=\"has-palette-color-1-color has-text-color\"><strong>Ce este un &#8222;cookie&#8221;?<\/strong><\/p>\n\n\n\n<p>Un &#8222;Internet Cookie&#8221; (termen cunoscut \u0219i ca &#8222;browser cookie&#8221; sau &#8222;HTTP cookie&#8221; ori pur \u0219i simplu &#8222;cookie&#8221;) este un fi\u0219ier de mici dimensiuni, format din litere \u0219i numere, care va fi stocat pe computerul, terminalul mobil sau alte echipamente ale unui utilizator de pe care se acceseaz\u0103 Internetul.<\/p>\n\n\n\n<p>Cookie-ul este trimis printr-o solicitare emis\u0103 de c\u0103tre web-server pe care este g\u0103zduit site-ul, c\u0103tre browser-ul utilizatorului (Ex: Firefox, Internet Explorer, Chrome etc.) \u0219i este complet &#8222;pasiv&#8221;, \u00een sensul c\u0103 <strong>nu con\u021bine programe software, viru\u0219i sau spyware \u0219i nici nu poate accesa informa\u021biile de pe hard driverul utilizatorului.<\/strong><\/p>\n\n\n\n<p>Un cookie este format din 2 p\u0103r\u021bi: numele \u0219i con\u021binutul sau valoarea cookie-ului ce este asociat \u00een mod unic cu domeniul pe care este g\u0103zduit site-ul care l-a trimis c\u0103tre browserul utilizatorului. Mai mult, durata de existen\u021b\u0103 a unui cookie este determinat\u0103 \u0219i doar webserver-ul care a trimis cookie-ul \u00eel poate accesa din nou, \u0219i numai \u00een momentul \u00een care utilizatorul se \u00eentoarce pe site-ul asociat webserver-ului respectiv.<\/p>\n\n\n\n<p><em>Cookie-urile nu solicit\u0103 informa\u021bii cu caracter personal pentru a putea fi utilizate \u0219i nici nu pot identifica personal utilizatorii de internet.<\/em><\/p>\n\n\n\n<h4 class=\"has-palette-color-1-color has-text-color wp-block-heading\">Tipuri de cookie-uri<\/h4>\n\n\n\n<p class=\"has-palette-color-1-color has-text-color\"><em><strong>Cookie-uri specifice unei sesiuni online<\/strong><\/em><\/p>\n\n\n\n<p>Paginile web nu au memorie. Un utilizator care navigheaz\u0103 de la o pagin\u0103 web la alta va fi considerat de c\u0103tre site-ul web drept un nou utilizator. Cookie-urile specifice unei sesiuni stocheaz\u0103, de regul\u0103, un identificator care permite utilizatorului s\u0103 treac\u0103 de la o pagin\u0103 web la alta f\u0103r\u0103 s\u0103 fie nevoie s\u0103 introduc\u0103 de fiecare dat\u0103 informa\u021biile de identificare (nume de utilizator, parol\u0103, etc). Astfel de cookie-uri sunt utilizate la scar\u0103 larg\u0103 de c\u0103tre site-uri comerciale, spre exemplu, pentru a \u021bine eviden\u021ba produselor ad\u0103ugate de c\u0103tre un utilizator \u00een co\u0219ul de cump\u0103r\u0103turi. Atunci c\u00e2nd utilizatorul viziteaz\u0103 o anumit\u0103 pagin\u0103 a unui catalog de produse \u0219i selecteaz\u0103 anumite produse, cookie-ul re\u021bine produsele selectate \u0219i le adaug\u0103 \u00een co\u0219ul de cump\u0103r\u0103turi, care va con\u021bine toate produsele selectate \u00een momentul \u00een care utilizatorul dore\u0219te s\u0103 p\u0103r\u0103seasc\u0103 pagina.<\/p>\n\n\n\n<p>Cookie-urile specifice unei sesiuni sunt stocate \u00een memoria calculatorului utilizatorului doar pe durata unei sesiuni de navigare pe Internet \u0219i sunt \u0219terse \u00een mod automat \u00een momentul \u00een care browser-ul este \u00eenchis. Pot deveni inaccesibile \u0219i dac\u0103 sesiunea a fost inactiv\u0103 pentru o anumit\u0103 perioad\u0103 de timp (de regul\u0103, 20 de minute).<\/p>\n\n\n\n<p class=\"has-palette-color-1-color has-text-color\"><em><strong>Cookie-uri permanente, persistente sau stocate<\/strong><\/em><\/p>\n\n\n\n<p>Cookie-urile persistente sunt stocate la nivelul calculatorului utilizatorului \u0219i nu sunt \u0219terse atunci c\u00e2nd sesiunea de navigare este \u00eenchis\u0103. Aceste cookie-uri pot re\u021bine preferin\u021bele utilizatorului pentru un anumit site web, astfel \u00eenc\u00e2t acestea s\u0103 poat\u0103 fi utilizate \u00een cadrul altor sesiuni de navigare pe Internet.<\/p>\n\n\n\n<p>Pe l\u00e2ng\u0103 informa\u021biile de autentificare, cookie-urile persistente pot re\u021bine \u0219i detalii referitoare la limba \u0219i tema selectate pe un anumit site web, preferin\u021be privind meniul unui site, pagini favorite \u00een interiorul unui site, etc. Atunci c\u00e2nd utilizatorul acceseaz\u0103 un site pentru prima dat\u0103, acesta este prezentat \u00een modul implicit. Ulterior, utilizatorul selecteaz\u0103 o serie de preferin\u021be, care sunt apoi re\u021binute de c\u0103tre cookie-uri \u0219i folosite atunci c\u00e2nd utilizatorul acceseaz\u0103 din nou site-ul. Spre exemplu, un site web \u00ee\u0219i ofer\u0103 con\u021binutul \u00een mai multe limbi. La prima vizit\u0103, utilizatorul selecteaz\u0103 limba englez\u0103, iar site-ul re\u021bine aceast\u0103 preferin\u021b\u0103 \u00eentr-un cookie. Atunci c\u00e2nd utilizatorul viziteaz\u0103 din nou site-ul respectiv, con\u021binutul va fi afi\u0219at automat \u00een limba englez\u0103.<\/p>\n\n\n\n<p>Cookie-urile persistente pot fi folosite pentru identificarea utilizatorilor individuali \u0219i, astfel, pentru analizarea comportamentului online al utilizatorilor. Ele pot furniza informa\u021bii referitoare la num\u0103rul de vizitatori ai unui site web, timpul (\u00een medie) petrecut pe o anumit\u0103 pagin\u0103, \u0219i, \u00een general, performan\u021bele unui site web. Aceste cookie-uri sunt configurate pentru a putea urm\u0103ri activit\u0103\u021bile utilizatorilor pentru o perioad\u0103 \u00eendelungat\u0103 de timp, \u00een unele cazuri fiind vorba chiar despre ani.<\/p>\n\n\n\n<p class=\"has-palette-color-1-color has-text-color\"><em><strong>Cookie-uri flash<\/strong><\/em><\/p>\n\n\n\n<p>Dac\u0103 utilizatorul are Adobe Flash instalat pe calculator, mici fi\u0219iere pot fi stocate \u00een memoria respectivului calculator de c\u0103tre site-uri web care con\u021bin elemente Flash (cum ar fi clipuri video). Aceste fi\u0219iere sunt cunoscute sub numele de \u201elocal shared objects\u201d sau \u201ecookie-uri flash\u201d \u0219i pot fi utilizate pentru acelea\u0219i scopuri ca \u0219i cookie-urile obi\u0219nuite.<\/p>\n\n\n\n<p>Atunci c\u00e2nd cookie-urile obi\u0219nuite sunt \u0219terse prin intermediul func\u021biilor unui browser, cookie-urile flash nu sunt afectate. Astfel, un site web care utilizeaz\u0103 cookie-uri flash poate s\u0103 recunoasc\u0103 un utilizator cu ocazia unei noi vizite, dac\u0103 datele specifice cookie-urilor \u0219terse au fost re\u021binute \u0219i \u00eentr-un cookie flash.<\/p>\n\n\n\n<p>\u00centruc\u00e2t cookie-urile flash nu sunt stocate \u00een calculatorul utilizatorului \u00een aceea\u0219i manier\u0103 \u00een care sunt stocate cele obi\u0219nuite, ele sunt mai dificil de identificat \u0219i de \u0219ters. B\u0103ncile \u0219i site-urile de natur\u0103 financiar\u0103 folosesc astfel de cookie-uri tocmai pentru acest motiv. Pentru c\u0103 sunt dificil de identificat, aceste cookie-uri sunt stocate \u00een calculatoarele utilizatorilor pentru a permite autentificarea utilizatorilor \u0219i a preveni fraudele, deoarece eventualii infractori pot de\u021bine numele de utilizator \u0219i parola pentru autentificare, dar nu au acces la calculatorul utilizatorului. Astfel, cookie- urile ac\u021bioneaz\u0103 ca un al doilea nivel de autentificare, pe l\u00e2ng\u0103 numele de utilizator \u0219i parol\u0103.<\/p>\n\n\n\n<p class=\"has-palette-color-1-color has-text-color\"><em><strong>Cookie-uri first party vs cookie-uri third party<\/strong><\/em><\/p>\n\n\n\n<p>Fiecare cookie are un \u201eproprietar\u201d \u2013 site-ul web \/ domeniul Internet care plaseaz\u0103 respectivul cookie.<\/p>\n\n\n\n<p>Cookie-urile&nbsp;<em>first party (prima parte)<\/em>&nbsp;sunt plasate de c\u0103tre domeniul Internet \/ site-ul web accesat de c\u0103tre utilizator.<\/p>\n\n\n\n<p>Un cookie&nbsp;<em>third party (ter\u021b\u0103 parte)<\/em>&nbsp;este plasat de c\u0103tre un alt domeniu Internet\/site web dec\u00e2t cel accesat de c\u0103tre utilizator; acest lucru \u00eenseamn\u0103 c\u0103 site-ul web accesat con\u021bine \u0219i informa\u021bii provenind de la un site web ter\u021b &#8211; spre exemplu, un banner publicitar care apare pe site-ul accesat.<\/p>\n\n\n\n<h4 class=\"has-palette-color-1-color has-text-color wp-block-heading\">Fi\u0219iere cookies pe care le folosim<\/h4>\n\n\n\n<p><strong>Cookie-uri necesare:&nbsp;<\/strong>cookie-urile necesare ajut\u0103 la utilizarea unui site web prin activarea func\u021biilor de baz\u0103 precum navigarea pe pagin\u0103 \u0219i accesul la zone sigure ale site-ului. Site-ul nu poate func\u021biona corect f\u0103r\u0103 aceste cookie-uri.<\/p>\n\n\n\n<figure class=\"wp-block-table\"><table><tbody><tr><td><strong>TIP DE COOKIE<\/strong><\/td><td><strong>DESCRIERE<\/strong><\/td><td><strong>DURAT\u0102<\/strong><\/td><\/tr><tr><td>sesiune<\/td><td>stocheaz\u0103 op\u021biunile utilizatorilor, momentan este doar o singur\u0103 op\u021biune: limba \u00een care se dore\u0219te accesarea paginii<\/td><td>p\u00e2n\u0103 la inchiderea paginii<\/td><\/tr><\/tbody><\/table><\/figure>\n\n\n\n<p class=\"has-palette-color-1-color has-text-color\"><strong>Avantajele cookie-urilor<\/strong><\/p>\n\n\n\n<p>Un cookie con\u021bine informa\u021bii care fac leg\u0103tura \u00eentre un browser (utilizatorul) \u0219i un web-server anume (site-ul). Dac\u0103 un browser acceseaz\u0103 acel web-server din nou, acesta poate citi informa\u021bia deja stocat\u0103 \u0219i reac\u021biona \u00een consecin\u021b\u0103.<\/p>\n\n\n\n<p>Cookie-urile asigur\u0103 utilizatorilor o experien\u021b\u0103 pl\u0103cut\u0103 de navigare \u0219i sus\u021bin eforturile website-urilor de a oferi servicii confortabile utilizatorilor. Exemple &#8211; preferin\u021bele \u00een materie de confiden\u021bialitate online, op\u021biunile privind limba site-ului sau publicitate relevant\u0103 etc.<\/p>\n\n\n\n<p class=\"has-palette-color-1-color has-text-color\"><strong>Durata de via\u021b\u0103 a unui cookie<\/strong><\/p>\n\n\n\n<p>Cookie-urile sunt administrate de web-servere. Durata de via\u021b\u0103 a unui cookie poate varia semnificativ, depinz\u00e2nd de scopul pentru care este plasat. Unele cookie-uri sunt folosite exclusiv pentru o singur\u0103 sesiune (&#8222;session cookies&#8221;) \u0219i nu sunt re\u021binute dup\u0103 ce utilizatorul p\u0103r\u0103se\u0219te site-ul, iar unele cookie-uri sunt re\u021binute \u0219i refolosite de fiecare dat\u0103 c\u00e2nd utilizatorul revine pe acel site (&#8222;cookie-uri permanente&#8221;).<br>Cu toate acestea, cookie-urile pot fi \u0219terse de utilizator \u00een orice moment prin intermediul set\u0103rilor browserului.<\/p>\n\n\n\n<p class=\"has-palette-color-1-color has-text-color\"><strong>Tipul de informa\u021bii stocate \u0219i accesate prin intermediul cookie-urilor<\/strong><\/p>\n\n\n\n<p>Cookie-urile p\u0103streaz\u0103 informa\u021bii \u00eentr-un fi\u0219ier text de mici dimensiuni care permit unui website s\u0103 recunoasc\u0103 un browser. Web-serverul va recunoa\u0219te browserul p\u00e2n\u0103 c\u00e2nd cookie-ul expir\u0103 sau este \u0219ters.&nbsp;Cookie-ul stocheaz\u0103 informa\u021bii importante care \u00eembun\u0103t\u0103\u021besc experien\u021ba de navigare pe Internet. Ex: set\u0103rile privind limba \u00een care se dore\u0219te accesarea unui site, p\u0103strarea unui user autentificat \u00een contul de membru ori contul de mail, securitatea online, p\u0103strarea \u0219i memorarea unor set\u0103ri etc.<\/p>\n\n\n\n<p class=\"has-palette-color-1-color has-text-color\"><strong>Importan\u021ba cookie-urilor pentru Internet<\/strong><\/p>\n\n\n\n<p>Cookie-urile reprezint\u0103 punctul central al func\u021bion\u0103rii eficiente a Internetului, ajut\u00e2nd la generarea unei experien\u021be de navigare prietenoase, adaptat\u0103 preferin\u021belor \u0219i intereselor fiec\u0103rui utilizator. Refuzarea sau dezactivarea cookie-urilor poate face unele website-uri imposibil de utilizat.<\/p>\n\n\n\n<p>Refuzarea sau dezactivarea cookie-urilor nu \u00eenseamn\u0103 c\u0103 nu ve\u021bi mai primi publicitate online, ci doar c\u0103 aceasta nu va mai putea \u021bine cont de preferin\u021bele \u0219i interesele dvs. eviden\u021biate prin comportamentul de navigare.<\/p>\n\n\n\n<p>Exemple de \u00eentrebuin\u021b\u0103ri importante ale cookie-urilor (care nu necesit\u0103 autentificarea unui utilizator prin intermediul unui cont):<\/p>\n\n\n\n<ul class=\"wp-block-list\"><li>Con\u021binut \u0219i servicii adaptate preferin\u021belor utilizatorului &#8211; categorii de \u0219tiri, vreme, sport, h\u0103r\u021bi, servicii publice \u0219i guvernamentale, site-uri de entertainment \u0219i servicii de travel.<\/li><li>Oferte adaptate pe interesele utilizatorilor &#8211; re\u021binerea parolelor, preferin\u021bele privind limba (Ex: afi\u0219area rezultatelor c\u0103ut\u0103rilor \u00een limba rom\u00e2n\u0103).<\/li><li>&nbsp;Re\u021binerea filtrelor de protec\u021bie a copiilor privind con\u021binutul pe Internet (op\u021biuni family mode, func\u021bii de safe search).<\/li><li>Limitarea frecven\u021bei de difuzare a reclamelor &#8211; limitarea num\u0103rului de afi\u0219\u0103ri a unei reclame pentru un anumit utilizator pe un site.<\/li><li>Furnizarea de publicitate relevant\u0103 pentru utilizator.<\/li><li>M\u0103surarea, optimizarea \u0219i caracteristicile de analytics &#8211; cum sunt coninstitu\u021biarea unui anumit nivel de trafic pe un site, ce tip de con\u021binut este vizualizat mai mult \u0219i modul cum un utilizator ajunge pe site (ex: prin motoare de c\u0103utare, direct, din alte website-uri etc). Website-urile deruleaz\u0103 aceste analize a utiliz\u0103rii lor pentru o \u00eembun\u0103t\u0103\u021bire \u00een beneficiul utilizatorului.<\/li><\/ul>\n\n\n\n<p class=\"has-palette-color-1-color has-text-color\"><strong>Securitatea \u0219i problemele legate de confiden\u021bialitate<\/strong><\/p>\n\n\n\n<p><em><strong><span style=\"text-decoration: underline;\">Cookie-urile NU sunt viru\u0219i!<\/span><\/strong><\/em>&nbsp;Ele folosesc un format de tip plain text. Nu sunt alc\u0103tuite din buc\u0103\u021bi de cod, a\u0219a c\u0103 nu pot fi executate \u0219i nici nu pot auto-rula. \u00cen consecin\u021b\u0103, nu se pot duplica sau replica pe alte re\u021bele pentru a rula sau replica din nou. \u00centruc\u00e2t nu pot \u00eendeplini aceste func\u021bii, nu pot fi considerate viru\u0219i.<\/p>\n\n\n\n<p>Cookie-urile pot fi totu\u0219i folosite \u00een scopuri negative. Deoarece stocheaz\u0103 informa\u021bii despre preferin\u021bele \u0219i istoricul de navigare al utilizatorilor, at\u00e2t pe un anume website c\u00e2t \u0219i pe mai multe website-uri, cookie-urile pot fi folosite ca o form\u0103 de spyware. Multe produse anti-spyware sunt con\u0219tiente de acest fapt \u0219i \u00een mod constant marcheaz\u0103 cookie-urile pentru a fi \u0219terse \u00een cadrul procedurilor de \u0219tergere\/scanare anti-virus\/anti-spyware.<\/p>\n\n\n\n<p>\u00cen general browserele au integrate set\u0103ri de confiden\u021bialitate care furnizeaz\u0103 diferite nivele de acceptare a cookie-urilor, perioada de valabilitate \u0219i \u0219tergere automat\u0103 dup\u0103 ce utilizatorul a vizitat un anumit site.<\/p>\n\n\n\n<p class=\"has-palette-color-1-color has-text-color\"><strong>Alte aspecte de securitate legate de cookie-uri<\/strong><\/p>\n\n\n\n<p>Av\u00e2nd \u00een vedere c\u0103 protec\u021bia identit\u0103\u021bii este foarte important\u0103 \u0219i reprezint\u0103 dreptul fiec\u0103rui utilizator de internet, este indicat s\u0103 se \u0219tie care sunt eventualele probleme ce pot ap\u0103rea \u00een leg\u0103tur\u0103 cu cookie-urile. \u00centruc\u00e2t prin intermediul lor se transmit \u00een mod constant \u00een ambele sensuri informa\u021bii \u00eentre browser \u0219i website, dac\u0103 un atacator sau persoan\u0103 neautorizat\u0103 intervine \u00een parcursul de transmitere a datelor, informa\u021biile con\u021binute de cookie pot fi interceptate. De\u0219i foarte rar, acest lucru se poate \u00eent\u00e2mpla dac\u0103 browserul se conecteaz\u0103 la server folosind o re\u021bea necriptat\u0103 (Ex: o re\u021bea Wi-Fi nesecurizat\u0103).&nbsp;Alte atacuri bazate pe cookie implic\u0103 set\u0103ri gre\u0219ite ale cookie-urilor pe servere.<\/p>\n\n\n\n<p>Dac\u0103 un website nu solicit\u0103 browserului s\u0103 foloseasc\u0103 canale criptate, atacatorii pot folosi aceast\u0103 vulnerabilitate pentru a p\u0103c\u0103li browserele \u00een a trimite informa\u021bii prin intermediul canalelor nesecurizate. Atacatorii utilizeaz\u0103 apoi informa\u021biile \u00een scopul de a accesa neautorizat anumite site-uri. Este foarte important s\u0103 fi\u021bi aten\u021bi \u00een alegerea metodei celei mai potrivite de protec\u021bie a informa\u021biilor personale.<\/p>\n\n\n\n<p class=\"has-palette-color-1-color has-text-color\"><strong>Sfaturi pentru o navigare sigur\u0103 \u0219i responsabil\u0103, bazat\u0103 pe cookies<\/strong><\/p>\n\n\n\n<p>Datorit\u0103 flexibilit\u0103\u021bii lor \u0219i a faptului c\u0103 majoritatea dintre cele mai vizitate \u0219i cele mai mari site-uri folosesc cookie-uri, acestea sunt aproape inevitabile. Dezactivarea cookie-urilor nu va permite accesul utilizatorului pe website-urile cele mai r\u0103sp\u00e2ndite \u0219i utilizate, printre care: YouTube, Gmail, Yahoo, Google \u0219i multe altele.<\/p>\n\n\n\n<p class=\"has-palette-color-1-color has-text-color\"><strong>C\u00e2teva sfaturi care v\u0103 pot asigura s\u0103 naviga\u021bi f\u0103r\u0103 griji cu ajutorul cookie-urilor:<\/strong><\/p>\n\n\n\n<p>Particulariza\u021bi-v\u0103 set\u0103rile browserului \u00een privin\u021ba cookie-urile pentru a stabili un nivel confortabil al securit\u0103\u021bii. Dac\u0103 nu v\u0103 deranjeaz\u0103 cookie-urile \u0219i sunte\u021bi singura persoan\u0103 care utilizeaz\u0103 computerul, pute\u021bi seta termene lungi de expirare pentru stocarea istoricului de navigare \u0219i al datelor personale de acces.<\/p>\n\n\n\n<p>Dac\u0103 \u00eemp\u0103r\u021bi\u021bi accesul la calculator, pute\u021bi lua \u00een considerare setarea browserului pentru a \u0219terge datele individuale de navigare de fiecare dat\u0103 c\u00e2nd \u00eenchide\u021bi browserul, este varianta de a accesa site-urile care plaseaz\u0103 cookie-uri \u0219i de a \u0219terge orice informa\u021bie de vizitare la \u00eenchiderea sesiunii de navigare.<\/p>\n\n\n\n<p>Instala\u021bi-v\u0103 \u0219i actualiza\u021bi-v\u0103 constant aplica\u021biile antispyware.&nbsp;Multe dintre aplica\u021biile pentru detectarea \u0219i prevenirea spyware-ului includ detectarea atacurilor de pe site-uri. Astfel, \u00eempiedic\u0103 browserul s\u0103 acceseze site-uri care ar putea s\u0103 exploateze vulnerabilit\u0103\u021bile browserului&nbsp;&nbsp; ori s\u0103 descarce software periculos .<br>Asigura\u021bi-v\u0103 c\u0103 ave\u021bi browserul mereu actualizat (updatat). Cele mai multe dintre atacurile bazate pe cookies se realizeaz\u0103 exploat\u00e2nd punctele slabe ale unor versiuni vechi de browsere.<\/p>\n\n\n\n<p>Cookie-urile sunt pretutindeni \u0219i nu pot fi evitate dac\u0103 dori\u021bi s\u0103 v\u0103 bucura\u021bi de acces pe cele mai bune \u0219i cele mai mari website-uri de pe Internet, locale sau interna\u021bionale. Cu o \u00een\u021belegere clar\u0103 a modului lor de operare \u0219i a beneficiilor pe care le aduc, pute\u021bi lua m\u0103surile necesare de securitate astfel \u00eenc\u00e2t s\u0103 pute\u021bi naviga cu \u00eencredere pe internet.<\/p>\n\n\n\n<p class=\"has-palette-color-1-color has-text-color\"><strong>Gestionarea, dezactivarea \u0219i \u0219tergerea cookie-urilor<\/strong><\/p>\n\n\n\n<p>Dezactivarea \u0219i refuzul de a primi cookie-uri pot face anumite website-uri impracticabile sau dificil de vizitat \u0219i utilizat. De asemenea, refuzul de a accepta cookie-uri nu \u00eenseamn\u0103 c\u0103 nu ve\u021bi mai primi sau vedea publicitate online.<\/p>\n\n\n\n<p>Este posibil\u0103 setarea browserului pentru ca aceste cookie-uri s\u0103 nu mai fie acceptate ori pute\u021bi seta browserul s\u0103 accepte cookie-uri doar de la un website anume. Dar, spre exemplu, dac\u0103 nu e\u0219ti \u00eenregistrat folosind cookie-urile, nu vei putea l\u0103sa comentarii.<\/p>\n\n\n\n<p>Toate browserele moderne ofer\u0103 posibilitatea de a schimba set\u0103rile cookie-urilor. Aceste set\u0103ri se g\u0103sesc de regul\u0103 \u00een &#8222;Op\u021biuni&#8221; sau \u00een meniul de &#8222;Preferin\u021be&#8221; al browserului dvs.<\/p>\n\n\n\n<p>Informa\u021bii detaliate referitoare la modalit\u0103\u021bile de gestionare, dezactivare \u0219i \u0219tergere a cookie- urilor prin utilizarea set\u0103rilor broswer-ului folosit pentru navigarea pe Internet sunt disponibile la urm\u0103toarele adrese:<\/p>\n\n\n\n<ul class=\"wp-block-list\"><li>pentru OPERA :&nbsp;<a href=\"https:\/\/help.opera.com\/en\/latest\/web-preferences\/#cookies\">https:\/\/help.opera.com\/en\/latest\/web-preferences\/#cookies<\/a><\/li><li>pentru Google Chrome:&nbsp;<a href=\"https:\/\/support.google.com\/chrome\/answer\/95647?hl=ro\">https:\/\/support.google.com\/chrome\/answer\/95647?hl=ro<\/a><\/li><li>Mozilla Firefox:&nbsp;<a href=\"https:\/\/support.mozilla.org\/ro\/kb\/cookie-urile\">https:\/\/support.mozilla.org\/ro\/kb\/cookie-urile<\/a><\/li><li>pentru&nbsp; Internet Explorer 8:&nbsp;<a href=\"https:\/\/support.microsoft.com\/ro-ro\/help\/17442\/windows-internet-explorer-delete-manage-cookies#ie=ie-8\">https:\/\/support.microsoft.com\/ro-ro\/help\/17442\/windows-internet-explorer-delete-manage-cookies#ie=ie-8<\/a><\/li><li>pentru&nbsp; Internet Explorer 9:&nbsp;<a href=\"https:\/\/support.microsoft.com\/ro-ro\/help\/17442\/windows-internet-explorer-delete-manage-cookies#ie=ie-9\">https:\/\/support.microsoft.com\/ro-ro\/help\/17442\/windows-internet-explorer-delete-manage-cookies#ie=ie-9<\/a><\/li><li>pentru Internet Explorer 10:&nbsp;<a href=\"https:\/\/support.microsoft.com\/ro-ro\/help\/17442\/windows-internet-explorer-delete-manage-cookies#ie=ie-10\">https:\/\/support.microsoft.com\/ro-ro\/help\/17442\/windows-internet-explorer-delete-manage-cookies#ie=ie-10<\/a>.<\/li><\/ul>\n\n\n\n<p><strong>Date contact responsabil cu protec\u021bia datelor:<br><\/strong>Email:&nbsp;<a href=\"mailto:dpo@dafcons.ro\">dpo@dafcons.ro<\/a><\/p>\n\n\n\n<h4 class=\"has-palette-color-1-color has-text-color wp-block-heading\">Modific\u0103ri ale politicii<\/h4>\n\n\n\n<p>Aceast\u0103 politic\u0103 se poate modifica \u00een conformitate cu schimb\u0103rile legisla\u021biei sau \u00een baza unor modific\u0103ri ale serviciilor noastre sau ale modalit\u0103\u021bii de organizare . Dac\u0103 vom efectua modific\u0103ri semnificative care vor avea un impact asupra drepturilor \u0219i libert\u0103\u021bilor dvs. (de exemplu, atunci c\u00e2nd vom \u00eencepe prelucrarea datelor dvs. personale \u00een alte scopuri dec\u00e2t cele specificate mai sus), v\u0103 vom contacta \u00eenainte de a \u00eencepe aceast\u0103 prelucrare.<\/p>\n","protected":false},"excerpt":{"rendered":"<p>Acest site folose\u0219te cookies. Informa\u021biile prezentate \u00een continuare au scopul de a informa utilizatorul despre plasarea, utilizarea \u015fi administrarea &#8222;cookie&#8221;-urilor utilizate de site-ul&nbsp;www.spital-obregia.ro. Pentru a asigura vizitatorilor o experien\u021b\u0103 \u0219i servicii online mai bune, adaptate nevoilor \u0219i intereselor fiec\u0103rei persoane, colect\u0103m aceste date numai \u00een conformitate cu consim\u021b\u0103m\u00e2ntul dvs. \u0219i cu&nbsp;politica&nbsp;noastr\u0103 de&nbsp;confiden\u021bialitate&nbsp;\u0219i ne baz\u0103m pe [&hellip;]<\/p>\n","protected":false},"author":2,"featured_media":0,"parent":0,"menu_order":0,"comment_status":"closed","ping_status":"closed","template":"","meta":{"_lmt_disableupdate":"no","_lmt_disable":"no","footnotes":""},"class_list":["post-4454","page","type-page","status-publish","hentry"],"blocksy_meta":{"styles_descriptor":{"styles":{"desktop":"","tablet":"","mobile":""},"google_fonts":[],"version":6}},"featured_image_src":null,"jetpack_sharing_enabled":true,"_links":{"self":[{"href":"https:\/\/spital-obregia.ro\/arhiva\/wp-json\/wp\/v2\/pages\/4454","targetHints":{"allow":["GET"]}}],"collection":[{"href":"https:\/\/spital-obregia.ro\/arhiva\/wp-json\/wp\/v2\/pages"}],"about":[{"href":"https:\/\/spital-obregia.ro\/arhiva\/wp-json\/wp\/v2\/types\/page"}],"author":[{"embeddable":true,"href":"https:\/\/spital-obregia.ro\/arhiva\/wp-json\/wp\/v2\/users\/2"}],"replies":[{"embeddable":true,"href":"https:\/\/spital-obregia.ro\/arhiva\/wp-json\/wp\/v2\/comments?post=4454"}],"version-history":[{"count":0,"href":"https:\/\/spital-obregia.ro\/arhiva\/wp-json\/wp\/v2\/pages\/4454\/revisions"}],"wp:attachment":[{"href":"https:\/\/spital-obregia.ro\/arhiva\/wp-json\/wp\/v2\/media?parent=4454"}],"curies":[{"name":"wp","href":"https:\/\/api.w.org\/{rel}","templated":true}]}}