{"id":4447,"date":"2022-01-20T17:53:32","date_gmt":"2022-01-20T15:53:32","guid":{"rendered":"https:\/\/spital-obregia.ro\/?page_id=4447"},"modified":"2022-01-20T17:53:34","modified_gmt":"2022-01-20T15:53:34","slug":"informare-generala-privind-prelucrarea-datelor-cu-caracter-personal","status":"publish","type":"page","link":"https:\/\/spital-obregia.ro\/arhiva\/informare-generala-privind-prelucrarea-datelor-cu-caracter-personal\/","title":{"rendered":"Informare general\u0103 privind prelucrarea datelor cu caracter personal"},"content":{"rendered":"\n<p><strong>Spitalul Clinic de Psihiatrie \u201eProf. Dr. Alexandru Obregia\u201d<\/strong>, \u00een calitate de operator de date cu caracter personal, colecteaz\u0103 \u0219i prelucreaz\u0103 informa\u021bii despre dumneavoastr\u0103 \u00een conformitate cu legisla\u021bia privind protec\u021bia datelor, cu scopul de a furniza servicii de s\u0103n\u0103tate de calitate \u0219i pentru a \u00eendeplini obliga\u021biile sale legale.<\/p>\n\n\n\n<p class=\"has-palette-color-1-color has-text-color\"><strong><u>Ce sunt datele cu caracter personal?<\/u><\/strong><\/p>\n\n\n\n<p>Date cu caracter personal \u00eenseamn\u0103 \u201dorice informa\u021bii privind o persoan\u0103 fizic\u0103 identificat\u0103 sau identificabil\u0103\u201d&nbsp; (\u00een cazul acesta, dumneavoastr\u0103) cum ar fi nume, adres\u0103, num\u0103r de telefon, CNP, data na\u0219terii, date despre s\u0103n\u0103tate, etc.<\/p>\n\n\n\n<p class=\"has-palette-color-1-color has-text-color\"><strong><u>Cum ob\u021binem date cu caracter personal despre dumneavoastr\u0103?<\/u><\/strong><\/p>\n\n\n\n<ul class=\"wp-block-list\"><li>ob\u021binem date cu caracter personal \u00een <strong><u>mod direct<\/u><\/strong> de la dumneavoastr\u0103, \u00een calitate de persoan\u0103 vizat\u0103;<\/li><li>putem ob\u021bine date cu caracter personal \u0219i <strong>indirect,<\/strong> din alte surse: Institu\u021bii ale Statului Rom\u00e2n, care au dreptul sau obliga\u021bia legal\u0103 s\u0103 partajeze cu noi datele dumneavoastr\u0103;<\/li><li>\u00een ceea ce prive\u0219te fiecare dintre vizitele dumneavoastr\u0103 pe site-ul nostru, putem colecta informa\u021bii <strong><u>\u00een mod automat<\/u><\/strong> prin module cookie sau tehnologii similare\u00a0 precum adresa Internet Protocol (IP) utilizat\u0103 pentru a conecta computerul dumneavoastr\u0103 la Internet, informa\u021biile dumneavoastr\u0103 de conectare, loca\u021bia, tipul de browser \u0219i versiune, sistemul de operare \u0219i platforma. Pentru o descriere complet\u0103, v\u0103 rug\u0103m s\u0103 citi\u021bi <a href=\"https:\/\/spital-obregia.ro\/politica-cookies\/\" target=\"_blank\" rel=\"noreferrer noopener\"><strong>Politica privind utilizarea fi\u0219ierelor de tip cookie<\/strong>.<\/a><\/li><\/ul>\n\n\n\n<p class=\"has-palette-color-1-color has-text-color\"><strong><u>Scopurile \u00een care prelucr\u0103m datele&nbsp; dumneavoastr\u0103:<\/u><\/strong><\/p>\n\n\n\n<p>Datele dumneavoastr\u0103 sunt prelucrate de c\u0103tre institu\u021bia noastr\u0103 \u00een scopuri precum: &nbsp;prestarea serviciilor medicale solicitate de c\u0103tre Pacien\u021bi, stabilirea unui diagnostic medical, furnizarea de asisten\u021b\u0103 medical\u0103 sau social\u0103 sau a unui tratament medical, gestionarea sistemelor \u0219i serviciilor de s\u0103n\u0103tate sau de asisten\u021b\u0103 social\u0103, prelucrarea este necesar\u0103 din motive de interes public \u00een domeniul s\u0103n\u0103t\u0103\u021bii publice, cum ar fi protec\u021bia \u00eempotriva amenin\u021b\u0103rilor transfrontaliere grave la adresa s\u0103n\u0103t\u0103\u021bii, \u00een scopuri de recrutare &#8211; \u00een contextul prelucr\u0103rii datelor candida\u021bilor pentru angajare, evaluarea capacit\u0103\u021bii de munc\u0103 a angajatului, \u00een scopul gestion\u0103rii program\u0103rilor, reclama\u021biilor, sugestiilor sau a oric\u0103ror solicit\u0103ri telefonice, \u00een scopul identific\u0103rii persoanelor responsabile \u00een cazul unor evenimente ce fac obiectul unei anchete interne sau externe &#8211; \u00een contextul prelucr\u0103rii datelor tuturor persoanelor care p\u0103trund \u00een incinta spitalului, \u00eencheierea \u0219i executarea de contracte, arhivare, \u00eendeplinirea altor obliga\u021bii legale etc.<\/p>\n\n\n\n<p class=\"has-palette-color-1-color has-text-color\"><strong><u>Temeiuri legale pentru prelucrare:<\/u><\/strong><\/p>\n\n\n\n<p>Colect\u0103m \u0219i utiliz\u0103m datele dumneavoastr\u0103 av\u00e2nd urm\u0103toare temeiuri legale:<\/p>\n\n\n\n<ol class=\"wp-block-list\" type=\"1\"><li>Prelucrarea este necesar\u0103 pentru executarea unei sarcini care serve\u0219te unui <strong><u>interes public;<\/u><\/strong><\/li><li>Prelucrarea este necesar\u0103 pentru \u00eendeplinirea unor <strong><u>obliga\u021bii legale<\/u><\/strong> care ne revin;<\/li><li>Prelucrarea este necesar\u0103 pentru <strong><u>protejarea unor interese vitale<\/u><\/strong> ale persoanei vizate sau ale altei persoane fizice;<\/li><li>Prelucrarea este necesare pentru <strong><u>executarea unui contract<\/u><\/strong> (\u00een interesul persoanei vizate);<\/li><li>Prelucrarea este necesar\u0103 \u00een scopul <strong><u>intereselor legitime<\/u><\/strong> urm\u0103rite de Spitalul Clinic de Psihiatrie \u201eProf. Dr. Alexandru Obregia\u201d; \u00cen acest context, men\u021bion\u0103m c\u0103 &nbsp;Spitalul Clinic de Psihiatrie \u201eProf. Dr. Alexandru Obregia\u201d \u00eenregistreaz\u0103 prin intermediul sistemelor de supraveghere video interne imagini din spa\u021biile \u0219i zonele comune ale institu\u021biei. \u00cen acest caz, prelucrarea datelor dumneavoastr\u0103 se bazeaz\u0103 pe interesul legitim al Spitalului Clinic de Psihiatrie \u201eProf. Dr. Alexandru Obregia , \u0219i anume monitorizarea\/securitatea persoanelor, spa\u021biilor \u0219i\/sau bunurilor private, prevenirea \u0219i combaterea infrac\u021biunilor;<\/li><li>Atunci c\u00e2nd prelucrarea nu are la baz\u0103 o obliga\u021bie legal\u0103 sau nu decurge din \u00eendeplinirea obliga\u021biilor legate de furnizarea serviciilor&nbsp; noastre, prelucrarea se face \u00een baza <strong><u>consim\u021b\u0103m\u00e2ntului<\/u><\/strong> persoanei vizate.<\/li><\/ol>\n\n\n\n<p class=\"has-palette-color-1-color has-text-color\"><strong><u>Perioada de stocare a datelor dumneavoastr\u0103 :<\/u><\/strong><\/p>\n\n\n\n<p>Datele cu caracter personal vor fi p\u0103strate at\u00e2ta timp c\u00e2t este necesar pentru scopurile men\u021bionate mai sus cu respectarea \u00een acela\u0219i timp a cerin\u021belor legale \u00een vigoare \u0219i a interesului de protejare a drepturilor persoanelor vizate.<\/p>\n\n\n\n<p class=\"has-palette-color-1-color has-text-color\"><strong><u>\u00cen calitate de persoan\u0103 vizat\u0103, ave\u021bi urm\u0103toarele drepturi:<\/u><\/strong><\/p>\n\n\n\n<ol class=\"wp-block-list\" type=\"1\"><li>Dreptul de retragere a consim\u021b\u0103m\u00e2ntului;<\/li><li>Dreptul la informare;<\/li><li>Dreptul de acces la date;<\/li><li>Dreptul la rectificare;<\/li><li>Dreptul la \u0219tergerea datelor (\u201edreptul de a fi uitat\u201d);<\/li><li>Dreptul la restric\u021bionarea prelucr\u0103rii;<\/li><li>Dreptul la portabilitatea datelor;<\/li><li>Dreptul la opozi\u021bie;<\/li><li>Dreptul de a depune pl\u00e2ngere \u00een fa\u021ba unei Autorit\u0103\u021bi de Supraveghere \u0219i dreptul de a v\u0103 adresa justi\u021biei<\/li><\/ol>\n\n\n\n<p>Pentru o descriere complet\u0103 a modului \u00een care prelucr\u0103m datele dumneavoastr\u0103, v\u0103 rug\u0103m s\u0103 parcurge\u021bi <strong><a href=\"https:\/\/spital-obregia.ro\/politica-de-confidentialitate\/\" target=\"_blank\" rel=\"noreferrer noopener\">Politica de confiden\u021bialitate<\/a> <\/strong>afi\u0219at\u0103 pe site-ul nostru: <a href=\"http:\/\/www.spital-obregia.ro\">www.spital-obregia.ro<\/a><\/p>\n\n\n\n<p>Dac\u0103 ave\u021bi \u00eentreb\u0103ri sau nel\u0103muriri cu privire la prelucrarea datelor dumneavoastr\u0103, dac\u0103 dori\u021bi s\u0103 v\u0103 exercita\u021bi drepturile legale \u00een leg\u0103tur\u0103 cu datele pe care le de\u021binem sau dac\u0103 dori\u021bi informa\u021bii cu privire la modul \u00een care trat\u0103m orice problem\u0103 de confiden\u021bialitate, ne pute\u021bi contacta pe adresa de e-mail <strong><a href=\"mailto:dpo@dafcons.ro\">dpo@dafcons.ro<\/a><\/strong> sau la sediul nostru: \u0218oseaua Berceni, Nr. 10, Sector 4, Bucure\u0219ti.<\/p>\n","protected":false},"excerpt":{"rendered":"<p>Spitalul Clinic de Psihiatrie \u201eProf. Dr. Alexandru Obregia\u201d, \u00een calitate de operator de date cu caracter personal, colecteaz\u0103 \u0219i prelucreaz\u0103 informa\u021bii despre dumneavoastr\u0103 \u00een conformitate cu legisla\u021bia privind protec\u021bia datelor, cu scopul de a furniza servicii de s\u0103n\u0103tate de calitate \u0219i pentru a \u00eendeplini obliga\u021biile sale legale. Ce sunt datele cu caracter personal? Date cu [&hellip;]<\/p>\n","protected":false},"author":2,"featured_media":0,"parent":0,"menu_order":0,"comment_status":"closed","ping_status":"closed","template":"","meta":{"_lmt_disableupdate":"yes","_lmt_disable":"yes","footnotes":""},"class_list":["post-4447","page","type-page","status-publish","hentry"],"blocksy_meta":{"styles_descriptor":{"styles":{"desktop":"","tablet":"","mobile":""},"google_fonts":[],"version":6}},"featured_image_src":null,"jetpack_sharing_enabled":true,"_links":{"self":[{"href":"https:\/\/spital-obregia.ro\/arhiva\/wp-json\/wp\/v2\/pages\/4447","targetHints":{"allow":["GET"]}}],"collection":[{"href":"https:\/\/spital-obregia.ro\/arhiva\/wp-json\/wp\/v2\/pages"}],"about":[{"href":"https:\/\/spital-obregia.ro\/arhiva\/wp-json\/wp\/v2\/types\/page"}],"author":[{"embeddable":true,"href":"https:\/\/spital-obregia.ro\/arhiva\/wp-json\/wp\/v2\/users\/2"}],"replies":[{"embeddable":true,"href":"https:\/\/spital-obregia.ro\/arhiva\/wp-json\/wp\/v2\/comments?post=4447"}],"version-history":[{"count":0,"href":"https:\/\/spital-obregia.ro\/arhiva\/wp-json\/wp\/v2\/pages\/4447\/revisions"}],"wp:attachment":[{"href":"https:\/\/spital-obregia.ro\/arhiva\/wp-json\/wp\/v2\/media?parent=4447"}],"curies":[{"name":"wp","href":"https:\/\/api.w.org\/{rel}","templated":true}]}}