{"id":4441,"date":"2022-01-20T17:30:36","date_gmt":"2022-01-20T15:30:36","guid":{"rendered":"https:\/\/spital-obregia.ro\/?page_id=4441"},"modified":"2022-01-20T18:29:16","modified_gmt":"2022-01-20T16:29:16","slug":"politica-de-confidentialitate","status":"publish","type":"page","link":"https:\/\/spital-obregia.ro\/arhiva\/politica-de-confidentialitate\/","title":{"rendered":"Politica privind confiden\u021bialitatea prelucr\u0103rii datelor cu caracter personal"},"content":{"rendered":"\n<h5 class=\"wp-block-heading\"><strong>INTRODUCERE<\/strong><\/h5>\n\n\n\n<p>Spitalul Clinic de Psihiatrie \u201dProfesor Doctor Alexandru Obregia\u201d , \u00een calitate de operator de date cu caracter personal, colecteaz\u0103 \u0219i prelucreaz\u0103 informa\u021bii despre dumneavoastr\u0103 \u00een conformitate cu legisla\u021bia privind protec\u021bia datelor, cu scopul de a&nbsp; furniza servicii publice, \u00een desf\u0103\u0219urarea activit\u0103\u021bilor specifice administra\u021biei publice \u0219i pentru a \u00eendeplini obliga\u021biile sale legale.<\/p>\n\n\n\n<p>Ne angaj\u0103m s\u0103 protej\u0103m \u0219i s\u0103 respect\u0103m confiden\u021bialitatea datelor dumneavoastr\u0103. Prin aceast\u0103 politic\u0103 de confiden\u021bialitate, am \u00eencercat s\u0103 fim c\u00e2t mai transparen\u021bi pentru a \u00een\u021belege pe deplin modul \u00een care datele dumneavoastr\u0103 personale sunt colectate \u0219i prelucrate.&nbsp;<\/p>\n\n\n\n<p>Date cu caracter personal \u00eenseamn\u0103 \u201dorice informa\u021bii privind o persoan\u0103 fizic\u0103 identificat\u0103 sau identificabil\u0103\u201d&nbsp; (\u00een cazul acesta, dumneavoastr\u0103) cum ar fi nume, adres\u0103, num\u0103r de telefon, CNP, data na\u0219terii, date financiare, etc.<\/p>\n\n\n\n<p>Colect\u0103m si utiliz\u0103m datele dumneavoastr\u0103 cu caracter personal \u00een mod diferit,&nbsp; \u00een func\u021bie de rela\u021bia pe care o ave\u021bi cu institu\u021bia noastr\u0103 &#8211; persoan\u0103 fizic\u0103 beneficiar\u0103 a serviciilor noastre de s\u0103n\u0103tate, partener, colaborator, angajat sau poten\u021bial angajat sau orice persoan\u0103 care ne contacteaz\u0103 sau viziteaz\u0103 fie la sediul nostru din \u0218oseaua Berceni, nr.10, Sector 4, Bucure\u0219ti, fie prin intermediului paginii&nbsp; noastre web <a href=\"https:\/\/spital-obregia.ro\/\">www.spital-obregia.ro<\/a>.<\/p>\n\n\n\n<h5 class=\"wp-block-heading\"><strong>1. Prezenta politic\u0103 explic\u0103:<\/strong><\/h5>\n\n\n\n<ul class=\"wp-block-list\"><li><a href=\"#tipuri\">Ce tipuri de date cu caracter personal prelucr\u0103m<\/a><\/li><li><a href=\"#modul\">Modul \u0219i scopul \u00een care colect\u0103m, utiliz\u0103m \u0219i transfer\u0103m datele dumneavoastr\u0103<\/a><\/li><li><a href=\"#legal\">Temeiul legal al prelucr\u0103rii<\/a><\/li><li><a href=\"#perioada\">C\u00e2t timp le p\u0103str\u0103m<\/a><\/li><li><a href=\"#protectia-datelor\">M\u0103surile pe care le implement\u0103m pentru a v\u0103 p\u0103stra datele \u00een siguran\u021b\u0103<\/a><\/li><li><a href=\"#drepturi\">Drepturile de care beneficia\u021bi conform legisla\u021biei \u00een vigoare \u0219i modul \u00een care le pute\u021bi exercita.&nbsp;&nbsp;<\/a><\/li><\/ul>\n\n\n\n<p>Dac\u0103 ave\u021bi \u00eentreb\u0103ri sau nel\u0103muriri cu privire la prelucrarea datelor dumneavoastr\u0103, dac\u0103 dori\u021bi s\u0103 v\u0103 exercita\u021bi drepturile legale \u00een leg\u0103tur\u0103 cu datele&nbsp; pe care le de\u021binem sau dac\u0103 dori\u021bi informa\u021bii cu privire la modul \u00een care trat\u0103m orice problem\u0103 de confiden\u021bialitate, ne pute\u021bi contacta pe adresa de e-mail <a href=\"mailto:dpo@dafcons.ro\" target=\"_blank\" rel=\"noreferrer noopener nofollow\"><strong>dpo@dafcons.ro<\/strong><\/a> sau la sediul nostru: <strong>\u0218oseaua Berceni, nr. 10, Sector 4, Bucure\u0219ti, Rom\u00e2nia.<\/strong><\/p>\n\n\n\n<h5 class=\"wp-block-heading\" id=\"tipuri\"><strong>2. TIPURI DE DATE CU CARACTER PERSONAL PRELUCRATE:<\/strong><\/h5>\n\n\n\n<p>Spitalul Clinic de Psihiatrie \u201dProfesor Doctor Alexandru Obregia\u201d prelucreaz\u0103, \u00een \u00eendeplinirea atribu\u021biilor sale, date cu caracter personal precum:<\/p>\n\n\n\n<ul class=\"wp-block-list\"><li>Date de identificare : Nume, prenume, data na\u0219terii, CNP, copii dup\u0103 acte de identitate etc.;<\/li><li>Date de contact: adres\u0103, telefon \u0219i adres\u0103 de e-mail;<\/li><li>Date despre starea de s\u0103n\u0103tate : CID, num\u0103rul cardului de asigurat,&nbsp; istoricul \u0219i detaliile vaccin\u0103rilor, detalii legate de medica\u021bie, alergiile, starea prezent\u0103 \u0219i trecut\u0103 privind afec\u021biunile medicale \u0219i chirurgicale, rezultatele investiga\u021biilor de laborator \u0219i ale celor imagistice, ECG-uri, ecografii , tratamentul pe care vi-l prescriem sau administr\u0103m, medicul care v-a consultat, recomand\u0103ri medicale, consulta\u021bii, eliberare re\u021bete, concedii medicale, scrisoare medicala, bilet de externare, bilet de trimitere, bilet de internare, programare, datele de contact ale apar\u021bin\u0103torilor \u0219i toate celelalte informa\u021bii necesare acord\u0103rii \u00eengrijirilor medicale. Categoriile speciale de date &#8211; date despre starea de s\u0103n\u0103tate a persoanei vizate, sunt prelucrate conform derog\u0103rilor prev\u0103zute \u00een art. 9.2 (c), 9.2(h) si 9.2 (i).<\/li><li>\u00cen cazul \u00een care acestea sunt relevante pentru serviciile prestate sau \u00een cazul \u00een care ni le furniza\u021bi, putem prelucra informa\u021bii cum ar fi sexul, v\u00e2rsta, starea civil\u0103, na\u021bionalitatea, educa\u021bia \/ experien\u021ba profesional\u0103, calific\u0103rile academice \/ profesionale,;<\/li><li>Date financiare;<\/li><li>Date \u0219i documente necesare \u00een func\u021bie de serviciul prestat;<\/li><li>Orice alte informa\u021bii pe care decide\u021bi s\u0103 ni le furniza\u021bi, prin orice tip de coresponden\u021b\u0103.&nbsp;<\/li><\/ul>\n\n\n\n<h5 class=\"wp-block-heading\" id=\"modul\"><strong>3. CUM OB\u021aINEM DATE CU CARACTER PERSONAL DESPRE DUMNEAVOASTR\u0102:<\/strong><\/h5>\n\n\n\n<ul class=\"wp-block-list\"><li>Ob\u021binem date cu caracter personal <strong><u>\u00een mod direct<\/u><\/strong> de la dumneavoastr\u0103, \u00een calitate de persoan\u0103 vizat\u0103;<\/li><li>putem ob\u021bine date cu caracter personal \u0219i <strong>indirect,<\/strong> din alte surse: Institu\u021bii ale Statului Rom\u00e2n, care au dreptul sau obliga\u021bia legal\u0103 s\u0103 partajeze cu noi datele dumneavoastr\u0103;<\/li><li>\u00een ceea ce prive\u0219te fiecare dintre vizitele dumneavoastr\u0103 pe site-ul nostru, putem colecta informa\u021bii <strong><u>\u00een mod automat<\/u><\/strong> prin module cookie sau tehnologii similare\u00a0 precum adresa Internet Protocol (IP) utilizat\u0103 pentru a conecta computerul dumneavoastr\u0103 la Internet, informa\u021biile dumneavoastr\u0103 de conectare, loca\u021bia, tipul de browser \u0219i versiune, sistemul de operare \u0219i platforma. Pentru o descriere complet\u0103, v\u0103 rug\u0103m s\u0103 citi\u021bi <strong><a href=\"https:\/\/spital-obregia.ro\/politica-cookies\/\" target=\"_blank\" rel=\"noreferrer noopener\">Politica privind utilizarea cookie-urilor<\/a><\/strong>.<\/li><\/ul>\n\n\n\n<h5 class=\"wp-block-heading\"><strong>4. SCOPURILE \u00ceN CARE PRELUCR\u0102M DATELE DUMNEAVOASTR\u0102:<\/strong><\/h5>\n\n\n\n<p>Datele dumneavoastr\u0103 sunt prelucrate de c\u0103tre institu\u021bia noastr\u0103 \u00een \u00eendeplinirea atribu\u021biilor sale, \u00een scopuri cum ar fi:<\/p>\n\n\n\n<ul class=\"wp-block-list\"><li>\u00een vederea realiz\u0103rii actului medical;<\/li><li>\u00een vederea \u00eenregistr\u0103rii serviciilor medicale prestate;&nbsp;<\/li><li>\u00een scopul gestion\u0103rii program\u0103rilor, reclama\u021biilor, sugestiilor sau a oric\u0103ror solicit\u0103ri telefonice;<\/li><li>\u00een scopul intern\u0103rii pacien\u021bilor pentru interven\u021bii\/investiga\u021bii \u0219i externare;<\/li><li>\u00een vederea eliber\u0103rii de re\u021bete medicale;<\/li><li>\u00een scopul acord\u0103rii concediilor medicale;<\/li><li>evaluarea capacit\u0103\u021bii de munc\u0103 a angajatului;<\/li><li>efectuarea decont\u0103rii serviciilor c\u0103tre Casele de Asigur\u0103ri de S\u0103n\u0103tate;<\/li><li>raportarea c\u0103tre Direc\u021bia de S\u0103n\u0103tate Public\u0103 \u00een vederea solu\u021bion\u0103rii cererilor solicitate;<\/li><li>solu\u021bionarea cererilor \u0219i adreselor institu\u021biilor publice \u00een leg\u0103tur\u0103 cu pacien\u021bii, \u00een baza unor dispozi\u021bii legale imperative, dac\u0103 este cazul;<\/li><li>asigurarea pazei bunurilor \u0219i a persoanelor \u00een interiorul spitalului prin utilizarea sistemului de supraveghere video;<\/li><li>desf\u0103\u0219urarea activit\u0103\u021bilor de recrutare\/selec\u021bie pentru ocuparea posturilor vacante \u0219i gestionarea dosarelor de recrutare\/concurs \u00een diferitele etape ale procedurilor de recrutare\/selec\u021bie, \u00een vederea organiz\u0103rii examenului\/concursului de ocupare a postului vacant;<\/li><li>arhivare;<\/li><li>\u00eendeplinirea altor obliga\u021bii legale etc.<\/li><\/ul>\n\n\n\n<h5 class=\"wp-block-heading\"><strong>5. ESTE POSIBIL S\u0102 TRANSFER\u0102M DATELE DUMNEAVOASTR\u0102, \u00ceN ANUMITE CIRCUMSTAN\u021aE:<\/strong><\/h5>\n\n\n\n<p>Datele dumneavoastr\u0103 cu caracter personal sunt destinate utiliz\u0103rii de c\u0103tre operator (Spitalul Clinic de Psihiatrie \u201dProfesor Doctor Alexandru Obregia\u201d), dar&nbsp; \u00een anumite situa\u021bii, este \u00eens\u0103 posibil s\u0103 divulg\u0103m datele dumneavoastr\u0103:<\/p>\n\n\n\n<ul class=\"wp-block-list\"><li>C\u0103tre <strong>autorit\u0103\u021bi competente<\/strong>, c\u00e2nd prevederile legale ne impun acest lucru: Casa Na\u021bional\u0103 de Asigur\u0103ri de S\u0103n\u0103tate &#8211; C.N.A.S., Direc\u021bia de S\u0103n\u0103tate Public\u0103 &#8211; D.S.P., Dosarul Electronic de S\u0103n\u0103tate &#8211; D.E.S., Autoritatea Na\u021bional\u0103 de Management al Calit\u0103\u021bii \u00een S\u0103n\u0103tate &#8211; A.N.M.C.S., Inspectoratul Teritorial de Munc\u0103 &#8211; I.T.M., Agen\u021bia Na\u021bional\u0103 de Administrare Fiscal\u0103 &#8211; A.N.A.F. etc.<\/li><li>C\u0103tre al\u021bi <strong>furnizori de servicii,<\/strong> cum ar fi furnizorii de servicii \u0219i sisteme IT sau diver\u0219i partenerii contractuali, medicii colaboratori \u0219i al\u021bi furnizori de servicii medicale, \u00een scopul \u00eembun\u0103t\u0103\u021birii calit\u0103\u021bii serviciilor pe care le oferim. To\u021bi furnizorii care prelucreaz\u0103 datele dumneavoastr\u0103 \u00een numele nostru respect\u0103 reguli de confiden\u021bialitate \u0219i protec\u021bie a datelor personale \u0219i nu pot folosi aceste date \u00een alte scopuri \u00een afara acelora pentru care au fost colectate.<\/li><li>\u00cen cazul unor <strong>situa\u021bii de urgen\u021b\u0103<\/strong> sau cazuri de <strong>for\u021b\u0103 major\u0103.<\/strong><\/li><\/ul>\n\n\n\n<h5 class=\"wp-block-heading\"><strong>6. TRANSFERAREA DATELOR CU CARACTER PERSONAL \u00ceN AFARA SPA\u021aIULUI ECONOMIC EUROPEAN (SEE)<\/strong><\/h5>\n\n\n\n<p>Spitalul Clinic de Psihiatrie \u201dProfesor Doctor Alexandru Obregia\u201d &nbsp;&nbsp;nu transfer\u0103 datele cu caracter personal ale persoanelor vizate \u00een afara spa\u021biului economic european, cu excep\u021bia cazului \u00een care se asigur\u0103 un nivel adecvat de protec\u021bie. Persoanele vizate vor fi informate \u00een cazul \u00een care se realizeaz\u0103 transferuri c\u0103tre o \u021bar\u0103 ter\u021b\u0103.<\/p>\n\n\n\n<h5 class=\"wp-block-heading\" id=\"legal\"><strong>7. TEMEIURI LEGALE PENTRU PRELUCRARE:<\/strong><\/h5>\n\n\n\n<p>Colect\u0103m \u0219i utiliz\u0103m datele dumneavoastr\u0103 av\u00e2nd urm\u0103toare temeiuri legale:<\/p>\n\n\n\n<ol class=\"wp-block-list\" type=\"1\"><li>Prelucrarea este necesar\u0103 pentru executarea unei sarcini care serve\u0219te unui <strong><u>interes public;<\/u><\/strong><\/li><li>Prelucrarea este necesar\u0103 pentru \u00eendeplinirea unor <strong><u>obliga\u021bii legale<\/u><\/strong> care ne revin;<\/li><li>Prelucrarea este necesar\u0103 pentru <strong><u>protejarea unor interese vitale<\/u><\/strong> ale persoanei vizate sau ale altei persoane fizice;<\/li><li>Prelucrarea este necesare pentru <strong><u>executarea unui contract<\/u><\/strong> (\u00een interesul persoanei vizate);<\/li><li>Prelucrarea este necesar\u0103 \u00een scopul <strong><u>intereselor legitime<\/u><\/strong> urm\u0103rite de Spitalul Clinic de Psihiatrie \u201dProfesor Doctor Alexandru Obregia\u201d &nbsp;; \u00cen acest context, men\u021bion\u0103m c\u0103 Spitalul Clinic de Psihiatrie \u201dProfesor Doctor Alexandru Obregia\u201d \u00eenregistreaz\u0103 prin intermediul sistemelor de supraveghere video interne imagini din spa\u021biile \u0219i zonele comune ale institu\u021biei. \u00cen acest caz, prelucrarea datelor dumneavoastr\u0103 se bazeaz\u0103 pe interesul legitim al Spitalul Clinic de Psihiatrie \u201dProfesor Doctor Alexandru Obregia\u201d \u0219i anume monitorizarea\/securitatea persoanelor, spa\u021biilor \u0219i\/sau bunurilor private, prevenirea \u0219i combaterea infrac\u021biunilor;<\/li><li>Atunci c\u00e2nd prelucrarea nu are la baz\u0103 o obliga\u021bie legal\u0103 sau nu decurge din \u00eendeplinirea obliga\u021biilor legate de furnizarea serviciilor&nbsp; noastre, prelucrarea se face \u00een baza <strong><u>consim\u021b\u0103m\u00e2ntului<\/u><\/strong> persoanei vizate.<\/li><\/ol>\n\n\n\n<p>\u00cen cazul \u00een care v\u0103 solicit\u0103m consim\u021b\u0103m\u00e2ntul de a utiliza informa\u021biile dumneavoastr\u0103, vom face acest lucru \u00eentr-o form\u0103 specific\u0103, informat\u0103 \u0219i clar\u0103. De exemplu, dac\u0103 alege\u021bi s\u0103 ne contacta\u021bi prin intermediul formularelor de pe site-ul nostru, vi se va solicita acordul cu privire la colectarea \u0219i prelucrarea datelor cu caracter personal pe care ni le furniza\u021bi.&nbsp; Beneficia\u021bi de dreptul de a v\u0103 retrage oric\u00e2nd consim\u021b\u0103m\u00e2ntul acordat.<\/p>\n\n\n\n<h5 class=\"wp-block-heading\" id=\"perioada\"><strong>8. PERIOADA DE STOCARE A DATELOR DUMNEAVOASTR\u0102 :<\/strong><\/h5>\n\n\n\n<p>Datele cu caracter personal vor fi p\u0103strate at\u00e2ta timp c\u00e2t este necesar pentru scopurile men\u021bionate mai sus cu respectarea \u00een acela\u0219i timp a cerin\u021belor legale \u00een vigoare \u0219i a interesului de protejare a drepturilor persoanelor vizate.<\/p>\n\n\n\n<p>De asemenea, nu p\u0103str\u0103m datele dvs. personale mai mult dec\u00e2t este necesar, astfel c\u0103 le p\u0103str\u0103m numai o perioad\u0103 suficient de lung\u0103 pentru a \u00eendeplini scopul \u00een care le-am colectat conform prevederilor legale aplicabile. De \u00eendat\u0103 ce nu mai avem nevoie de ele, ini\u021biem ac\u021biuni de distrugere a acestora, cu excep\u021bia cazului \u00een care legisla\u021bia ne impune s\u0103 le p\u0103str\u0103m o perioad\u0103 mai lung\u0103 de timp.<\/p>\n\n\n\n<h5 class=\"wp-block-heading\" id=\"protectia-datelor\"><strong>9. CUM ASIGUR\u0102M PROTEC\u021aIA DATELOR DUMNEAVOASTR\u0102:<\/strong><\/h5>\n\n\n\n<p>Spitalul Clinic de Psihiatrie \u201dProfesor Doctor Alexandru Obregia\u201d &nbsp;\u00een calitate de Operator de date cu caracter personal, implementeaz\u0103 m\u0103surile tehnice IT \u0219i organizatorice men\u021bionate \u00een legisla\u021bia specific\u0103, necesare asigur\u0103rii unui nivel adecvat de protec\u021bie prin, precum:<\/p>\n\n\n\n<ul class=\"wp-block-list\"><li>Cerin\u021be de securitate de baz\u0103: testarea securit\u0103\u021bii sistemului, \u00eent\u0103rirea sistemului, codificarea securizat\u0103, protec\u021bia \u00eempotriva programelor malware;<\/li><li>Controlul accesului: controlul accesului bazat pe roluri, securitatea conturilor de utilizator, revizuirea privilegiilor, Audit logs, conturi neutilizate, privilegiile utilizatorilor tehnici, consola de securitate, informa\u021bii despre utilizatori;<\/li><li>Securitatea datelor: criptarea datelor, securitatea datelor \u00een ciclul lor de via\u021b\u0103;<\/li><li>Back-up: back-up copies, programul de back-up, back-up security, verificarea back-up-urilor, viabilitatea back-up-urilor;<\/li><li>Pseudominimizarea, minimizarea, integritatea datelor personale (computere, servere, terminale de acces, imprimarea datelor), disponibilitatea datelor, \u0219tergerea \u0219i portabilitatea datelor, eviden\u021bele activit\u0103\u021bilor de prelucrare etc.<\/li><li>Opera\u021biunile de colectare, introducere, modificare \u0219i actualizare a datelor cu caracter personal se realizeaz\u0103 numai de personalul anume desemnat de c\u0103tre conduc\u0103torii operatorului;<\/li><li>Accesul \u00een \u00eenc\u0103perile \u00een care se afl\u0103 documente ce con\u021bin date cu caracter personal \u0219i\/sau terminale de acces\/echipamente care prelucreaz\u0103 date cu caracter personal este limitat la utilizatorii stabili\u021bi de conduc\u0103torii operatorului \u0219i numai pentru \u00eendeplinirea atribu\u021biilor de serviciu (acces restric\u021bionat\/controlat);<\/li><li>Documentele, terminalele de acces\/echipamentele care con\u021bin date cu caracter personal vor fi \u021binute\/p\u0103strate \u00een fi\u0219ete sau dulapuri \u00eenchise cu cheie sau cu un alt mecanism de securizare \u0219i\/sau \u00een \u00eenc\u0103peri\/spatii care se pot \u00eencuia.<\/li><li>Toate documentele care con\u021bin date cu caracter personal se \u00eenregistreaz\u0103 \u0219i urmeaz\u0103 regulile de p\u0103strare, procesare, multiplicare, transport, distrugere \u0219i arhivare stabilite prin Legea Arhivelor Na\u021bionale, legisla\u021bia intern\u0103 \u0219i interna\u021bional\u0103 privind protec\u021bia datelor cu caracter personal, \u0219i prin proceduri interne;<\/li><li>Personalul este instruit \u00een leg\u0103tur\u0103 cu aspectele legale privind protec\u021bia datelor personale \u0219i cu privire la riscurile pe care le comport\u0103 prelucrarea datelor personale;<\/li><\/ul>\n\n\n\n<p>De asemenea, m\u0103surile tehnice \u0219i organizatorice adoptate de Spitalul Clinic de Psihiatrie \u201dProfesor Doctor Alexandru Obregia\u201d &nbsp;vizeaz\u0103 protejarea datelor cu caracter personal \u00eempotriva distrugerilor accidentale sau ilegale, pierderii, modific\u0103rii, dezv\u0103luirii sau accesului neautorizat. Respectivele m\u0103suri se revizuiesc \u0219i se actualizeaz\u0103 dac\u0103 este necesar.<\/p>\n\n\n\n<h5 class=\"wp-block-heading\" id=\"drepturi\">&nbsp;<strong>10. \u00ceN CALITATE DE PERSOAN\u0102 VIZAT\u0102, AVE\u021aI URM\u0102TOARELE DREPTURI:<\/strong><\/h5>\n\n\n\n<ul class=\"wp-block-list\"><li><strong>Dreptul de retragere a consim\u021b\u0103m\u00e2ntului<\/strong> \u2013 \u00een situa\u021bia \u00een care v\u0103 prelucr\u0103m datele ca urmare a acordului dvs.;<\/li><li><strong>Dreptul de a fi informat<\/strong> cu privire la prelucrarea datelor dvs. \u2013 ve\u021bi fi \u00eentotdeauna informat corespunz\u0103tor cu privire la modul \u00een care v\u0103 prelucr\u0103m datele;<\/li><li><strong>Dreptul de acces asupra datelor<\/strong> \u2013 confirmarea\/infirmarea faptului c\u0103 prelucr\u0103m datele dvs. personale \u0219i, \u00een caz afirmativ, acces la datele respective \u0219i la informa\u021bii precum: scopurile prelucr\u0103rii, categoriile de date personale vizate, destinatarii sau categoriile de destinatari, acolo unde este posibil &#8211; perioada de stocare preconizat\u0103. \u00cen plus, \u00een cazul \u00een care datele personale nu sunt colectate direct de la dvs., sursa acestor date precum \u0219i, acolo unde este cazul, existen\u021ba unui proces decizional automatizat, incluz\u00e2nd crearea de profiluri;<\/li><li><strong>Dreptul de a rectifica datele inexacte sau incomplete<\/strong> \u2013 ave\u021bi dreptul de a ob\u021bine de la noi rectificarea datelor inexacte care v\u0103 privesc \u0219i completarea lor, inclusiv prin furnizarea unei declara\u021bii suplimentare;<\/li><li>Dreptul de \u0219tergere (\u201e<strong>dreptul de a fi uitat\u201d)<\/strong> &#8211; dac\u0103 aceste date nu mai sunt necesare sau dac\u0103 v\u0103 retrage\u021bi consim\u021b\u0103m\u00e2ntul. Men\u021bion\u0103m \u00eens\u0103 c\u0103 acest drept nu se aplic\u0103 \u00een m\u0103sura \u00een care prelucrarea este necesar\u0103 pentru exercitarea dreptului la libera exprimare \u0219i informare, pentru respectarea unei obliga\u021bii legale pe care o avem ori pentru exercitarea sau ap\u0103rarea unui drept \u00een instan\u021b\u0103;<\/li><li><strong>Dreptul la restric\u021bionarea prelucr\u0103rii<\/strong> \u2013&nbsp; \u00een cazul unui litigiu cu privire la corectitudinea prelucr\u0103rii datelor cu caracter personal, dreptul de restric\u021bionare a prelucr\u0103rii p\u00e2n\u0103 la clarificarea sau finalizarea litigiului;<\/li><li><strong>Dreptul la portabilitatea datelor<\/strong> \u2013 ave\u021bi dreptul de a primi datele cu caracter personal care v\u0103 privesc, pe care ni le-a\u021bi furnizat, \u00eentr-un format structurat, utilizat \u00een mod curent \u0219i care poate fi citit automat \u0219i transmiterea acestor date c\u0103tre un alt operator, dac\u0103 acest lucru este fezabil din punct de vedere tehnic;<\/li><li><strong>Dreptul de a v\u0103 opune prelucr\u0103rii datelor<\/strong> \u2013 dreptul de a obiecta la prelucrarea datelor cu caracter personal (acolo unde se aplic\u0103).<\/li><li><strong>Dreptul de a nu face obiectul unei decizii bazate exclusiv pe prelucrarea automat\u0103<\/strong>, inclusiv crearea de profiluri care produce efecte juridice \u0219i care v\u0103 privesc sau v\u0103 afecteaz\u0103 \u00eentr-o m\u0103sur\u0103 semnificativ\u0103. Acest drept nu se aplic\u0103 \u00een cazul \u00een care prelucrarea este necesar\u0103 pentru \u00eencheierea sau executarea unui contract sau dac\u0103 prelucrarea este autorizat\u0103 de legisla\u021bia \u00een vigoare;<\/li><li><strong>Dreptul de a depune pl\u00e2ngere<\/strong> \u00een fa\u021ba unei Autorit\u0103\u021bi de Supraveghere \u0219i dreptul de a v\u0103 adresa justi\u021biei.<\/li><\/ul>\n\n\n\n<p>Pentru exercitarea drepturilor prezentate mai sus, v\u0103 pute\u021bi adresa Responsabilului cu protec\u021bia datelor din cadrul Spitalul Clinic de Psihiatrie \u201dProfesor Doctor Alexandru Obregia\u201d &nbsp;&nbsp;cu o cerere scris\u0103, datat\u0103 \u0219i semnat\u0103 la adresa de e-mail: dpo@dafcons.ro sau la sediul nostru: \u0218oseaua Berceni, nr.10, Sector 4, Bucure\u0219ti, Rom\u00e2nia.<\/p>\n\n\n\n<p>De asemenea, ave\u021bi dreptul de a depune o pl\u00e2ngere la Autoritatea Na\u021bional\u0103 de Supraveghere a Protec\u021biei Datelor cu Caracter Personal (ANSPDCP) https:\/\/www.dataprotection.ro.<\/p>\n\n\n\n<p>Vom \u00eencerca s\u0103 r\u0103spundem solicit\u0103rii \u00een termen de 30 de zile. Cu toate acestea, termenul poate fi prelungit \u00een func\u021bie de diferite aspecte, precum complexitatea cererii, num\u0103rul mare de cereri primite sau imposibilitatea de a v\u0103 identifica \u00eentr-un termen util.<\/p>\n\n\n\n<p>Pentru exercitarea drepturilor dumneavoastr\u0103 pute\u021bi utiliza formularul disponibil pe site-ul nostru <a href=\"https:\/\/spital-obregia.ro\/\">www.spital-obregia.ro<\/a> .<\/p>\n","protected":false},"excerpt":{"rendered":"<p>INTRODUCERE Spitalul Clinic de Psihiatrie \u201dProfesor Doctor Alexandru Obregia\u201d , \u00een calitate de operator de date cu caracter personal, colecteaz\u0103 \u0219i prelucreaz\u0103 informa\u021bii despre dumneavoastr\u0103 \u00een conformitate cu legisla\u021bia privind protec\u021bia datelor, cu scopul de a&nbsp; furniza servicii publice, \u00een desf\u0103\u0219urarea activit\u0103\u021bilor specifice administra\u021biei publice \u0219i pentru a \u00eendeplini obliga\u021biile sale legale. Ne angaj\u0103m s\u0103 [&hellip;]<\/p>\n","protected":false},"author":2,"featured_media":0,"parent":0,"menu_order":0,"comment_status":"closed","ping_status":"closed","template":"","meta":{"_lmt_disableupdate":"no","_lmt_disable":"no","footnotes":""},"class_list":["post-4441","page","type-page","status-publish","hentry"],"blocksy_meta":{"styles_descriptor":{"styles":{"desktop":"","tablet":"","mobile":""},"google_fonts":[],"version":6}},"featured_image_src":null,"jetpack_sharing_enabled":true,"_links":{"self":[{"href":"https:\/\/spital-obregia.ro\/arhiva\/wp-json\/wp\/v2\/pages\/4441","targetHints":{"allow":["GET"]}}],"collection":[{"href":"https:\/\/spital-obregia.ro\/arhiva\/wp-json\/wp\/v2\/pages"}],"about":[{"href":"https:\/\/spital-obregia.ro\/arhiva\/wp-json\/wp\/v2\/types\/page"}],"author":[{"embeddable":true,"href":"https:\/\/spital-obregia.ro\/arhiva\/wp-json\/wp\/v2\/users\/2"}],"replies":[{"embeddable":true,"href":"https:\/\/spital-obregia.ro\/arhiva\/wp-json\/wp\/v2\/comments?post=4441"}],"version-history":[{"count":0,"href":"https:\/\/spital-obregia.ro\/arhiva\/wp-json\/wp\/v2\/pages\/4441\/revisions"}],"wp:attachment":[{"href":"https:\/\/spital-obregia.ro\/arhiva\/wp-json\/wp\/v2\/media?parent=4441"}],"curies":[{"name":"wp","href":"https:\/\/api.w.org\/{rel}","templated":true}]}}