{"id":4021,"date":"2021-11-20T12:38:54","date_gmt":"2021-11-20T10:38:54","guid":{"rendered":"https:\/\/spital-obregia.ro\/?page_id=4021"},"modified":"2022-08-18T16:14:17","modified_gmt":"2022-08-18T13:14:17","slug":"coplata-serviciilor-medicale","status":"publish","type":"page","link":"https:\/\/spital-obregia.ro\/arhiva\/coplata-serviciilor-medicale\/","title":{"rendered":"Coplata serviciilor medicale"},"content":{"rendered":"\n<h5 class=\"wp-block-heading\"><strong>Spitalul Clinic de Psihiatrie Dr. Alexandru Obregia percepe o tax\u0103 pentru coplat\u0103 de 5 lei, conform deciziei interne.<\/strong><\/h5>\n\n\n\n<p><em><strong>Conform <a href=\"https:\/\/legislatie.just.ro\/Public\/DetaliiDocument\/71139#id_artA23835553_ttl\" target=\"_blank\" rel=\"noreferrer noopener nofollow\">Legii 95\/2006<\/a>, republicat\u0103:<\/strong><\/em><\/p>\n\n\n\n<p><strong>&nbsp; &nbsp; Art. 225 &#8211;&nbsp;<\/strong>(1) Urm\u0103toarele categorii de persoane sunt scutite de la coplat\u0103 \u015fi beneficiaz\u0103 de asigurare, f\u0103r\u0103 plata contribu\u0163iei, \u00een condi\u0163iile art. 224, dup\u0103 cum urmeaz\u0103:<\/p>\n\n\n\n<p>&nbsp; &nbsp; a) copiii p\u00e2n\u0103 la v\u00e2rsta de 18 ani;<\/p>\n\n\n\n<p>&nbsp; &nbsp; b) tinerii \u00eentre 18 ani \u015fi 26 de ani, dac\u0103 sunt elevi, absolven\u0163i de liceu, p\u00e2n\u0103 la \u00eenceperea anului universitar, dar nu mai mult de 3 luni, ucenicii sau studen\u0163ii;<\/p>\n\n\n\n<p>&nbsp; &nbsp; c) bolnavii cu afec\u0163iuni incluse \u00een programele na\u0163ionale de s\u0103n\u0103tate stabilite de Ministerul S\u0103n\u0103t\u0103\u0163ii, pentru serviciile medicale aferente bolii de baz\u0103 a respectivei afec\u0163iuni, dac\u0103 nu realizeaz\u0103 venituri din munc\u0103, pensie sau din alte resurse;<\/p>\n\n\n\n<p>&nbsp; &nbsp; d) persoanele fizice cu venituri din pensii \u015fi indemniza\u0163ie social\u0103 pentru pensionari, de p\u00e2n\u0103 la 900 lei\/lun\u0103 inclusiv, indiferent dac\u0103 realizeaz\u0103 sau nu alte venituri;<\/p>\n\n\n\n<p>&nbsp; &nbsp; e) toate femeile \u00eens\u0103rcinate \u015fi l\u0103uzele, pentru servicii medicale legate de evolu\u0163ia sarcinii, iar cele care nu au niciun venit sau au venituri sub salariul de baz\u0103 minim brut pe \u0163ar\u0103, pentru toate serviciile medicale;<\/p>\n\n\n\n<p>&nbsp; &nbsp; f) persoanele cet\u0103\u0163eni rom\u00e2ni, care sunt victime ale traficului de persoane;<\/p>\n\n\n\n<p>&nbsp; &nbsp; g) persoanele re\u0163inute, arestate sau de\u0163inute, dac\u0103 nu realizeaz\u0103 venituri din munc\u0103, pensie sau din alte resurse, care se afl\u0103 \u00een centrele de re\u0163inere \u015fi arestare preventiv\u0103.<\/p>\n\n\n\n<p>&nbsp; &nbsp; (2) Persoanele prev\u0103zute la alin. (1) lit. a), e) \u015fi f) sunt scutite de la coplat\u0103 \u015fi beneficiaz\u0103 de asigurare, f\u0103r\u0103 plata contribu\u0163iei, \u00een condi\u0163iile art. 224 \u015fi \u00een cazul \u00een care nu de\u0163in cod numeric personal, \u00een termen de maximum un an de zile de la data primei prezent\u0103ri la furnizorul de servicii medicale.<\/p>\n\n\n\n<p>&nbsp; &nbsp; (3) Persoanele prev\u0103zute la alin. (2) care solicit\u0103 servicii medicale, vor declara c\u0103 nu sunt \u00eenregistrate \u00een registrele de stare civil\u0103, cu excep\u0163ia copiilor de p\u00e2n\u0103 la 14 ani \u015fi a persoanelor cu handicap, pentru care declara\u0163ia se formuleaz\u0103 de c\u0103tre persoanele care le \u00eenso\u0163esc la furnizorul de servicii medicale.<\/p>\n\n\n\n<p>&nbsp; &nbsp; (4) \u00cen toate cazurile \u00een care se vor aplica prevederile alin. (2) furnizorii de servicii medicale vor anun\u0163a de \u00eendat\u0103 organele de poli\u0163ie \u015fi serviciile de asisten\u0163\u0103 social\u0103 din raza teritorial\u0103 a furnizorului de servicii medicale, \u00een vederea efectu\u0103rii procedurilor de \u00eenregistrare a na\u015fterii acestor persoane \u00een registrele de stare civil\u0103 conform legii sau identific\u0103rii lor, dup\u0103 caz.<\/p>\n\n\n\n<p>&nbsp; &nbsp; (5) Fapta persoanei privind declararea neconform\u0103 cu realitatea constituie infrac\u0163iune de fals privind identitatea \u015fi se pedepse\u015fte conform prevederilor Codului penal.<\/p>\n\n\n\n<p><strong>&nbsp; &nbsp; Art. 225<sup>1)<\/sup><\/strong>&nbsp;&#8211; Finan\u0163area serviciilor de s\u0103n\u0103tate acordate persoanelor prev\u0103zute la art. 225 se asigur\u0103 din bugetul Fondului na\u0163ional unic de asigur\u0103ri sociale de s\u0103n\u0103tate (FNUASS) \u00een baza contractelor \u00eencheiate de case cu furnizorii de servicii medicale.<\/p>\n\n\n\n<p><a><\/a><strong>&nbsp; &nbsp; Art. 226 &#8211;&nbsp;<\/strong>(1) Lista serviciilor medicale pentru care se \u00eencaseaz\u0103 coplata, nivelul copl\u0103\u0163ii, precum \u015fi data aplic\u0103rii copl\u0103\u0163ii se stabilesc prin contractul-cadru \u015fi prin normele de aplicare a acestuia.<\/p>\n\n\n\n<p>&nbsp; &nbsp; (2) Domeniile de asisten\u0163\u0103 medical\u0103 pentru care se stabile\u015fte coplata, precum \u015fi suma minim\u0103 \u015fi cea maxim\u0103 care reprezint\u0103 aceast\u0103 coplat\u0103 pentru fiecare categorie de serviciu medical \u015fi unitate medical\u0103, se aprob\u0103 prin hot\u0103r\u00e2re a Guvernului, \u00een urma negocierii cu asocia\u0163iile de pacien\u0163i, asocia\u0163iile profesionale, asocia\u0163iile patronale ale furnizorilor de servicii de s\u0103n\u0103tate \u015fi CNAS.<\/p>\n\n\n\n<p>&nbsp; &nbsp; (3) Sumele \u00eencasate din coplat\u0103 constituie venituri ale furnizorilor de servicii medicale \u015fi se utilizeaz\u0103 pentru \u00eembun\u0103t\u0103\u0163irea calit\u0103\u0163ii serviciilor.<\/p>\n","protected":false},"excerpt":{"rendered":"<p>Spitalul Clinic de Psihiatrie Dr. Alexandru Obregia percepe o tax\u0103 pentru coplat\u0103 de 5 lei, conform deciziei interne. Conform Legii 95\/2006, republicat\u0103: &nbsp; &nbsp; Art. 225 &#8211;&nbsp;(1) Urm\u0103toarele categorii de persoane sunt scutite de la coplat\u0103 \u015fi beneficiaz\u0103 de asigurare, f\u0103r\u0103 plata contribu\u0163iei, \u00een condi\u0163iile art. 224, dup\u0103 cum urmeaz\u0103: &nbsp; &nbsp; a) copiii p\u00e2n\u0103 [&hellip;]<\/p>\n","protected":false},"author":2,"featured_media":0,"parent":0,"menu_order":0,"comment_status":"closed","ping_status":"closed","template":"","meta":{"_lmt_disableupdate":"","_lmt_disable":"","footnotes":""},"class_list":["post-4021","page","type-page","status-publish","hentry"],"blocksy_meta":{"styles_descriptor":{"styles":{"desktop":"","tablet":"","mobile":""},"google_fonts":[],"version":6}},"featured_image_src":null,"jetpack_sharing_enabled":true,"_links":{"self":[{"href":"https:\/\/spital-obregia.ro\/arhiva\/wp-json\/wp\/v2\/pages\/4021","targetHints":{"allow":["GET"]}}],"collection":[{"href":"https:\/\/spital-obregia.ro\/arhiva\/wp-json\/wp\/v2\/pages"}],"about":[{"href":"https:\/\/spital-obregia.ro\/arhiva\/wp-json\/wp\/v2\/types\/page"}],"author":[{"embeddable":true,"href":"https:\/\/spital-obregia.ro\/arhiva\/wp-json\/wp\/v2\/users\/2"}],"replies":[{"embeddable":true,"href":"https:\/\/spital-obregia.ro\/arhiva\/wp-json\/wp\/v2\/comments?post=4021"}],"version-history":[{"count":0,"href":"https:\/\/spital-obregia.ro\/arhiva\/wp-json\/wp\/v2\/pages\/4021\/revisions"}],"wp:attachment":[{"href":"https:\/\/spital-obregia.ro\/arhiva\/wp-json\/wp\/v2\/media?parent=4021"}],"curies":[{"name":"wp","href":"https:\/\/api.w.org\/{rel}","templated":true}]}}