{"id":4016,"date":"2021-11-20T12:33:59","date_gmt":"2021-11-20T10:33:59","guid":{"rendered":"https:\/\/spital-obregia.ro\/?page_id=4016"},"modified":"2022-08-02T15:14:54","modified_gmt":"2022-08-02T12:14:54","slug":"lista-cu-pachetele-de-servicii-medicale-si-tarifele-corespunzatoare-stabilite-de-casa-de-asigurari-de-sanatate","status":"publish","type":"page","link":"https:\/\/spital-obregia.ro\/arhiva\/lista-cu-pachetele-de-servicii-medicale-si-tarifele-corespunzatoare-stabilite-de-casa-de-asigurari-de-sanatate\/","title":{"rendered":"Lista cu pachetele de servicii medicale \u0219i tarifele corespunz\u0103toare stabilite de Casa de Asigur\u0103ri de S\u0103n\u0103tate"},"content":{"rendered":"\n<p><strong>\u00cencep\u00e2nd cu luna Aprilie 2022 Laboratorul de Analize Medicale se afl\u0103 \u00een contract cu CASMB \u0219i lucreaz\u0103 analize medicale GRATUIT, pe baza de biletului de trimitere de la medicul de familie sau medicul specialist.<\/strong><\/p>\n\n\n\n<p>Programarile se pot face de luni pana vineri la numarul de telefon : 0770 418 551<\/p>\n\n\n\n<ul class=\"wp-block-list\"><li><a href=\"https:\/\/spital-obregia.ro\/arhiva\/wp-content\/uploads\/2022\/05\/TARIFE-LABORATOR.pdf\" target=\"_blank\" rel=\"noreferrer noopener nofollow\">TARIFE LABORATOR<\/a><\/li><li><a href=\"https:\/\/spital-obregia.ro\/arhiva\/wp-content\/uploads\/2022\/05\/TARIFE-RADIOLOGIE.pdf\" target=\"_blank\" rel=\"noreferrer noopener nofollow\">TARIFE RADIOLOGIE<\/a><\/li><li><a href=\"https:\/\/spital-obregia.ro\/arhiva\/wp-content\/uploads\/2022\/04\/Statistica-Tarife-servicii-contractate-002.pdf\" target=\"_blank\" rel=\"noreferrer noopener nofollow\">TARIFE SPITALIZARE DE ZI<\/a><\/li><li><a href=\"https:\/\/spital-obregia.ro\/arhiva\/wp-content\/uploads\/2022\/07\/tarife-consultatii-ambulator.pdf\" target=\"_blank\" rel=\"noreferrer noopener nofollow\">TARIFE CONSULTA\u021aII AMBULATORIU<\/a><\/li><li><a href=\"https:\/\/spital-obregia.ro\/arhiva\/wp-content\/uploads\/2022\/07\/tarife-spitalizare-continua.pdf\" target=\"_blank\" rel=\"noreferrer noopener nofollow\">TARIFE SPITALIZARE CONTINU\u0102<\/a><\/li><\/ul>\n","protected":false},"excerpt":{"rendered":"<p>\u00cencep\u00e2nd cu luna Aprilie 2022 Laboratorul de Analize Medicale se afl\u0103 \u00een contract cu CASMB \u0219i lucreaz\u0103 analize medicale GRATUIT, pe baza de biletului de trimitere de la medicul de familie sau medicul specialist. Programarile se pot face de luni pana vineri la numarul de telefon : 0770 418 551 TARIFE LABORATOR TARIFE RADIOLOGIE TARIFE [&hellip;]<\/p>\n","protected":false},"author":2,"featured_media":0,"parent":0,"menu_order":0,"comment_status":"closed","ping_status":"closed","template":"","meta":{"_lmt_disableupdate":"no","_lmt_disable":"yes","footnotes":""},"class_list":["post-4016","page","type-page","status-publish","hentry"],"blocksy_meta":{"styles_descriptor":{"styles":{"desktop":"","tablet":"","mobile":""},"google_fonts":[],"version":6}},"featured_image_src":null,"jetpack_sharing_enabled":true,"_links":{"self":[{"href":"https:\/\/spital-obregia.ro\/arhiva\/wp-json\/wp\/v2\/pages\/4016","targetHints":{"allow":["GET"]}}],"collection":[{"href":"https:\/\/spital-obregia.ro\/arhiva\/wp-json\/wp\/v2\/pages"}],"about":[{"href":"https:\/\/spital-obregia.ro\/arhiva\/wp-json\/wp\/v2\/types\/page"}],"author":[{"embeddable":true,"href":"https:\/\/spital-obregia.ro\/arhiva\/wp-json\/wp\/v2\/users\/2"}],"replies":[{"embeddable":true,"href":"https:\/\/spital-obregia.ro\/arhiva\/wp-json\/wp\/v2\/comments?post=4016"}],"version-history":[{"count":0,"href":"https:\/\/spital-obregia.ro\/arhiva\/wp-json\/wp\/v2\/pages\/4016\/revisions"}],"wp:attachment":[{"href":"https:\/\/spital-obregia.ro\/arhiva\/wp-json\/wp\/v2\/media?parent=4016"}],"curies":[{"name":"wp","href":"https:\/\/api.w.org\/{rel}","templated":true}]}}