{"id":4008,"date":"2021-11-20T12:25:03","date_gmt":"2021-11-20T10:25:03","guid":{"rendered":"https:\/\/spital-obregia.ro\/?page_id=4008"},"modified":"2022-07-05T16:56:53","modified_gmt":"2022-07-05T13:56:53","slug":"statutul-persoanelor-asigurate","status":"publish","type":"page","link":"https:\/\/spital-obregia.ro\/arhiva\/statutul-persoanelor-asigurate\/","title":{"rendered":"Statutul persoanelor asigurate"},"content":{"rendered":"\n<div class=\"wp-block-group is-layout-flow wp-block-group-is-layout-flow\">\n<p><strong><em>Persoanele asigurate<\/em><\/strong><\/p>\n\n\n\n<p><a><\/a><strong>&nbsp; &nbsp; Art. 222 &#8211;&nbsp;<\/strong>(1) Sunt asigura\u0163i, potrivit prezentei legi:<\/p>\n\n\n\n<p>&nbsp; &nbsp; a) to\u0163i cet\u0103\u0163enii rom\u00e2ni cu domiciliul \u00een \u0163ar\u0103 \u015fi care fac dovada pl\u0103\u0163ii contribu\u0163iei la fond, \u00een condi\u0163iile prezentei legi;<\/p>\n\n\n\n<p>&nbsp; &nbsp; b) cet\u0103\u0163enii str\u0103ini \u015fi apatrizii care au solicitat \u015fi au ob\u0163inut prelungirea dreptului de \u015federe temporar\u0103 ori au domiciliul \u00een Rom\u00e2nia \u015fi care fac dovada pl\u0103\u0163ii contribu\u0163iei la fond, \u00een condi\u0163iile prezentei legi;<\/p>\n\n\n\n<p>&nbsp; &nbsp; c) cet\u0103\u0163enii statelor membre ale UE, SEE \u015fi Confedera\u0163iei Elve\u0163iene care nu de\u0163in o asigurare \u00eencheiat\u0103 pe teritoriul altui stat membru care produce efecte pe teritoriul Rom\u00e2niei, care au solicitat \u015fi au ob\u0163inut dreptul de reziden\u0163\u0103 \u00een Rom\u00e2nia, pentru o perioad\u0103 de peste 3 luni, \u015fi care fac dovada pl\u0103\u0163ii contribu\u0163iei la fond, \u00een condi\u0163iile prezentei legi;<\/p>\n\n\n\n<p>&nbsp; &nbsp; d) persoanele din statele membre ale UE, SEE \u015fi Confedera\u0163iei Elve\u0163iene care \u00eendeplinesc condi\u0163iile de lucr\u0103tor frontalier \u015fi anume desf\u0103\u015foar\u0103 o activitate salariat\u0103 sau independent\u0103 \u00een Rom\u00e2nia \u015fi care rezid\u0103 \u00een alt stat membru \u00een care se \u00eentoarce de regul\u0103 zilnic ori cel pu\u0163in o dat\u0103 pe s\u0103pt\u0103m\u00e2n\u0103 \u015fi care fac dovada pl\u0103\u0163ii contribu\u0163iei la fond, \u00een condi\u0163iile prezentei legi;<\/p>\n\n\n\n<p>&nbsp; &nbsp; e) pensionarii din sistemul public de pensii care nu mai au domiciliul \u00een Rom\u00e2nia \u015fi care \u00ee\u015fi stabilesc re\u015fedin\u0163a pe teritoriul unui stat membru al UE, al unui stat apar\u0163in\u00e2nd SEE sau al Confedera\u0163iei Elve\u0163iene, respectiv domiciliul pe teritoriul unui stat cu care Rom\u00e2nia aplic\u0103 un acord bilateral de securitate social\u0103 cu prevederi pentru asigurarea de boal\u0103 &#8211; maternitate \u015fi fac dovada pl\u0103\u0163ii contribu\u0163iei la fond, \u00een condi\u0163iile prezentei legi.<\/p>\n\n\n\n<p>&nbsp; &nbsp; (2) Asigura\u0163ii au dreptul la pachetul de baz\u0103 de la data \u00eenceperii pl\u0103\u0163ii contribu\u0163iei la fond, urm\u00e2nd ca sumele restante s\u0103 fie recuperate de Agen\u0163ia Na\u0163ional\u0103 de Administrare Fiscal\u0103, \u00een condi\u0163iile legii, inclusiv obliga\u0163ii fiscale accesorii datorate pentru crean\u0163ele fiscale.<\/p>\n\n\n\n<p>&nbsp; &nbsp; (3) Calitatea de asigurat \u015fi drepturile de asigurare \u00eenceteaz\u0103:<\/p>\n\n\n\n<p>&nbsp; &nbsp; a) pentru persoanele prev\u0103zute la alin. (1) lit. a), odat\u0103 cu pierderea dreptului de domiciliu \u00een Rom\u00e2nia, precum \u015fi \u00een condi\u0163iile art. 267 alin. (2);<\/p>\n\n\n\n<p>&nbsp; &nbsp; b) pentru persoanele prev\u0103zute la alin. (1) lit. b), odat\u0103 cu pierderea dreptului de \u015federe \u00een Rom\u00e2nia, precum \u015fi \u00een condi\u0163iile art. 267 alin. (2);<\/p>\n\n\n\n<p>&nbsp; &nbsp; c) pentru persoanele prev\u0103zute la alin. (1) lit. c), odat\u0103 cu pierderea dreptului de reziden\u0163\u0103 \u00een Rom\u00e2nia, pentru o perioad\u0103 de peste 3 luni, precum \u015fi \u00een condi\u0163iile art. 267 alin. (2);<\/p>\n\n\n\n<p>&nbsp; &nbsp; d) pentru persoanele prev\u0103zute la alin. (1) lit. d), odat\u0103 cu pierderea calit\u0103\u0163ii de lucr\u0103tor frontalier, precum \u015fi \u00een condi\u0163iile art. 267 alin. (2);<\/p>\n\n\n\n<p>&nbsp; &nbsp; e) pentru persoanele prev\u0103zute la alin. (1) lit. e), calitatea de asigurat \u015fi drepturile de asigurare \u00eenceteaz\u0103 de la data la care pensionarilor sistemului public de pensii din Rom\u00e2nia nu li se mai re\u0163ine contribu\u0163ia la fond, calculat\u0103 asupra veniturilor din pensia cuvenit\u0103 \u00een acest sistem.<\/p>\n\n\n\n<p>&nbsp; &nbsp; (4) Re\u0163inerea contribu\u0163iilor la fond \u00een cazul pensionarilor sistemului public de pensii care nu mai au domiciliul \u00een Rom\u00e2nia \u015fi care \u00ee\u015fi stabilesc re\u015fedin\u0163a pe teritoriul unui stat membru al UE, al unui stat apar\u0163in\u00e2nd SEE sau al Confedera\u0163iei Elve\u0163iene, respectiv domiciliul pe teritoriul unui stat cu care Rom\u00e2nia aplic\u0103 un acord bilateral de securitate social\u0103 cu prevederi pentru asigurarea de boal\u0103 &#8211; maternitate, se stabile\u015fte prin ordin comun al pre\u015fedintelui CNAS \u015fi al pre\u015fedintelui Casei Na\u0163ionale de Pensii Publice.<\/p>\n\n\n\n<p>&nbsp; &nbsp; (5) Documentele justificative privind dob\u00e2ndirea calit\u0103\u0163ii de asigurat se stabilesc prin ordin al pre\u015fedintelui CNAS.<\/p>\n\n\n\n<p><a><\/a><strong>&nbsp; &nbsp; Art. 223 &#8211;&nbsp;<\/strong>(1) Documentele prin care se atest\u0103 calitatea de asigurat sunt, dup\u0103 caz, adeverin\u0163a de asigurat eliberat\u0103 prin grija casei de asigur\u0103ri la care este \u00eenscris asiguratul sau documentul rezultat prin accesarea de c\u0103tre furnizorii afla\u0163i \u00een rela\u0163ii contractuale cu casele de asigur\u0103ri de s\u0103n\u0103tate a instrumentului electronic pus la dispozi\u0163ie de CNAS. Dup\u0103 implementarea dispozi\u0163iilor din cuprinsul titlului IX, aceste documente justificative se \u00eenlocuiesc cu cardul na\u0163ional de asigur\u0103ri sociale de s\u0103n\u0103tate, respectiv cu adeverin\u0163a de asigurat cu o valabilitate de 3 luni, pentru persoanele care refuz\u0103 \u00een mod expres, din motive religioase sau de con\u015ftiin\u0163\u0103 primirea cardului na\u0163ional. Data de la care urmeaz\u0103 a se utiliza cardul na\u0163ional de asigur\u0103ri sociale de s\u0103n\u0103tate se stabile\u015fte prin hot\u0103r\u00e2re a Guvernului.<\/p>\n\n\n\n<p>&nbsp; &nbsp; (2) Metodologia \u015fi modalit\u0103\u0163ile de gestionare \u015fi de distribuire ale cardului de asigurat se stabilesc de c\u0103tre CNAS.<\/p>\n\n\n\n<p>&nbsp; &nbsp; (3) Emiterea cardului electronic de asigurat se face numai prin sistemul informatic unic integrat al sistemului de asigur\u0103ri sociale de s\u0103n\u0103tate.<\/p>\n\n\n\n<p><a><\/a><strong>&nbsp; &nbsp; Art. 224 &#8211;&nbsp;<\/strong>(1) Urm\u0103toarele categorii de persoane beneficiaz\u0103 de asigurare, f\u0103r\u0103 plata contribu\u0163iei:<\/p>\n\n\n\n<p>&nbsp; &nbsp; a) to\u0163i copiii p\u00e2n\u0103 la v\u00e2rsta de 18 ani, tinerii de la 18 ani p\u00e2n\u0103 la v\u00e2rsta de 26 de ani, dac\u0103 sunt elevi, inclusiv absolven\u0163ii de liceu, p\u00e2n\u0103 la \u00eenceperea anului universitar, dar nu mai mult de 3 luni, ucenici sau studen\u0163i \u015fi dac\u0103 nu realizeaz\u0103 venituri din munc\u0103;<\/p>\n\n\n\n<p>&nbsp; &nbsp; b) tinerii cu v\u00e2rsta de p\u00e2n\u0103 la 26 de ani care provin din sistemul de protec\u0163ie a copilului \u015fi nu realizeaz\u0103 venituri din munc\u0103 sau nu sunt beneficiari de ajutor social acordat \u00een temeiul&nbsp;<a href=\"javascript:OpenDocumentView(224675, 4110422);\">Legii nr. 416\/2001<\/a>&nbsp;privind venitul minim garantat, cu modific\u0103rile \u015fi complet\u0103rile ulterioare; so\u0163ul, so\u0163ia \u015fi p\u0103rin\u0163ii f\u0103r\u0103 venituri proprii, afla\u0163i \u00een \u00eentre\u0163inerea unei persoane asigurate;<\/p>\n\n\n\n<p>&nbsp; &nbsp; c) persoanele ale c\u0103ror drepturi sunt stabilite prin&nbsp;<a href=\"javascript:OpenDocumentView(221573, 4039210);\">Decretul-lege<\/a>&nbsp;nr. 118\/1990 privind acordarea unor drepturi persoanelor persecutate din motive politice de dictatura instaurat\u0103 cu \u00eencepere de la 6 martie 1945, precum \u015fi celor deportate \u00een str\u0103in\u0103tate ori constituite \u00een prizonieri, republicat, prin&nbsp;<a href=\"javascript:OpenDocumentView(109785, 2076843);\">Legea nr. 51\/1993<\/a>&nbsp;privind acordarea unor drepturi magistra\u0163ilor care au fost \u00eenl\u0103tura\u0163i din justi\u0163ie pentru considerente politice \u00een perioada anilor 1945 &#8211; 1989, cu modific\u0103rile ulterioare, prin&nbsp;<a href=\"javascript:OpenDocumentView(221653, 4040863);\">Ordonan<\/a><a href=\"javascript:OpenDocumentView(221653, 4040863);\">\u0163<\/a><a href=\"javascript:OpenDocumentView(221653, 4040863);\">a<\/a>&nbsp;Guvernului nr. 105\/1999 privind acordarea unor drepturi persoanelor persecutate de c\u0103tre regimurile instaurate \u00een Rom\u00e2nia cu \u00eencepere de la 6 septembrie 1940 p\u00e2n\u0103 la 6 martie 1945 din motive etnice, aprobat\u0103 cu modific\u0103ri \u015fi complet\u0103ri prin Legea nr. 189\/2000, cu modific\u0103rile \u015fi complet\u0103rile ulterioare, prin&nbsp;<a href=\"javascript:OpenDocumentView(222374, 4060658);\">Legea nr. 44\/1994<\/a>&nbsp;privind veteranii de r\u0103zboi, precum \u015fi unele drepturi ale invalizilor \u015fi v\u0103duvelor de r\u0103zboi, republicat\u0103, cu modific\u0103rile \u015fi complet\u0103rile ulterioare, prin&nbsp;<a href=\"javascript:OpenDocumentView(217819, 3968101);\">Legea nr. 309\/2002<\/a>&nbsp;privind recunoa\u015fterea \u015fi acordarea unor drepturi persoanelor care au efectuat stagiul militar \u00een cadrul Direc\u0163iei Generale a Serviciului Muncii \u00een perioada 1950 &#8211; 1961, cu modific\u0103rile \u015fi complet\u0103rile ulterioare, precum \u015fi persoanele prev\u0103zute la&nbsp;<a href=\"javascript:OpenDocumentView(225362, 4127197);\">art. 3<\/a>&nbsp;alin. (1) lit. b) pct. 1 din Legea recuno\u015ftin\u0163ei fa\u0163\u0103 de eroii-martiri \u015fi lupt\u0103torii care au contribuit la victoria Revolu\u0163iei rom\u00e2ne din decembrie 1989, precum \u015fi fa\u0163\u0103 de persoanele care \u015fi-au jertfit via\u0163a sau au avut de suferit \u00een urma revoltei muncitore\u015fti anticomuniste de la Bra\u015fov din noiembrie 1987 nr. 341\/2004, cu modific\u0103rile \u015fi complet\u0103rile ulterioare, dac\u0103 nu realizeaz\u0103 alte venituri dec\u00e2t cele provenite din drepturile b\u0103ne\u015fti acordate de aceste legi;<\/p>\n\n\n\n<p>&nbsp; &nbsp; d) persoanele cu handicap care nu realizeaz\u0103 venituri din munc\u0103, pensie sau alte surse, cu excep\u0163ia celor ob\u0163inute \u00een baza&nbsp;<a href=\"javascript:OpenDocumentView(225157, 4122948);\">Legii nr. 448\/2006<\/a>&nbsp;privind protec\u0163ia \u015fi promovarea drepturilor persoanelor cu handicap, republicat\u0103, cu modific\u0103rile \u015fi complet\u0103rile ulterioare;<\/p>\n\n\n\n<p>&nbsp; &nbsp; e) bolnavii cu afec\u0163iuni incluse \u00een programele na\u0163ionale de s\u0103n\u0103tate stabilite de Ministerul S\u0103n\u0103t\u0103\u0163ii, p\u00e2n\u0103 la vindecarea respectivei afec\u0163iuni, dac\u0103 nu realizeaz\u0103 venituri din munc\u0103, pensie sau din alte resurse;<\/p>\n\n\n\n<p>&nbsp; &nbsp; f) femeile \u00eens\u0103rcinate \u015fi l\u0103uzele, dac\u0103 nu au niciun venit sau au venituri sub salariul de baz\u0103 minim brut pe \u0163ar\u0103.<\/p>\n\n\n\n<p>&nbsp; &nbsp; (2) Sunt asigurate persoanele aflate \u00een una dintre urm\u0103toarele situa\u0163ii, pe durata acesteia, cu plata contribu\u0163iei din alte surse, \u00een condi\u0163iile prezentei legi:<\/p>\n\n\n\n<p>&nbsp; &nbsp; a) se afl\u0103 \u00een concediu pentru incapacitate temporar\u0103 de munc\u0103, acordat \u00een urma unui accident de munc\u0103 sau a unei boli profesionale;<\/p>\n\n\n\n<p>&nbsp; &nbsp; b) se afl\u0103 \u00een concediu \u015fi indemniza\u0163ie pentru cre\u015fterea copilului p\u00e2n\u0103 la \u00eemplinirea v\u00e2rstei de 2 ani \u015fi \u00een cazul copilului cu handicap, p\u00e2n\u0103 la \u00eemplinirea de c\u0103tre copil a v\u00e2rstei de 3 ani sau se afl\u0103 \u00een concediu \u015fi indemniza\u0163ie pentru cre\u015fterea copilului cu handicap cu v\u00e2rsta cuprins\u0103 \u00eentre 3 \u015fi 7 ani;<\/p>\n\n\n\n<p>&nbsp; &nbsp; c) execut\u0103 o pedeaps\u0103 privativ\u0103 de libertate, se afl\u0103 \u00een arest la domiciliu sau \u00een arest preventiv, precum \u015fi cele care se afl\u0103 \u00een executarea m\u0103surilor prev\u0103zute la&nbsp;<a href=\"javascript:OpenDocumentView(219458, 4001616);\">art. 109<\/a>, 110, 124 \u015fi 125 din Codul penal, cu modific\u0103rile \u015fi complet\u0103rile ulterioare, respectiv cele care se afl\u0103 \u00een perioada de am\u00e2nare sau \u00eentrerupere a execut\u0103rii pedepsei privative de libertate, dac\u0103 nu au venituri;<\/p>\n\n\n\n<p>&nbsp; &nbsp; d) persoanele care beneficiaz\u0103 de indemniza\u0163ie de \u015fomaj;<\/p>\n\n\n\n<p>&nbsp; &nbsp; e) str\u0103inii afla\u0163i \u00een centrele de cazare \u00een vederea return\u0103rii ori expulz\u0103rii, precum \u015fi cei care sunt victime ale traficului de persoane, care se afl\u0103 \u00een timpul procedurilor necesare stabilirii identit\u0103\u0163ii \u015fi sunt caza\u0163i \u00een centrele special amenajate potrivit legii;<\/p>\n\n\n\n<p>&nbsp; &nbsp; f) persoanele care fac parte dintr-o familie care are dreptul la ajutor social, potrivit Legii nr. 416\/2001, cu modific\u0103rile \u015fi complet\u0103rile ulterioare;<\/p>\n\n\n\n<p>&nbsp; &nbsp; g) pensionarii cu venituri din pensii mai mici de 740 lei;<\/p>\n\n\n\n<p>&nbsp; &nbsp; h) persoanele cet\u0103\u0163eni rom\u00e2ni, care sunt victime ale traficului de persoane, pentru o perioad\u0103 de cel mult 12 luni, dac\u0103 nu au venituri;<\/p>\n\n\n\n<p>&nbsp; &nbsp; i) personalul monahal al cultelor recunoscute, aflat \u00een eviden\u0163a Secretariatului de Stat pentru Culte, dac\u0103 nu realizeaz\u0103 venituri din munc\u0103, pensie sau din alte surse.<\/p>\n\n\n\n<p>&nbsp; &nbsp; (3) Persoanele care au calitatea de asigurat f\u0103r\u0103 plata contribu\u0163iei vor primi un document justificativ special, carnet sau adeverin\u0163\u0103 de asigurat f\u0103r\u0103 plata contribu\u0163iei, eliberat de casa de asigur\u0103ri de s\u0103n\u0103tate, care atest\u0103 aceast\u0103 calitate \u00een urma prezent\u0103rii la casa de asigur\u0103ri a documentelor care dovedesc c\u0103 se \u00eencadreaz\u0103 \u00een prevederile alin. (1) sau alin. (2). Acest document va fi vizat periodic, dup\u0103 caz, \u00een urma prezent\u0103rii, de c\u0103tre persoana interesat\u0103, la casa de asigur\u0103ri, a documentelor care dovedesc men\u0163inerea condi\u0163iilor de \u00eencadrare \u00een categoria asigura\u0163ilor f\u0103r\u0103 plata contribu\u0163iei, \u00een condi\u0163iile stabilite prin ordin al pre\u015fedintelui CNAS.<\/p>\n\n\n\n<p>&nbsp; &nbsp; (4) Categoriile de persoane care nu sunt prev\u0103zute la alin. (1) \u015fi (2) au obliga\u0163ia s\u0103 se asigure \u00een condi\u0163iile art. 222 \u015fi s\u0103 pl\u0103teasc\u0103 contribu\u0163ia la asigur\u0103rile sociale de s\u0103n\u0103tate \u00een condi\u0163iile prezentei legi.<\/p>\n\n\n\n<p><a><\/a><strong>&nbsp; &nbsp; Art. 225 &#8211;&nbsp;<\/strong>Urm\u0103toarele categorii de asigura\u0163i sunt scutite de la coplat\u0103, dup\u0103 cum urmeaz\u0103:<\/p>\n\n\n\n<p>&nbsp; &nbsp; a) copiii p\u00e2n\u0103 la v\u00e2rsta de 18 ani, tinerii \u00eentre 18 ani \u015fi 26 de ani, dac\u0103 sunt elevi, absolven\u0163i de liceu, p\u00e2n\u0103 la \u00eenceperea anului universitar, dar nu mai mult de 3 luni, ucenicii sau studen\u0163ii, dac\u0103 nu realizeaz\u0103 venituri din munc\u0103;<\/p>\n\n\n\n<p>&nbsp; &nbsp; b) bolnavii cu afec\u0163iuni incluse \u00een programele na\u0163ionale de s\u0103n\u0103tate stabilite de Ministerul S\u0103n\u0103t\u0103\u0163ii, pentru serviciile medicale aferente bolii de baz\u0103 a respectivei afec\u0163iuni, dac\u0103 nu realizeaz\u0103 venituri din munc\u0103, pensie sau din alte resurse;<\/p>\n\n\n\n<p>&nbsp; &nbsp; c) pensionarii cu venituri numai din pensii de p\u00e2n\u0103 la 740 lei\/lun\u0103;<\/p>\n\n\n\n<p>&nbsp; &nbsp; d) toate femeile \u00eens\u0103rcinate \u015fi l\u0103uzele, pentru servicii medicale legate de evolu\u0163ia sarcinii, iar cele care nu au niciun venit sau au venituri sub salariul de baz\u0103 minim brut pe \u0163ar\u0103, pentru toate serviciile medicale.<\/p>\n\n\n\n<p><a><\/a><strong>&nbsp; &nbsp; Art. 226 &#8211;&nbsp;<\/strong>(1) Lista serviciilor medicale pentru care se \u00eencaseaz\u0103 coplata, nivelul copl\u0103\u0163ii, precum \u015fi data aplic\u0103rii copl\u0103\u0163ii se stabilesc prin contractul-cadru \u015fi prin normele de aplicare a acestuia.<\/p>\n\n\n\n<p>&nbsp; &nbsp; (2) Domeniile de asisten\u0163\u0103 medical\u0103 pentru care se stabile\u015fte coplata, precum \u015fi suma minim\u0103 \u015fi cea maxim\u0103 care reprezint\u0103 aceast\u0103 coplat\u0103 pentru fiecare categorie de serviciu medical \u015fi unitate medical\u0103, se aprob\u0103 prin hot\u0103r\u00e2re a Guvernului, \u00een urma negocierii cu asocia\u0163iile de pacien\u0163i, asocia\u0163iile profesionale, asocia\u0163iile patronale ale furnizorilor de servicii de s\u0103n\u0103tate \u015fi CNAS.<\/p>\n\n\n\n<p>&nbsp; &nbsp; (3) Sumele \u00eencasate din coplat\u0103 constituie venituri ale furnizorilor de servicii medicale \u015fi se utilizeaz\u0103 pentru \u00eembun\u0103t\u0103\u0163irea calit\u0103\u0163ii serviciilor.<\/p>\n\n\n\n<p><a><\/a><strong>&nbsp; &nbsp; Art. 227 &#8211;&nbsp;<\/strong>Persoanele asigurate din statele cu care Rom\u00e2nia a \u00eencheiat documente interna\u0163ionale cu prevederi \u00een domeniul s\u0103n\u0103t\u0103\u0163ii beneficiaz\u0103 de servicii medicale \u015fi alte presta\u0163ii acordate pe teritoriul Rom\u00e2niei, \u00een condi\u0163iile prev\u0103zute de respectivele documente interna\u0163ionale.<\/p>\n\n\n\n<p><a><\/a><strong>&nbsp; &nbsp; Art. 228 &#8211;&nbsp;<\/strong>(1) Obliga\u0163ia vir\u0103rii contribu\u0163iei pentru asigur\u0103rile sociale de s\u0103n\u0103tate revine persoanelor juridice sau fizice care au calitatea de angajator, persoanelor juridice ori fizice asimilate angajatorului, precum \u015fi persoanelor fizice, dup\u0103 caz.<\/p>\n\n\n\n<p>&nbsp; &nbsp; (2) Persoanele juridice sau fizice care au calitatea de angajator, precum \u015fi persoanele asimilate angajatorilor sunt obligate s\u0103 depun\u0103 declara\u0163ia privind obliga\u0163iile de plat\u0103 a contribu\u0163iilor sociale, impozitului pe venit \u015fi eviden\u0163a nominal\u0103 a persoanelor asigurate, la termenele prev\u0103zute \u00een&nbsp;<a href=\"javascript:OpenDocumentView(224983, 4117750);\">Codul fiscal<\/a>.<\/p>\n<\/div>\n","protected":false},"excerpt":{"rendered":"<p>Persoanele asigurate &nbsp; &nbsp; Art. 222 &#8211;&nbsp;(1) Sunt asigura\u0163i, potrivit prezentei legi: &nbsp; &nbsp; a) to\u0163i cet\u0103\u0163enii rom\u00e2ni cu domiciliul \u00een \u0163ar\u0103 \u015fi care fac dovada pl\u0103\u0163ii contribu\u0163iei la fond, \u00een condi\u0163iile prezentei legi; &nbsp; &nbsp; b) cet\u0103\u0163enii str\u0103ini \u015fi apatrizii care au solicitat \u015fi au ob\u0163inut prelungirea dreptului de \u015federe temporar\u0103 ori au domiciliul [&hellip;]<\/p>\n","protected":false},"author":2,"featured_media":0,"parent":0,"menu_order":0,"comment_status":"closed","ping_status":"closed","template":"","meta":{"_lmt_disableupdate":"","_lmt_disable":"","footnotes":""},"class_list":["post-4008","page","type-page","status-publish","hentry"],"blocksy_meta":{"styles_descriptor":{"styles":{"desktop":"","tablet":"","mobile":""},"google_fonts":[],"version":6}},"featured_image_src":null,"jetpack_sharing_enabled":true,"_links":{"self":[{"href":"https:\/\/spital-obregia.ro\/arhiva\/wp-json\/wp\/v2\/pages\/4008","targetHints":{"allow":["GET"]}}],"collection":[{"href":"https:\/\/spital-obregia.ro\/arhiva\/wp-json\/wp\/v2\/pages"}],"about":[{"href":"https:\/\/spital-obregia.ro\/arhiva\/wp-json\/wp\/v2\/types\/page"}],"author":[{"embeddable":true,"href":"https:\/\/spital-obregia.ro\/arhiva\/wp-json\/wp\/v2\/users\/2"}],"replies":[{"embeddable":true,"href":"https:\/\/spital-obregia.ro\/arhiva\/wp-json\/wp\/v2\/comments?post=4008"}],"version-history":[{"count":0,"href":"https:\/\/spital-obregia.ro\/arhiva\/wp-json\/wp\/v2\/pages\/4008\/revisions"}],"wp:attachment":[{"href":"https:\/\/spital-obregia.ro\/arhiva\/wp-json\/wp\/v2\/media?parent=4008"}],"curies":[{"name":"wp","href":"https:\/\/api.w.org\/{rel}","templated":true}]}}