{"id":3982,"date":"2021-11-20T11:32:26","date_gmt":"2021-11-20T09:32:26","guid":{"rendered":"https:\/\/spital-obregia.ro\/?page_id=3982"},"modified":"2021-11-20T11:32:59","modified_gmt":"2021-11-20T09:32:59","slug":"drepturile-persoanelor-cu-tulburari-psihice","status":"publish","type":"page","link":"https:\/\/spital-obregia.ro\/arhiva\/drepturile-persoanelor-cu-tulburari-psihice\/","title":{"rendered":"Drepturile persoanelor cu tulbur\u0103ri psihice"},"content":{"rendered":"\n<p>\u00cengrijirea persoanelor internate \u00een unitati de psihiatrie sau admise \u00een centre de recuperare si reabilitare se realizeaza \u00een conditii care sa asigure respectarea demnitatii umane.<\/p>\n\n\n\n<p>Persoanele internate sunt cazate individual sau \u00een comun.<\/p>\n\n\n\n<p>\u00cencaperile \u00een care se afla persoanele internate si celelalte \u00eencaperi destinate acestora trebuie sa dispuna de iluminat natural si de instalatiile necesare asigurarii iluminatului artificial corespunzator.<\/p>\n\n\n\n<p>Fiecarei persoane internate i se pune la dispozitie un pat.<\/p>\n\n\n\n<p>Se interzice supunerea oricarei persoane internate \u00eentr-o unitate de psihiatrie sau admise \u00een centre de recuperare si reabilitare la tratamente inumane sau degradante ori la alte rele tratamente.<\/p>\n\n\n\n<p>\u00cencalcarea prevederilor alin. (1) se pedepseste potrivit legii penale.<\/p>\n\n\n\n<p>\u00cen timpul internarii \u00eentr-o unitate de psihiatrie este interzisa orice forma de discriminare pe criterii de rasa, nationalitate, etnie, limba, religie, gen, orientare sexuala, opinie, apartenenta politica, convingeri, avere, origine sociala, v\u00e2rsta, dizabilitate, boala cronica necontagioasa, infectie HIV\/SIDA sau alte criterii.<\/p>\n\n\n\n<p>\u00cencalcarea prevederilor alin. (1) se pedepseste potrivit legii penale.<\/p>\n\n\n\n<p>Persoanelor internate li se poate restrictiona libertatea de miscare, prin folosirea unor mijloace adecvate, pentru a salva de la un pericol real si concret viata, integritatea corporala sau sanatatea lor ori a altei persoane.<\/p>\n\n\n\n<p>Este interzisa imobilizarea cu lanturi ori catuse a persoanelor internate, iar imobilizarea cu mijloace specifice protejate, care nu produc vatamari corporale, este permisa doar \u00een situatii exceptionale, care sunt stabilite prin normele de aplicare a prezentei legi*).<\/p>\n\n\n\n<p>Masura contentionarii nu poate fi folosita ca sanctiune, nu poate fi parte a programului de tratament si nu poate fi dispusa pentru cazuri de suicid sau de autoizolare ori ca o solutie pentru lipsa de personal sau de tratament, ca o sanctiune ori forma de amenintare sau pentru fortarea unei bune purtari ori pentru a preveni distrugerile de bunuri. Aceasta masura poate fi folosita doar daca aplicarea celor mai putin restrictive tehnici a fost neadecvata sau insuficienta pentru a preveni orice lovire ori vatamare.<\/p>\n\n\n\n<p>\u00cen caz de suicid sau autoizolare, masura contentionarii nu poate fi folosita mai mult de doua ore.<\/p>\n\n\n\n<p>Folosirea mijloacelor de contentionare trebuie sa fie proportionala cu starea de pericol, sa se aplice numai pe perioada necesara doar atunci c\u00e2nd nu exista o alta modalitate de \u00eenlaturare a pericolului si sa nu aiba niciodata caracterul unei sanctiuni.<\/p>\n\n\n\n<p>Utilizarea mijloacelor de contentionare trebuie autorizata \u00een prealabil de catre medicul sef de sectie, cu exceptia cazurilor \u00een care urgenta nu permite acest lucru, situatie care va fi de \u00eendata adusa la cunostinta medicului sef de sectie.<\/p>\n\n\n\n<p>Utilizarea si \u00eencetarea utilizarii oricarui mijloc de contentionare se consemneaza \u00eentr-un registru special, \u00eentocmit de catre fiecare unitate psihiatrica.<\/p>\n\n\n\n<p>Procedurile standard de interventie si imobilizare a pacientilor se stabilesc prin normele de aplicare a prezentei legi.<\/p>\n\n\n\n<p>Persoanele internate pot fi izolate temporar, fara contentionare, \u00een vederea protejarii acestora, daca reprezinta un pericol pentru ele \u00eensele sau pentru alte persoane. Aceasta masura trebuie aplicata cu maxima precautie si numai \u00een cazul \u00een care orice alta modalitate s-a dovedit ineficienta.<\/p>\n\n\n\n<p>Orice persoana cu tulburari psihice are dreptul la cele mai bune servicii medicale si \u00eengrijiri de sanatate mintala disponibile.<\/p>\n\n\n\n<p>Orice persoana care sufera de o tulburare psihica are dreptul sa exercite toate drepturile civile, politice, economice, sociale si culturale recunoscute \u00een Declaratia Universala a Drepturilor Omului, precum si \u00een alte conventii si tratate internationale \u00een materie, la care Rom\u00e2nia a aderat sau este parte, cu exceptia cazurilor prevazute de lege.<\/p>\n\n\n\n<p>Orice persoana care sufera de o tulburare psihica are dreptul, \u00een masura posibilului, sa traiasca si sa lucreze \u00een mijlocul societatii. Administratia publica locala, prin organismele competente, asigura integrarea sau reintegrarea \u00een activitati profesionale corespunzatoare starii de sanatate si capacitatii de reinsertie sociala si profesionala a persoanelor cu tulburari psihice.<\/p>\n\n\n\n<p>Orice persoana cu tulburare psihica are dreptul sa primeasca \u00eengrijiri comunitare, \u00een sensul prezentei legi.<\/p>\n\n\n\n<p>Orice pacient cu tulburari psihice are dreptul la:<br><strong>a)<\/strong>&nbsp;recunoasterea de drept ca persoana;<br><strong>b)<\/strong>&nbsp;viata particulara;<br><strong>c)<\/strong>&nbsp;libertatea de comunicare, \u00een special cu alte persoane din unitatea de \u00eengrijire, libertatea de a trimite si de a primi comunicari particulare fara niciun fel de cenzura, libertatea de a primi vizite particulare ale unui consilier ori ale unui reprezentant legal sau conventional si, ori de c\u00e2te ori este posibil, si ale altor vizitatori, libertatea de acces la serviciile postale si telefonice, precum si la ziare, la radio si la televiziune;<br><strong>d)<\/strong>&nbsp;libertatea g\u00e2ndirii si a opiniilor, precum si libertatea credintelor religioase.<\/p>\n\n\n\n<p>Mediul si conditiile de viata \u00een serviciile de sanatate mintala trebuie sa fie pe c\u00e2t posibil c\u00e2t mai apropiate de viata normala a persoanelor de v\u00e2rsta corespunzatoare.<\/p>\n\n\n\n<p>Pentru petrecerea timpului liber orice pacient cu tulburari psihice are dreptul la:<br><strong>a)<\/strong>&nbsp;mijloace de educatie;<br><strong>b)<\/strong>&nbsp;posibilitati de a cumpara sau de a primi articolele necesare vietii zilnice, distractiilor sau comunicarii;<br><strong>c)<\/strong>&nbsp;mijloace care sa permita pacientului sa se consacre unor ocupatii active, adaptate mediului sau social si cultural, \u00eencurajari pentru folosirea acestor mijloace si masuri de readaptare profesionala de natura sa \u00eei usureze reinsertia \u00een societate.<\/p>\n\n\n\n<p>Pacientul nu poate fi obligat sa presteze o munca fortata.<\/p>\n\n\n\n<p>Activitatea efectuata de catre un pacient \u00eentr-un serviciu de sanatate mintala nu trebuie sa permita exploatarea fizica sau psihica a acestuia.<\/p>\n\n\n\n<p>Din momentul admiterii \u00eentr-un serviciu de sanatate mintala fiecare pacient trebuie sa fie informat de \u00eendata ce este posibil, \u00eentr-o forma si \u00eentr-un limbaj pe care sa poata sa le \u00eenteleaga, asupra drepturilor sale, \u00een conformitate cu prevederile legii, iar aceasta informare va fi \u00eensotita de explicarea drepturilor si a mijloacelor de a le exercita.<\/p>\n\n\n\n<p>Daca pacientul nu este capabil sa \u00eenteleaga aceste informatii si at\u00e2t timp c\u00e2t aceasta incapacitate va dura, drepturile sale vor fi aduse la cunostinta reprezentantului sau legal sau conventional.<\/p>\n\n\n\n<p>Prevederile alin. (1) si (2) se aplica \u00een mod corespunzator si pe parcursul internarii nevoluntare a pacientului.<\/p>\n\n\n\n<p>Persoana cu capacitate deplina de exercitiu si cu capacitatea psihica pastrata, care urmeaza a fi supusa unui tratament medical, are dreptul de a desemna, ca reprezentant conventional, o persoana cu capacitate deplina de exercitiu, care sa o asiste sau sa o reprezinte pe durata tratamentului medical.<\/p>\n\n\n\n<p>Unitatea sanitara va informa persoana prevazuta la alin. (1) cu privire la acest drept si \u00eei va pune la dispozitie conventia-model pentru desemnarea reprezentantului conventional.<\/p>\n","protected":false},"excerpt":{"rendered":"<p>\u00cengrijirea persoanelor internate \u00een unitati de psihiatrie sau admise \u00een centre de recuperare si reabilitare se realizeaza \u00een conditii care sa asigure respectarea demnitatii umane. Persoanele internate sunt cazate individual sau \u00een comun. \u00cencaperile \u00een care se afla persoanele internate si celelalte \u00eencaperi destinate acestora trebuie sa dispuna de iluminat natural si de instalatiile necesare [&hellip;]<\/p>\n","protected":false},"author":2,"featured_media":0,"parent":0,"menu_order":0,"comment_status":"closed","ping_status":"closed","template":"","meta":{"_lmt_disableupdate":"","_lmt_disable":"","footnotes":""},"class_list":["post-3982","page","type-page","status-publish","hentry"],"blocksy_meta":{"styles_descriptor":{"styles":{"desktop":"","tablet":"","mobile":""},"google_fonts":[],"version":6}},"featured_image_src":null,"jetpack_sharing_enabled":true,"_links":{"self":[{"href":"https:\/\/spital-obregia.ro\/arhiva\/wp-json\/wp\/v2\/pages\/3982","targetHints":{"allow":["GET"]}}],"collection":[{"href":"https:\/\/spital-obregia.ro\/arhiva\/wp-json\/wp\/v2\/pages"}],"about":[{"href":"https:\/\/spital-obregia.ro\/arhiva\/wp-json\/wp\/v2\/types\/page"}],"author":[{"embeddable":true,"href":"https:\/\/spital-obregia.ro\/arhiva\/wp-json\/wp\/v2\/users\/2"}],"replies":[{"embeddable":true,"href":"https:\/\/spital-obregia.ro\/arhiva\/wp-json\/wp\/v2\/comments?post=3982"}],"version-history":[{"count":0,"href":"https:\/\/spital-obregia.ro\/arhiva\/wp-json\/wp\/v2\/pages\/3982\/revisions"}],"wp:attachment":[{"href":"https:\/\/spital-obregia.ro\/arhiva\/wp-json\/wp\/v2\/media?parent=3982"}],"curies":[{"name":"wp","href":"https:\/\/api.w.org\/{rel}","templated":true}]}}