{"id":3978,"date":"2021-11-20T11:29:57","date_gmt":"2021-11-20T09:29:57","guid":{"rendered":"https:\/\/spital-obregia.ro\/?page_id=3978"},"modified":"2021-11-20T11:30:57","modified_gmt":"2021-11-20T09:30:57","slug":"drepturile-si-obligatiile-pacientilor","status":"publish","type":"page","link":"https:\/\/spital-obregia.ro\/arhiva\/drepturile-si-obligatiile-pacientilor\/","title":{"rendered":"Drepturile \u0219i obliga\u021biile pacientului"},"content":{"rendered":"\n<p><strong>DREPTURILE PACIENTULUI<\/strong><\/p>\n\n\n\n<p>Pacientii au dreptul la \u00eengrijiri medicale de cea mai inalta calitate de care societatea dispune, \u00een conformitate cu resursele umane, financiare si materiale.<br>Pacientul are dreptul de a fi respectat ca persoana umana, fara nici o discriminare.<\/p>\n\n\n\n<p>Dreptul pacientului la informatia medicala<\/p>\n\n\n\n<p>Pacientul are dreptul de a fi informat cu privire la serviciile medicale disponibile, precum si la modul de a le utiliza.<br>Pacientul are dreptul de a fi informat asupra identitatii si statutului profesional al furnizorilor de servicii de sanatate.<br>Pacientul internat are dreptul de a fi informat asupra regulilor si obiceiurilor pe care trebuie sa le respecte pe durata spitalizarii.<br>Pacientul are dreptul de a fi informat asupra starii sale de sanatate, a interventiilor medicale propuse, a riscurilor potentiale ale fiecarei proceduri, a alternativelor existente la procedurile propuse, inclusiv asupra neefectuarii tratamentului si nerespectarii recomandarilor medicale, precum si cu privire la date despre diagnostic si prognostic.<br>Pacientul are dreptul de a decide daca mai doreste sa fie informat \u00een cazul \u00een care informatiile prezentate de catre medic i-ar cauza suferinta.<br>Pacientul are dreptul de a cere \u00een mod expres sa nu fie informat si de a alege o alta persoana care sa fie informata \u00een locul sau.<br>Rudele si prietenii pacientului pot fi informati despre evolutia investigatiilor, diagnostic si tratament, cu acordul pacientului.<br>Pacientul are dreptul de a cere si de a obtine o alta opinie medicala.<br>Pacientul are dreptul sa solicite si sa primeasca, la externare, un rezumat scris al investigatiilor, diagnosticului, tratamentului si ingrijirilor acordate pe perioada spitalizarii.<\/p>\n\n\n\n<p>Consimtam\u00e2ntul pacientului privind interventia medicala<\/p>\n\n\n\n<p>Pacientul are dreptul sa refuze sau sa opreasca o interventie medicala asum\u00e2ndu-si, \u00een scris, raspunderea pentru decizia sa; consecintele refuzului sau ale opririi actelor medicale trebuie explicate pacientului.<br>C\u00e2nd pacientul nu \u00eesi poate exprima vointa, dar este necesara o interventie medicala de urgenta, personalul medical are dreptul sa deduca acordul pacientului dintr-o exprimare anterioara a vointei acestuia.<br>\u00cen cazul \u00een care pacientul necesita o interventie medicala de urgenta, consimtam\u00e2ntul reprezentantului legal nu mai este necesar.<br>\u00cen cazul \u00een care se cere consimtam\u00e2ntul reprezentantului legal, pacientul trebuie sa fie implicat \u00een procesul de luare a deciziei at\u00e2t cat permite capacitatea lui de \u00eentelegere.<br>\u00cen cazul \u00een care furnizorii de servicii medicale considera ca interventia este \u00een interesul pacientului, iar reprezentantul legal refuza sa \u00eesi dea consimtam\u00e2ntul, decizia este declinata unei comisii de arbitraj de specialitate.<br>Comisia de arbitraj este constituita din 3 medici pentru pacientii internati \u00een spitale si din 2 medici pentru pacientii din ambulator.<br>Consimtam\u00e2ntul pacientului este obligatoriu pentru recoltarea, pastrarea, folosirea tuturor produselor biologice prelevate din corpul sau, \u00een vederea stabilirii diagnosticului sau a tratamentului cu care acesta este de acord.<br>Consimtam\u00e2ntul pacientului este obligatoriu \u00een cazul participarii sale \u00een \u00eenvatam\u00e2ntul medical clinic si la cercetarea stiintifica. Nu pot fi folosite pentru cercetare stiintifica persoanele care nu sunt capabile sa \u00eesi exprime vointa, cu exceptia obtinerii consimtam\u00e2ntului de la reprezentantul legal si daca cercetarea este facuta si \u00een interesul pacientului.<br>Pacientul nu poate fi fotografiat sau filmat \u00eentr-o unitate medicala fara consimtam\u00e2ntul sau, cu exceptia cazurilor \u00een care imaginile sunt necesare diagnosticului sau tratamentului si evitarii suspectarii unei culpe medicale.<\/p>\n\n\n\n<p>Dreptul la confidentialitatea informatiilor si viata privata a pacientului<\/p>\n\n\n\n<p>Toate informatiile privind starea pacientului, rezultatele investigatiilor, diagnosticul, prognosticul, tratamentul, datele personale sunt confidentiale chiar si dupa decesul acestuia.<br>Informatiile cu caracter confidential pot fi furnizate numai \u00een cazul \u00een care pacientul \u00eesi da consimtam\u00e2ntul explicit sau daca legea o cere \u00een mod expres.<br>\u00cen cazul \u00een care informatiile sunt necesare altor furnizori de servicii medicale acreditati, implicati \u00een tratamentul pacientului, acordarea consimtam\u00e2ntului nu mai este obligatorie.<br>Pacientul are acces la datele medicale personale.<br>Orice amestec \u00een viata privata, familiala a pacientului este interzis, cu exceptia cazurilor \u00een care aceasta imixtiune influenteaza pozitiv diagnosticul, tratamentul ori ingrijirile acordate si numai cu consimtam\u00e2ntul pacientului.<br>Sunt considerate exceptii cazurile \u00een care pacientul reprezinta pericol pentru sine sau pentru sanatatea publica.<\/p>\n\n\n\n<p><strong>OBLIGATIILE PACIENTULUI<\/strong><\/p>\n\n\n\n<ol class=\"wp-block-list\"><li>Sa respecte regulile ce se aplica \u00een spital;<\/li><li>Sa pastreze ordinea, linistea si curatenia \u00een spital;<\/li><li>Sa respecte programul de vizite si de masa precum si circuitele functionale din spital;<\/li><li>Sa nu deterioreze bunurile din spital;<\/li><li>Sa respecte indicatiile terapeutice ale medicului pe perioada internarii;<\/li><li>Sa nu utilizeze consumatori electrici dec\u00e2t cu aprobarea medicilor sefi de sectie;<\/li><li>Sa nu paraseasca spitalul fara aprobare pentru probleme extramedicale; \u00een cazul \u00een care are drept de \u00eenvoire sa nu depaseasca timpul care i-a fost acordat;<\/li><li>Sa pastreze si sa predea \u00een bune conditii echipamentul de spital si lenjeria de pat primite pentru sederea \u00een spital;<\/li><\/ol>\n\n\n\n<p>Se interzice complet fumatul in spital avand in vedere prevederile Legii nr. 349\/2002 art.3(1). Nerespectarea acestei prevederi constituie contraventie si se sanctioneaza cu amenda contraventionala de la 100 \u2013 500 RON. Aceasta prevedere trebuie respectata de catre personalul incadrat in unitate, de catre pacienti, apartinatori precum si orice alta persoana care se afla in unitatea sanitara.<\/p>\n","protected":false},"excerpt":{"rendered":"<p>DREPTURILE PACIENTULUI Pacientii au dreptul la \u00eengrijiri medicale de cea mai inalta calitate de care societatea dispune, \u00een conformitate cu resursele umane, financiare si materiale.Pacientul are dreptul de a fi respectat ca persoana umana, fara nici o discriminare. Dreptul pacientului la informatia medicala Pacientul are dreptul de a fi informat cu privire la serviciile medicale [&hellip;]<\/p>\n","protected":false},"author":2,"featured_media":0,"parent":0,"menu_order":0,"comment_status":"closed","ping_status":"closed","template":"","meta":{"_lmt_disableupdate":"","_lmt_disable":"","footnotes":""},"class_list":["post-3978","page","type-page","status-publish","hentry"],"blocksy_meta":{"styles_descriptor":{"styles":{"desktop":"","tablet":"","mobile":""},"google_fonts":[],"version":6}},"featured_image_src":null,"jetpack_sharing_enabled":true,"_links":{"self":[{"href":"https:\/\/spital-obregia.ro\/arhiva\/wp-json\/wp\/v2\/pages\/3978","targetHints":{"allow":["GET"]}}],"collection":[{"href":"https:\/\/spital-obregia.ro\/arhiva\/wp-json\/wp\/v2\/pages"}],"about":[{"href":"https:\/\/spital-obregia.ro\/arhiva\/wp-json\/wp\/v2\/types\/page"}],"author":[{"embeddable":true,"href":"https:\/\/spital-obregia.ro\/arhiva\/wp-json\/wp\/v2\/users\/2"}],"replies":[{"embeddable":true,"href":"https:\/\/spital-obregia.ro\/arhiva\/wp-json\/wp\/v2\/comments?post=3978"}],"version-history":[{"count":0,"href":"https:\/\/spital-obregia.ro\/arhiva\/wp-json\/wp\/v2\/pages\/3978\/revisions"}],"wp:attachment":[{"href":"https:\/\/spital-obregia.ro\/arhiva\/wp-json\/wp\/v2\/media?parent=3978"}],"curies":[{"name":"wp","href":"https:\/\/api.w.org\/{rel}","templated":true}]}}