{"id":3850,"date":"2021-11-19T12:02:28","date_gmt":"2021-11-19T10:02:28","guid":{"rendered":"https:\/\/spital-obregia.ro\/?page_id=3850"},"modified":"2022-07-05T15:26:44","modified_gmt":"2022-07-05T12:26:44","slug":"consiliul-medical","status":"publish","type":"page","link":"https:\/\/spital-obregia.ro\/arhiva\/consiliul-medical\/","title":{"rendered":"Consiliul medical"},"content":{"rendered":"\n<p><strong>Pre\u0219edinte<\/strong> : Dr. Eduard Petru MO\u021aOESCU \u2013 Director Medical<\/p>\n\n\n\n<p><strong>Membri:<\/strong><\/p>\n\n\n\n<ul class=\"wp-block-list\"><li>As. med. princ. lic. Corina GAGIU \u2013 Director de \u00cengrijiri<\/li><li>Prof. Dr. Adela Magdalena CIOBANU \u2013 Medic \u0219ef Sec\u021bia Clinic\u0103 Psihiatrie I<\/li><li>Prof. Dr. C\u0103t\u0103lina TUDOSE \u2013 Medic \u0219ef Sec\u021bia Clinic\u0103 Psihiatrie II<\/li><li>\u0218ef Lucr. Mihnea Costin MANEA \u2013 Medic \u0219ef Sec\u021bia Clinic\u0103 Psihiatrie III<\/li><li>Prof. Dr. Mirela MANEA \u2013 Medic \u0219ef Sec\u021bia Clinic\u0103 Psihiatrie IV<\/li><li>Conf. Dr. Florina RAD \u2013 Medic \u0219ef Sec\u021bia Clinic\u0103 Psihiatrie Pediatric\u0103<\/li><li>Conf. Dr. Mihaela Catrinel ILIESCU \u2013 Medic \u0219ef Sec\u021bia Clinic\u0103 Neurologie Pediatric\u0103<\/li><li>As. Univ. Dr. Carmen-Elena UDREA \u2013 Medic \u0219ef Sec\u021bia Clinic\u0103 Psihiatrie VI<\/li><li>\u0218ef Lucr. Dr. Maria Gabriela PUIU \u2013 Medic \u0219ef Sec\u021bia Clinic\u0103 Psihiatrie VII<\/li><li>As. Univ. Dr. Br\u00eendu\u0219a &#8211; Ecaterina FOC\u0218ENEANU \u2013 Medic \u0219ef Sec\u021bia Clinic\u0103 Psihiatrie VIII<\/li><li>\u0218ef Lucr. Dr. Bogdan Eduard PATRICHI \u2013 Medic \u0219ef Sec\u021bia Clinic\u0103 Psihiatrie IX<\/li><li>\u0218ef Lucr. Dr. Alina Elena RO\u0218CA \u2013 Medic \u0219ef Sec\u021bia Psihiatrie X<\/li><li>Dr. Anca Elena T\u0102NASE \u2013 Medic \u0219ef Sec\u021bia Psihiatrie XI<\/li><li>As. Univ. Dr. Anca Ana CHENDEA \u2013 Medic \u0219ef Sec\u021bia Psihiatrie XII<\/li><li>Dr. Corina NICOLAE \u2013 Medic \u0219ef Sec\u021bia Psihiatrie XIII<\/li><li>Dr. Paul Sorinel PLETEA \u2013 Medic \u0219ef Sec\u021bia Psihiatrie XIV<\/li><li>\u0218ef Lucr. Dr. Simona Corina TRIFU \u2013 Medic \u0219ef Sec\u021bia Psihiatrie XV<\/li><li>Dr. Andreea Antoaneta \u0218TEFANACHE \u2013 Medic \u0219ef Sec\u021bia Psihiatrie Toxicomanie XVI<\/li><li>Dr. Florin ENE \u2013 Medic \u0219ef Sec\u021bia Psihiatrie Toxicomanie XVII<\/li><li>Dr. Mihaela Cleopatra RO\u0218CA \u2013 Medic \u0219ef Centrul de S\u0103n\u0103tate Mintal\u0103<\/li><li>Dr. Ileana Loredana SMEUREANU \u2013 Medic \u0219ef Laboratorul de analize medicale<\/li><li>Dr. Elena COMAN \u2013 Medic coordonator Camera de gard\u0103 Psihiatrie Adul\u021bi<\/li><li>Dr. Cristian MIH\u0102ILESCU &#8211; Medic Coordonator Ambulatoriu Integrat<\/li><li>Dr. Radu TEODORESCU &#8211; Medic coordonator Compartiment Psihiatrie Comunitar\u0103<\/li><li>Farm. D\u0103nu\u021ba OROIAN \u2013 Farmacist \u0219ef<\/li><li>Dr. Irina VLAD \u2013 Medic coordonator CPIAAM<\/li><li>Dr. Alecsandra DR\u0102GULIN &#8211; Medic primar Laborator Radiologie<\/li><\/ul>\n","protected":false},"excerpt":{"rendered":"<p>Pre\u0219edinte : Dr. Eduard Petru MO\u021aOESCU \u2013 Director Medical Membri: As. med. princ. lic. Corina GAGIU \u2013 Director de \u00cengrijiri Prof. Dr. Adela Magdalena CIOBANU \u2013 Medic \u0219ef Sec\u021bia Clinic\u0103 Psihiatrie I Prof. Dr. C\u0103t\u0103lina TUDOSE \u2013 Medic \u0219ef Sec\u021bia Clinic\u0103 Psihiatrie II \u0218ef Lucr. Mihnea Costin MANEA \u2013 Medic \u0219ef Sec\u021bia Clinic\u0103 Psihiatrie III [&hellip;]<\/p>\n","protected":false},"author":2,"featured_media":0,"parent":0,"menu_order":0,"comment_status":"closed","ping_status":"closed","template":"","meta":{"_lmt_disableupdate":"no","_lmt_disable":"no","footnotes":""},"class_list":["post-3850","page","type-page","status-publish","hentry"],"blocksy_meta":{"styles_descriptor":{"styles":{"desktop":"","tablet":"","mobile":""},"google_fonts":[],"version":6}},"featured_image_src":null,"jetpack_sharing_enabled":true,"_links":{"self":[{"href":"https:\/\/spital-obregia.ro\/arhiva\/wp-json\/wp\/v2\/pages\/3850","targetHints":{"allow":["GET"]}}],"collection":[{"href":"https:\/\/spital-obregia.ro\/arhiva\/wp-json\/wp\/v2\/pages"}],"about":[{"href":"https:\/\/spital-obregia.ro\/arhiva\/wp-json\/wp\/v2\/types\/page"}],"author":[{"embeddable":true,"href":"https:\/\/spital-obregia.ro\/arhiva\/wp-json\/wp\/v2\/users\/2"}],"replies":[{"embeddable":true,"href":"https:\/\/spital-obregia.ro\/arhiva\/wp-json\/wp\/v2\/comments?post=3850"}],"version-history":[{"count":0,"href":"https:\/\/spital-obregia.ro\/arhiva\/wp-json\/wp\/v2\/pages\/3850\/revisions"}],"wp:attachment":[{"href":"https:\/\/spital-obregia.ro\/arhiva\/wp-json\/wp\/v2\/media?parent=3850"}],"curies":[{"name":"wp","href":"https:\/\/api.w.org\/{rel}","templated":true}]}}