{"id":3848,"date":"2021-11-19T12:02:14","date_gmt":"2021-11-19T10:02:14","guid":{"rendered":"https:\/\/spital-obregia.ro\/?page_id=3848"},"modified":"2022-03-31T12:03:19","modified_gmt":"2022-03-31T09:03:19","slug":"comitet-director","status":"publish","type":"page","link":"https:\/\/spital-obregia.ro\/arhiva\/comitet-director\/","title":{"rendered":"Comitet director"},"content":{"rendered":"\n<ul class=\"wp-block-list\"><li><strong>Manager &#8211; Dr. Andrian \u021a\u00ceB\u00ceRN\u0102<\/strong><\/li><li><strong>Director Medical \u2013 Dr. <strong>Eduard<\/strong><\/strong> <strong>Petru MO\u021aOESCU<\/strong><\/li><li><strong>Director Financiar Contabil \u2013 Ec. Mihai Iancu BU\u021aURC\u0102<\/strong><\/li><li><strong>Director \u00cengrijiri \u2013 As. med. Corina GAGIU<\/strong><\/li><li><strong>Coordonator CPLIAAM &#8211; Dr. Irina VLAD<\/strong><\/li><li><strong>Secretar &#8211; Nicoleta Simona PETRE<\/strong><\/li><\/ul>\n","protected":false},"excerpt":{"rendered":"<p>Manager &#8211; Dr. Andrian \u021a\u00ceB\u00ceRN\u0102 Director Medical \u2013 Dr. Eduard Petru MO\u021aOESCU Director Financiar Contabil \u2013 Ec. Mihai Iancu BU\u021aURC\u0102 Director \u00cengrijiri \u2013 As. med. Corina GAGIU Coordonator CPLIAAM &#8211; Dr. Irina VLAD Secretar &#8211; Nicoleta Simona PETRE<\/p>\n","protected":false},"author":2,"featured_media":0,"parent":0,"menu_order":0,"comment_status":"closed","ping_status":"closed","template":"","meta":{"_lmt_disableupdate":"no","_lmt_disable":"no","footnotes":""},"class_list":["post-3848","page","type-page","status-publish","hentry"],"blocksy_meta":{"styles_descriptor":{"styles":{"desktop":"","tablet":"","mobile":""},"google_fonts":[],"version":6}},"featured_image_src":null,"jetpack_sharing_enabled":true,"_links":{"self":[{"href":"https:\/\/spital-obregia.ro\/arhiva\/wp-json\/wp\/v2\/pages\/3848","targetHints":{"allow":["GET"]}}],"collection":[{"href":"https:\/\/spital-obregia.ro\/arhiva\/wp-json\/wp\/v2\/pages"}],"about":[{"href":"https:\/\/spital-obregia.ro\/arhiva\/wp-json\/wp\/v2\/types\/page"}],"author":[{"embeddable":true,"href":"https:\/\/spital-obregia.ro\/arhiva\/wp-json\/wp\/v2\/users\/2"}],"replies":[{"embeddable":true,"href":"https:\/\/spital-obregia.ro\/arhiva\/wp-json\/wp\/v2\/comments?post=3848"}],"version-history":[{"count":0,"href":"https:\/\/spital-obregia.ro\/arhiva\/wp-json\/wp\/v2\/pages\/3848\/revisions"}],"wp:attachment":[{"href":"https:\/\/spital-obregia.ro\/arhiva\/wp-json\/wp\/v2\/media?parent=3848"}],"curies":[{"name":"wp","href":"https:\/\/api.w.org\/{rel}","templated":true}]}}