{"id":3846,"date":"2021-11-19T12:01:59","date_gmt":"2021-11-19T10:01:59","guid":{"rendered":"https:\/\/spital-obregia.ro\/?page_id=3846"},"modified":"2024-04-05T10:23:08","modified_gmt":"2024-04-05T07:23:08","slug":"consiliul-de-administratie","status":"publish","type":"page","link":"https:\/\/spital-obregia.ro\/arhiva\/consiliul-de-administratie\/","title":{"rendered":"Consiliul de administra\u021bie"},"content":{"rendered":"\n<p><strong>Membri titulari<\/strong><\/p>\n\n\n\n<ul class=\"wp-block-list\">\n<li>Pre\u0219edinte &#8211; Psih. Floricica APOSTOL &#8211; Prim\u0103ria Muncipiului Bucure\u0219ti<\/li>\n\n\n\n<li>Prof. Dr. Anca B\u0102D\u0102R\u0102U &#8211; UMF &#8222;Carol Davila&#8221;<\/li>\n\n\n\n<li>Alice Valentina DUMITRU &#8211; DSP<\/li>\n\n\n\n<li>Ioan Adrian MERA &#8211; ASSMB<\/li>\n\n\n\n<li>Ionela CRUCERU &#8211; ASSMB<\/li>\n\n\n\n<li>Alexandru SIMION &#8211; ASSMB<\/li>\n<\/ul>\n\n\n\n<p><strong>Observatori<\/strong><\/p>\n\n\n\n<ul class=\"wp-block-list\">\n<li>Titular &#8211; Prof. Dr. C\u0103t\u0103lina TUDOSE &#8211; Colegiul Medicilor Bucure\u0219ti<\/li>\n\n\n\n<li>Supleant &#8211; Dr. Corina P\u00c2NZARU &#8211; Colegiul Medicilor Bucure\u0219ti<\/li>\n\n\n\n<li>As. med. Florin MITITELU &#8211; OAMGMAMR<\/li>\n\n\n\n<li>Radu Robert Nicu\u0219or &#8211; Sindicatul SANITAS<\/li>\n<\/ul>\n","protected":false},"excerpt":{"rendered":"<p>Membri titulari Observatori<\/p>\n","protected":false},"author":2,"featured_media":0,"parent":0,"menu_order":0,"comment_status":"closed","ping_status":"closed","template":"","meta":{"_lmt_disableupdate":"yes","_lmt_disable":"","footnotes":""},"class_list":["post-3846","page","type-page","status-publish","hentry"],"blocksy_meta":{"styles_descriptor":{"styles":{"desktop":"","tablet":"","mobile":""},"google_fonts":[],"version":6}},"featured_image_src":null,"jetpack_sharing_enabled":true,"_links":{"self":[{"href":"https:\/\/spital-obregia.ro\/arhiva\/wp-json\/wp\/v2\/pages\/3846","targetHints":{"allow":["GET"]}}],"collection":[{"href":"https:\/\/spital-obregia.ro\/arhiva\/wp-json\/wp\/v2\/pages"}],"about":[{"href":"https:\/\/spital-obregia.ro\/arhiva\/wp-json\/wp\/v2\/types\/page"}],"author":[{"embeddable":true,"href":"https:\/\/spital-obregia.ro\/arhiva\/wp-json\/wp\/v2\/users\/2"}],"replies":[{"embeddable":true,"href":"https:\/\/spital-obregia.ro\/arhiva\/wp-json\/wp\/v2\/comments?post=3846"}],"version-history":[{"count":1,"href":"https:\/\/spital-obregia.ro\/arhiva\/wp-json\/wp\/v2\/pages\/3846\/revisions"}],"predecessor-version":[{"id":6864,"href":"https:\/\/spital-obregia.ro\/arhiva\/wp-json\/wp\/v2\/pages\/3846\/revisions\/6864"}],"wp:attachment":[{"href":"https:\/\/spital-obregia.ro\/arhiva\/wp-json\/wp\/v2\/media?parent=3846"}],"curies":[{"name":"wp","href":"https:\/\/api.w.org\/{rel}","templated":true}]}}