{"id":3785,"date":"2021-11-19T10:42:37","date_gmt":"2021-11-19T08:42:37","guid":{"rendered":"https:\/\/spital-obregia.ro\/?page_id=3785"},"modified":"2021-11-20T09:32:34","modified_gmt":"2021-11-20T07:32:34","slug":"solicitarea-informatiilor-de-interes-public","status":"publish","type":"page","link":"https:\/\/spital-obregia.ro\/arhiva\/solicitarea-informatiilor-de-interes-public\/","title":{"rendered":"Solicitare informa\u021bii de interes public"},"content":{"rendered":"\n<p><strong>Responsabil pentru accesul la informa\u021bii de interes public<\/strong><\/p>\n\n\n\n<ul class=\"wp-block-list\"><li><strong>Ref. de spec. Mirela Corina AFTENE<\/strong><\/li><li><a href=\"mailto:secretariat@spital-obregia.ro\"><i class=\"fas fa-envelope\"><\/i> secretariat@spital-obregia.ro<\/a><\/li><li><a href=\"tel:0213348250\"><i class=\"fas fa-phone\"><\/i> 021 334 82 50<\/a><\/li><\/ul>\n\n\n\n<p><\/p>\n\n\n\n<p><\/p>\n\n\n\n<p><strong>Leg\u0103turi utile<\/strong><\/p>\n\n\n\n<ul class=\"wp-block-list\"><li><a href=\"http:\/\/legislatie.just.ro\/Public\/DetaliiDocument\/31413\"><strong>LEGE nr. 544 din 12 octombrie 2001<\/strong> &#8211; privind liberul acces la informa\u021biile de interes public<\/a><\/li><li><a href=\"https:\/\/legislatie.just.ro\/Public\/DetaliiDocument\/34416\"><strong>HOT\u0102R\u00c2RE nr. 123 din 7 februarie 2002<\/strong> &#8211; pentru aprobarea Normelor metodologice de aplicare a Legii nr. 544\/2001 privind liberul acces la informa\u021biile de interes public<\/a><\/li><li><a rel=\"noreferrer noopener\" href=\"https:\/\/www.dataprotection.ro\/servlet\/ViewDocument?id=1262\" target=\"_blank\"><strong>Regulamentul (UE) 2016\/679<\/strong> &#8211; privind protec\u0163ia persoanelor fizice \u00een ceea ce prive\u015fte prelucrarea datelor cu caracter personal \u015fi privind libera circula\u0163ie a acestor date \u015fi de abrogare a Directivei 95\/46\/CE (Regulamentul general privind protec\u0163ia datelor)<\/a><\/li><\/ul>\n\n\n\n<p><\/p>\n","protected":false},"excerpt":{"rendered":"<p>Responsabil pentru accesul la informa\u021bii de interes public Ref. de spec. Mirela Corina AFTENE secretariat@spital-obregia.ro 021 334 82 50 Leg\u0103turi utile LEGE nr. 544 din 12 octombrie 2001 &#8211; privind liberul acces la informa\u021biile de interes public HOT\u0102R\u00c2RE nr. 123 din 7 februarie 2002 &#8211; pentru aprobarea Normelor metodologice de aplicare a Legii nr. 544\/2001 [&hellip;]<\/p>\n","protected":false},"author":2,"featured_media":0,"parent":0,"menu_order":0,"comment_status":"closed","ping_status":"closed","template":"","meta":{"_lmt_disableupdate":"","_lmt_disable":"","footnotes":""},"class_list":["post-3785","page","type-page","status-publish","hentry"],"blocksy_meta":{"styles_descriptor":{"styles":{"desktop":"","tablet":"","mobile":""},"google_fonts":[],"version":6}},"featured_image_src":null,"jetpack_sharing_enabled":true,"_links":{"self":[{"href":"https:\/\/spital-obregia.ro\/arhiva\/wp-json\/wp\/v2\/pages\/3785","targetHints":{"allow":["GET"]}}],"collection":[{"href":"https:\/\/spital-obregia.ro\/arhiva\/wp-json\/wp\/v2\/pages"}],"about":[{"href":"https:\/\/spital-obregia.ro\/arhiva\/wp-json\/wp\/v2\/types\/page"}],"author":[{"embeddable":true,"href":"https:\/\/spital-obregia.ro\/arhiva\/wp-json\/wp\/v2\/users\/2"}],"replies":[{"embeddable":true,"href":"https:\/\/spital-obregia.ro\/arhiva\/wp-json\/wp\/v2\/comments?post=3785"}],"version-history":[{"count":0,"href":"https:\/\/spital-obregia.ro\/arhiva\/wp-json\/wp\/v2\/pages\/3785\/revisions"}],"wp:attachment":[{"href":"https:\/\/spital-obregia.ro\/arhiva\/wp-json\/wp\/v2\/media?parent=3785"}],"curies":[{"name":"wp","href":"https:\/\/api.w.org\/{rel}","templated":true}]}}