{"id":3777,"date":"2021-11-19T10:42:12","date_gmt":"2021-11-19T08:42:12","guid":{"rendered":"https:\/\/spital-obregia.ro\/?page_id=3777"},"modified":"2023-04-27T08:41:25","modified_gmt":"2023-04-27T05:41:25","slug":"mass-media","status":"publish","type":"page","link":"https:\/\/spital-obregia.ro\/arhiva\/mass-media\/","title":{"rendered":"Mass-media"},"content":{"rendered":"\n<p class=\"has-text-align-right\"><strong><em>Anexa nr. 4&nbsp; la PS \u2013 MG.055.02.00\u2013GEN.26<\/em><\/strong><\/p>\n\n\n\n<h4 class=\"wp-block-heading has-text-align-center\"><strong><a>REGULI PRIVIND ACCESUL REPREZENTAN\u021aILOR MASS-MEDIA<\/a><br>\u00een Spitalul Clinic de Psihiatrie &#8222;Prof. Dr. Alexandru Obregia&#8221; Bucure\u0219ti<\/strong><\/h4>\n\n\n\n<ol class=\"wp-block-list\" type=\"1\">\n<li>Accesul reprezentan\u021bilor mass-media pe teritoriul Spitalului Clinic de Psihiatrie &#8222;Prof. Dr. Alexandru Obregia&#8221;<strong> <\/strong>se face numai pe baza &#8222;Cererii de acreditare jurnalist&#8221;- aprobat\u0103, a &#8222;Legitima\u021biei de acreditare jurnalist&#8221; \u0219i a documentului de identitate.<\/li>\n\n\n\n<li>Accesul Reprezentan\u021bilor mass-media va fi permis pe teritoriul spitalului numai dac\u0103 ace\u0219tia \u00ee\u0219i asum\u0103, prin semn\u0103tur\u0103, respectarea prezentelor reguli.<\/li>\n\n\n\n<li>Accesul \u00een spital se face numai echipat corespunz\u0103tor, cu halat \u0219i cu &#8222;Legitimatia de acreditare jurnalist&#8221; la vedere, pentru identificare.<\/li>\n\n\n\n<li>Pe teritoriul Spitalului Clinic de Psihiatrie &#8222;Prof. Dr. Alexandru Obregia&#8221;, accesul se face \u00eenso\u021bit numai de c\u0103tre Purt\u0103torul de cuv\u00e2nt sau alt\u0103 persoan\u0103(e) delegate de managerul spitalului.<\/li>\n\n\n\n<li>Reprezentan\u021bii mass-media pot filma \u00een spital numai \u00een spa\u021biile pentru care managerul \u0219i-a exprimat acordul \u00een mod explicit, iar intervievarea pacien\u021bilor sau filmarea acestora se poate face numai \u00een condi\u021biile legii.<\/li>\n\n\n\n<li>Realizarea unui interviu cu echipa managerial\u0103 a Spitalului Clinic de Psihiatrie &#8222;Prof. Dr. Alexandru Obregia&#8221; se va realiza doar \u00een urma unei solicit\u0103ri scrise \u0219i doar cu acordul managerului &#8211; reprezentantul legal al spitalului.<\/li>\n\n\n\n<li>In virtutea respect\u0103rii confidentialit\u0103\u021bii actului medical \u0219i a datelor referitoare la starea pacien\u021bilor Spitalului Clinic de Psihiatrie &#8222;Prof. Dr. Alexandru Obregia&#8221;, nu se pot divulga informa\u021bii despre un pacient dec\u00e2t cu acordul scris al acestuia sau al reprezentantului legal \u0219i vor fi acordate numai ziari\u0219tilor acredita\u021bi.<\/li>\n\n\n\n<li>Pentru informarea privind starea unui pacient, probleme de diagnostic, prognostic, tratament, circumstan\u021be \u00een leg\u0103tur\u0103 cu boala \u0219i cu alte diverse fapte, ziari\u0219tii acredita\u021bi se vor adresa Purtatorului de cuv\u00e2nt al Spitalului Clinic de Psihiatrie &#8222;Prof. Dr. Alexandru Obregia&#8221;, care va contacta \u0219eful de sec\u021bie pentru a ob\u021bine date despre starea pacientului \u00een cauz\u0103 \u0219i va oferi o scurt\u0103 descriere a st\u0103rii sau a evolu\u021biei st\u0103rii de s\u0103n\u0103tate.<\/li>\n\n\n\n<li>Ziari\u0219tii acredita\u021bi pot solicita organizarea unor \u00eent\u00e2lniri, dezbateri \u0219i conferin\u021be de pres\u0103 cu persoanele din conducerea Spitalului Clinic de Psihiatrie &#8222;Prof. Dr. Alexandru Obregia&#8221;.<\/li>\n\n\n\n<li>Nu vor fi divulgate informa\u021bii cu privire la copiii sub 16 ani afla\u021bi sub tratament dec\u00e2t cu &#8222;Acordul \u00een scris al apar\u021bin\u0103torilor&#8221;. Informa\u021biile puse la dispozi\u021bia reprezentan\u021bilor mass-media, \u00een cadrul interviului, vor \u021bine cont de dreptul la protejarea imaginii publice \u0219i a vie\u021bii intime, private \u0219i familiale ale copilului \u00een cauz\u0103;<\/li>\n\n\n\n<li>Nu vor fi f\u0103cute publice informa\u021bii cu privire la indicii care ar putea duce la identificarea pacientului \u00een situa\u021bia \u00een care acesta a fost victima unui abuz sexual, abuz fizic sau psihic, sau a fost acuzat de comiterea unor infrac\u021biuni sau martor la s\u0103v\u00e2r\u0219irea acestora.<\/li>\n\n\n\n<li>Nu se vor face referiri discriminatorii la originea etnic\u0103, na\u021bionalitatea, rasa sau religia pacientului precum \u0219i un eventual handicap al acestuia.<\/li>\n\n\n\n<li>Declara\u021biile referitoare la o persoan\u0103 se vor face respect\u00e2nd drepturile \u0219i libert\u0103\u021bile fundamentale ale omului.<\/li>\n\n\n\n<li>Este interzis accesul persoanelor care au asupra lor aparate de filmat, de fotografiat sau de \u00eenregistrat f\u0103r\u0103 aprobarea managerului spitalului.<\/li>\n\n\n\n<li>Este interzis accesul \u00een spital al persoanelor care au asupra lor armament, muni\u0163ii, substan\u0163e toxice, stupefiante, explozive ori alte instrumente care pot pune \u00een pericol via\u0163a, integritatea corporal\u0103 sau s\u0103n\u0103tatea personalului propriu \u015fi a pacien\u0163ilor ori patrimoniul spitalului.<\/li>\n\n\n\n<li>Toti Reprezentan\u021bii mass-media care vor oferi informa\u021bii \u00eenregistrate audio\/video de pe teritoriul Spitalului Clinic de Psihiatrie &#8222;Prof. Dr. Alexandru Obregia&#8221; au obliga\u021bia de a asigura informarea obiectiv\u0103 a publicului prin prezentarea corect\u0103 a faptelor \u0219i evenimentelor.<\/li>\n\n\n\n<li>Reprezentan\u021bii mass-media nu vor recurge la \u00een\u0219el\u0103ciune \u00een vederea ob\u021binerii unor informa\u021bii sus\u021bin\u00e2nd c\u0103 sunt persoane angajate ale spitalului.<\/li>\n\n\n\n<li>Reprezentan\u021bii mass-media care vor ob\u021bine \u0219i utiliza informa\u021bii din cadrul spitalului folosind mijloace de \u00eenregistrare audio\/video ascunse se fac r\u0103spunz\u0103tori pentru faptele lor \u0219i vor suporta consecin\u021bele.<\/li>\n\n\n\n<li>Utilizarea metodelor men\u021bionate atrage dup\u0103 sine interzicerea accesului \u00een cadrul Spitalului Clinic de Psihiatrie &#8222;Prof. Dr. Alexandru Obregia&#8221;, cu alte ocazii, pe termen nelimitat.<\/li>\n<\/ol>\n\n\n\n<h4 class=\"wp-block-heading\"><a href=\"https:\/\/spital-obregia.ro\/arhiva\/wp-content\/uploads\/2023\/04\/cerere-de-acreditare-mass-media.docx\" target=\"_blank\" rel=\"noreferrer noopener nofollow\"><strong>DESCARC\u0102 CEREREA DE ACREDITARE MASS-MEDIA<\/strong><\/a><\/h4>\n\n\n\n<p><\/p>\n","protected":false},"excerpt":{"rendered":"<p>Anexa nr. 4&nbsp; la PS \u2013 MG.055.02.00\u2013GEN.26 REGULI PRIVIND ACCESUL REPREZENTAN\u021aILOR MASS-MEDIA\u00een Spitalul Clinic de Psihiatrie &#8222;Prof. Dr. Alexandru Obregia&#8221; Bucure\u0219ti DESCARC\u0102 CEREREA DE ACREDITARE MASS-MEDIA<\/p>\n","protected":false},"author":2,"featured_media":0,"parent":0,"menu_order":0,"comment_status":"closed","ping_status":"closed","template":"","meta":{"_lmt_disableupdate":"","_lmt_disable":"","footnotes":""},"class_list":["post-3777","page","type-page","status-publish","hentry"],"blocksy_meta":{"styles_descriptor":{"styles":{"desktop":"","tablet":"","mobile":""},"google_fonts":[],"version":6}},"featured_image_src":null,"jetpack_sharing_enabled":true,"_links":{"self":[{"href":"https:\/\/spital-obregia.ro\/arhiva\/wp-json\/wp\/v2\/pages\/3777","targetHints":{"allow":["GET"]}}],"collection":[{"href":"https:\/\/spital-obregia.ro\/arhiva\/wp-json\/wp\/v2\/pages"}],"about":[{"href":"https:\/\/spital-obregia.ro\/arhiva\/wp-json\/wp\/v2\/types\/page"}],"author":[{"embeddable":true,"href":"https:\/\/spital-obregia.ro\/arhiva\/wp-json\/wp\/v2\/users\/2"}],"replies":[{"embeddable":true,"href":"https:\/\/spital-obregia.ro\/arhiva\/wp-json\/wp\/v2\/comments?post=3777"}],"version-history":[{"count":0,"href":"https:\/\/spital-obregia.ro\/arhiva\/wp-json\/wp\/v2\/pages\/3777\/revisions"}],"wp:attachment":[{"href":"https:\/\/spital-obregia.ro\/arhiva\/wp-json\/wp\/v2\/media?parent=3777"}],"curies":[{"name":"wp","href":"https:\/\/api.w.org\/{rel}","templated":true}]}}