{"id":3756,"date":"2021-11-19T10:34:24","date_gmt":"2021-11-19T08:34:24","guid":{"rendered":"https:\/\/spital-obregia.ro\/?page_id=3756"},"modified":"2021-11-19T15:04:03","modified_gmt":"2021-11-19T13:04:03","slug":"manager","status":"publish","type":"page","link":"https:\/\/spital-obregia.ro\/arhiva\/manager\/","title":{"rendered":"Manager"},"content":{"rendered":"\n<h2 class=\"wp-block-heading\"><strong>Dr. Andrian \u021a\u00ceB\u00ceRN\u0102<\/strong><\/h2>\n\n\n\n<p><a href=\"mailto:secretariat@spital-obregia.ro\"><i class=\"fas fa-envelope\"><\/i> secretariat@spital-obregia.ro<\/a><\/p>\n\n\n\n<p><a href=\"tel:0213348250\"><i class=\"fas fa-phone\"><\/i> 021 334 82 50<\/a><\/p>\n","protected":false},"excerpt":{"rendered":"<p>Dr. Andrian \u021a\u00ceB\u00ceRN\u0102 secretariat@spital-obregia.ro 021 334 82 50<\/p>\n","protected":false},"author":2,"featured_media":0,"parent":0,"menu_order":0,"comment_status":"closed","ping_status":"closed","template":"","meta":{"_lmt_disableupdate":"","_lmt_disable":"","footnotes":""},"class_list":["post-3756","page","type-page","status-publish","hentry"],"blocksy_meta":{"styles_descriptor":{"styles":{"desktop":"","tablet":"","mobile":""},"google_fonts":[],"version":6}},"featured_image_src":null,"jetpack_sharing_enabled":true,"_links":{"self":[{"href":"https:\/\/spital-obregia.ro\/arhiva\/wp-json\/wp\/v2\/pages\/3756","targetHints":{"allow":["GET"]}}],"collection":[{"href":"https:\/\/spital-obregia.ro\/arhiva\/wp-json\/wp\/v2\/pages"}],"about":[{"href":"https:\/\/spital-obregia.ro\/arhiva\/wp-json\/wp\/v2\/types\/page"}],"author":[{"embeddable":true,"href":"https:\/\/spital-obregia.ro\/arhiva\/wp-json\/wp\/v2\/users\/2"}],"replies":[{"embeddable":true,"href":"https:\/\/spital-obregia.ro\/arhiva\/wp-json\/wp\/v2\/comments?post=3756"}],"version-history":[{"count":0,"href":"https:\/\/spital-obregia.ro\/arhiva\/wp-json\/wp\/v2\/pages\/3756\/revisions"}],"wp:attachment":[{"href":"https:\/\/spital-obregia.ro\/arhiva\/wp-json\/wp\/v2\/media?parent=3756"}],"curies":[{"name":"wp","href":"https:\/\/api.w.org\/{rel}","templated":true}]}}