{"id":3752,"date":"2021-11-19T10:33:18","date_gmt":"2021-11-19T08:33:18","guid":{"rendered":"https:\/\/spital-obregia.ro\/?page_id=3752"},"modified":"2022-08-21T21:11:19","modified_gmt":"2022-08-21T18:11:19","slug":"legislatie-privind-organizarea-si-functionarea","status":"publish","type":"page","link":"https:\/\/spital-obregia.ro\/arhiva\/legislatie-privind-organizarea-si-functionarea\/","title":{"rendered":"Legisla\u021bie privind organizarea \u0219i func\u021bionarea"},"content":{"rendered":"\n<h4 class=\"wp-block-heading\">Legisla\u021bie medical\u0103<\/h4>\n\n\n\n<ul class=\"wp-block-list\"><li><a href=\"https:\/\/legislatie.just.ro\/Public\/DetaliiDocument\/71139\" target=\"_blank\" rel=\"noreferrer noopener nofollow\"><strong>LEGE nr. 95 din 14 aprilie 2006 (republicat\u0103)<\/strong> &#8211; privind reforma \u00een domeniul s\u0103n\u0103t\u0103\u021bii<\/a><\/li><li><a href=\"https:\/\/legislatie.just.ro\/Public\/DetaliiDocument\/41483\" target=\"_blank\" rel=\"noreferrer noopener nofollow\"><strong>LEGE nr. 46 din 21 ianuarie 2003<\/strong> &#8211; drepturile pacientului<\/a><\/li><li><strong><a href=\"https:\/\/legislatie.just.ro\/Public\/DetaliiDocument\/37898\" target=\"_blank\" rel=\"noreferrer noopener nofollow\">LEGE nr. 487 din 11 iulie 2002 (republicat\u0103) &#8211; <\/a><\/strong><a href=\"https:\/\/legislatie.just.ro\/Public\/DetaliiDocument\/37898\" target=\"_blank\" rel=\"noreferrer noopener nofollow\">s\u0103n\u0103t\u0103\u021bii mintale \u0219i a protec\u021biei persoanelor cu tulbur\u0103ri psihice<\/a><\/li><li><a href=\"https:\/\/legislatie.just.ro\/Public\/DetaliiDocumentAfis\/178134\" target=\"_blank\" rel=\"noreferrer noopener nofollow\"><strong>ORDIN nr. 488 din 15 aprilie 2016<\/strong> &#8211; pentru aprobarea Normelor de aplicare a\u00a0Legii s\u0103n\u0103t\u0103\u0163ii mintale \u015fi a protec\u0163iei persoanelor cu tulbur\u0103ri psihice nr. 487\/2002<\/a><\/li><li><a href=\"https:\/\/legislatie.just.ro\/Public\/DetaliiDocument\/184664\" target=\"_blank\" rel=\"noreferrer noopener nofollow\"><strong>ORDIN nr. 1.410 din 12 decembrie 2016<\/strong> &#8211; privind aprobarea\u00a0Normelor de aplicare\u00a0a\u00a0Legii drepturilor pacientului nr. 46\/2003<\/a><\/li><li><a href=\"https:\/\/legislatie.just.ro\/Public\/DetaliiDocument\/184936\" target=\"_blank\" rel=\"noreferrer noopener nofollow\"><strong>ORDIN nr. 1.411 din 12 decembrie 2016<\/strong> &#8211; privind modificarea \u015fi completarea\u00a0Ordinului ministrului s\u0103n\u0103t\u0103\u0163ii publice nr. 482\/2007\u00a0privind aprobarea Normelor metodologice de aplicare a titlului XV &#8222;R\u0103spunderea civil\u0103 a personalului medical \u015fi a furnizorului de produse \u015fi servicii medicale, sanitare \u015fi farmaceutice&#8221; din\u00a0Legea nr. 95\/2006\u00a0privind reforma \u00een domeniul s\u0103n\u0103t\u0103\u0163ii<\/a><\/li><li><a href=\"https:\/\/legislatie.just.ro\/Public\/DetaliiDocument\/75053\" target=\"_blank\" rel=\"noreferrer noopener nofollow\"><strong><strong>ORDIN nr. 1.091 din 7 septembrie 2006<\/strong><\/strong> &#8211; privind aprobarea protocoalelor de transfer interclinic al pacientului critic<\/a><\/li><li><a href=\"https:\/\/legislatie.just.ro\/Public\/DetaliiDocument\/74284\" target=\"_blank\" rel=\"noreferrer noopener nofollow\"><strong>ORDIN nr. 914 din 26 iulie 2006<\/strong> &#8211; pentru aprobarea normelor privind condi\u021biile pe care trebuie s\u0103 le \u00eendeplineasc\u0103 un spital \u00een vederea ob\u021binerii autoriza\u021biei sanitare de func\u021bionare<\/a><\/li><li><a href=\"https:\/\/legislatie.just.ro\/Public\/DetaliiDocument\/182388\" target=\"_blank\" rel=\"noreferrer noopener nofollow\"><strong>ORDIN nr. 1.101 din 30 septembrie 2016<\/strong> &#8211; privind aprobarea Normelor de supraveghere, prevenire \u015fi limitare a infec\u0163iilor asociate asisten\u0163ei medicale \u00een unit\u0103\u0163ile sanitare<\/a><\/li><li><a href=\"https:\/\/legislatie.just.ro\/Public\/DetaliiDocument\/246338\" target=\"_blank\" rel=\"noreferrer noopener nofollow\"><strong>ORDIN nr. 1.761 din 3 septembrie 2021<\/strong> &#8211; pentru aprobarea\u00a0Normelor tehnice\u00a0privind cur\u0103\u021barea, dezinfec\u021bia \u0219i sterilizarea \u00een unit\u0103\u021bile sanitare publice \u0219i private,\u00a0evaluarea\u00a0eficacit\u0103\u021bii procedurilor de cur\u0103\u021benie \u0219i dezinfec\u021bie efectuate \u00een cadrul acestora,\u00a0procedurile\u00a0recomandate pentru dezinfec\u021bia m\u00e2inilor \u00een func\u021bie de nivelul de risc, precum \u0219i\u00a0metodele\u00a0de evaluare a derul\u0103rii procesului de sterilizare \u0219i controlul eficien\u021bei acestuia<\/a><\/li><li><a href=\"https:\/\/legislatie.just.ro\/Public\/DetaliiDocumentAfis\/143905\" target=\"_blank\" rel=\"noreferrer noopener nofollow\"><strong>ORDIN nr. 1.226 din 3 decembrie 2012<\/strong> &#8211; pentru aprobarea\u00a0Normelor tehnice\u00a0privind gestionarea de\u0219eurilor rezultate din activit\u0103\u021bi medicale \u0219i a\u00a0Metodologiei\u00a0de culegere a datelor pentru baza na\u021bional\u0103 de date privind de\u0219eurile rezultate din activit\u0103\u021bi medicale<\/a><\/li><li><strong><a href=\"https:\/\/legislatie.just.ro\/Public\/DetaliiDocumentAfis\/152239\" target=\"_blank\" rel=\"noreferrer noopener nofollow\">ORDIN nr. 1.142 din 3 octombrie 2013<\/a><\/strong> &#8211; privind aprobarea\u00a0<a href=\"https:\/\/legislatie.just.ro\/Public\/DetaliiDocumentAfis\/222604\" target=\"_blank\" rel=\"noreferrer noopener nofollow\"><strong>procedurilor de practic\u0103\u00a0pentru asisten\u021bi medicali generali\u0219ti<\/strong><\/a><\/li><\/ul>\n\n\n\n<h4 class=\"wp-block-heading\">Legisla\u021bie rela\u021bii de munc\u0103 \u0219i salarizare<\/h4>\n\n\n\n<ul class=\"wp-block-list\"><li><a href=\"https:\/\/legislatie.just.ro\/Public\/DetaliiDocumentAfis\/41625\" target=\"_blank\" rel=\"noreferrer noopener\"><strong>LEGE nr. 53 din 24 ianuarie 2003<\/strong> &#8211; CODUL MUNCII<\/a><\/li><li><a href=\"https:\/\/legislatie.just.ro\/Public\/DetaliiDocument\/190446\" target=\"_blank\" rel=\"noreferrer noopener nofollow\"><strong>LEGE-CADRU nr. 153 din 28 iunie 2017<\/strong> &#8211; privind salarizarea personalului pl\u0103tit din fonduri publice<\/a><\/li><li><a href=\"https:\/\/legislatie.just.ro\/Public\/DetaliiDocumentAfis\/122369\" target=\"_blank\" rel=\"noreferrer noopener nofollow\"><strong>ORDIN nr. 1.224 din 16 septembrie 2010<\/strong> &#8211; privind aprobarea normativelor de personal pentru asisten\u0163a medical\u0103 spitaliceasc\u0103, precum \u015fi pentru modificarea \u015fi completarea&nbsp;Ordinului ministrului s\u0103n\u0103t\u0103\u0163ii publice nr. 1.778\/2006&nbsp;privind aprobarea normativelor de personal<\/a><\/li><li><a href=\"https:\/\/legislatie.just.ro\/Public\/DetaliiDocument\/132841\" target=\"_blank\" rel=\"noreferrer noopener nofollow\"><strong>ORDIN nr. 1.470 din 20 octombrie 2011<\/strong> &#8211; pentru aprobarea criteriilor privind angajarea \u015fi promovarea \u00een func\u0163ii, grade \u015fi trepte profesionale a personalului contractual din unit\u0103\u0163ile sanitare publice din sectorul sanitar<\/a><\/li><li><a href=\"https:\/\/legislatie.just.ro\/Public\/DetaliiDocument\/53835\" target=\"_blank\" rel=\"noreferrer noopener nofollow\"><strong>ORDIN nr. 870 din 1 iulie 2004<\/strong> &#8211; pentru aprobarea Regulamentului privind timpul de munc\u0103, organizarea \u015fi efectuarea g\u0103rzilor \u00een unit\u0103\u0163ile publice din sectorul sanitar<\/a><\/li><li><a href=\"https:\/\/legislatie.just.ro\/Public\/DetaliiDocumentAfis\/127222\" target=\"_blank\" rel=\"noreferrer noopener nofollow\"><strong>HOT\u0102R\u00c2RE nr. 286 din 23 martie 2011<\/strong> &#8211; pentru aprobarea Regulamentului-cadru privind stabilirea principiilor generale de ocupare a unui post vacant sau temporar vacant corespunz\u0103tor func\u0163iilor contractuale \u015fi a criteriilor de promovare \u00een grade sau trepte profesionale imediat superioare a personalului contractual din sectorul bugetar pl\u0103tit din fonduri publice<\/a><\/li><\/ul>\n\n\n\n<h4 class=\"wp-block-heading\">Legisla\u021bie achizi\u021bii publice<\/h4>\n\n\n\n<ul class=\"wp-block-list\"><li><a href=\"https:\/\/legislatie.just.ro\/Public\/DetaliiDocument\/178667\" target=\"_blank\" rel=\"noreferrer noopener nofollow\"><strong>LEGE nr. 98 din 19 mai 2016<\/strong> &#8211; privind achizi\u021biile publice<\/a><\/li><li><a href=\"https:\/\/legislatie.just.ro\/Public\/DetaliiDocument\/179009\" target=\"_blank\" rel=\"noreferrer noopener nofollow\"><strong>HOT\u0102R\u00c2RE nr. 395 din 2 iunie 2016<\/strong> &#8211; pentru aprobarea&nbsp;Normelor metodologice&nbsp;de aplicare a prevederilor referitoare la atribuirea contractului de achizi\u021bie public\u0103\/acordului-cadru din&nbsp;Legea nr. 98\/2016&nbsp;privind achizi\u021biile publice<\/a><\/li><\/ul>\n\n\n\n<h4 class=\"wp-block-heading\">Legisla\u021bie financiar-contabil\u0103<\/h4>\n\n\n\n<ul class=\"wp-block-list\"><li><a href=\"https:\/\/legislatie.just.ro\/Public\/DetaliiDocument\/171282\" target=\"_blank\" rel=\"noreferrer noopener nofollow\"><strong>CODUL FISCAL din 8 septembrie 2015<\/strong> &#8211; Legea 227\/2015<\/a><\/li><li><a href=\"https:\/\/legislatie.just.ro\/Public\/DetaliiDocument\/73527\" target=\"_blank\" rel=\"noreferrer noopener nofollow\"><strong>LEGE nr. 273 din 29 iunie 2006<\/strong> &#8211; privind finan\u021bele publice locale<\/a><\/li><li><strong><a href=\"https:\/\/legislatie.just.ro\/Public\/DetaliiDocument\/1576\" target=\"_blank\" rel=\"noreferrer noopener nofollow\">LEGEA contabilit\u0103\u021bii nr. 82 din 24 decembrie 1991 (republicat\u0103)<\/a><\/strong><\/li><li><a href=\"https:\/\/legislatie.just.ro\/Public\/DetaliiDocument\/19169\" target=\"_blank\" rel=\"noreferrer noopener nofollow\"><strong>ORDONAN\u021a\u0102 nr. 119 din 31 august 1999 (**republicat\u0103**)<\/strong> &#8211; privind controlul intern \u0219i controlul financiar preventiv<\/a><\/li><\/ul>\n\n\n\n<h4 class=\"wp-block-heading\">Legisla\u021bie administrativ \/ SSM-PSI<\/h4>\n\n\n\n<ul class=\"wp-block-list\"><li><a href=\"https:\/\/legislatie.just.ro\/Public\/DetaliiDocument\/45134\" target=\"_blank\" rel=\"noreferrer noopener nofollow\"><strong>LEGE nr. 333 din 8 iulie 2003 (republicat\u0103)<\/strong> &#8211; privind paza obiectivelor, bunurilor, valorilor \u0219i protec\u021bia persoanelor*)<\/a><\/li><li><a href=\"https:\/\/legislatie.just.ro\/Public\/DetaliiDocument\/138059\" target=\"_blank\" rel=\"noreferrer noopener nofollow\"><strong>HOT\u0102R\u00c2RE nr. 301 din 11 aprilie 2012<\/strong> &#8211; pentru aprobarea&nbsp;Normelor metodologice&nbsp;de aplicare a&nbsp;Legii nr. 333\/2003&nbsp;privind paza obiectivelor, bunurilor, valorilor \u0219i protec\u021bia persoanelor<\/a><\/li><li><a href=\"https:\/\/legislatie.just.ro\/Public\/DetaliiDocument\/96581\" target=\"_blank\" rel=\"noreferrer noopener nofollow\"><strong>ORDIN nr. 1.365 din 25 iulie 2008<\/strong> &#8211; privind organizarea serviciului de paz\u0103 \u015fi a regimului de acces \u00een unit\u0103\u0163ile sanitare publice cu paturi din re\u0163eaua Ministerului S\u0103n\u0103t\u0103\u0163ii Publice<\/a><\/li><li><a href=\"https:\/\/legislatie.just.ro\/Public\/DetaliiDocument\/144022\" target=\"_blank\" rel=\"noreferrer noopener nofollow\"><strong>ORDIN nr. 1.284 din 17 decembrie 2012<\/strong> &#8211; privind reglementarea programului de vizite al apar\u0163in\u0103torilor pacien\u0163ilor interna\u0163i \u00een unit\u0103\u0163ile sanitare publice<\/a><\/li><li><a href=\"https:\/\/legislatie.just.ro\/Public\/DetaliiDocument\/73657\" target=\"_blank\" rel=\"noreferrer noopener nofollow\"><strong>LEGEA nr. 307 din 12 iulie 2006 (republicat\u0103)<\/strong> &#8211; privind ap\u0103rarea \u00eempotriva incendiilor<\/a><\/li><li><a href=\"https:\/\/legislatie.just.ro\/Public\/DetaliiDocument\/73772\" target=\"_blank\" rel=\"noreferrer noopener nofollow\"><strong>LEGE nr. 319 din 14 iulie 2006<\/strong> &#8211; a securit\u0103\u021bii \u0219i s\u0103n\u0103t\u0103\u021bii \u00een munc\u0103<\/a><\/li><li><a href=\"https:\/\/legislatie.just.ro\/Public\/DetaliiDocument\/76337\" target=\"_blank\" rel=\"noreferrer noopener nofollow\"><strong>HOT\u0102R\u00c2RE nr. 1.425 din 11 octombrie 2006<\/strong> &#8211; <strong>pentru aprobarea&nbsp;<\/strong>Normelor metodologice<strong>&nbsp;de aplicare a prevederilor&nbsp;<\/strong>Legii securit\u0103\u021bii \u0219i s\u0103n\u0103t\u0103\u021bii \u00een munc\u0103 nr. 319\/2006<\/a><\/li><\/ul>\n\n\n\n<h4 class=\"wp-block-heading\">Legisla\u021bie privind managementul calit\u0103\u021bii<\/h4>\n\n\n\n<ul class=\"wp-block-list\"><li><a href=\"https:\/\/legislatie.just.ro\/Public\/DetaliiDocument\/228610\" target=\"_blank\" rel=\"noreferrer noopener nofollow\"><strong>ORDIN nr. 1.312\/250\/2020<\/strong> &#8211; privind organizarea \u0219i func\u021bionarea structurii de management al calit\u0103\u021bii serviciilor de s\u0103n\u0103tate \u00een cadrul unit\u0103\u021bilor sanitare cu paturi \u0219i serviciilor de ambulan\u021b\u0103, \u00een procesul de implementare a sistemului de management al calit\u0103\u021bii serviciilor de s\u0103n\u0103tate \u0219i siguran\u021bei pacientului<\/a><\/li><li><a href=\"https:\/\/legislatie.just.ro\/Public\/DetaliiDocument\/229697\" target=\"_blank\" rel=\"noreferrer noopener nofollow\"><strong>ORDIN nr. 298 din 26 august 2020<\/strong> &#8211; pentru aprobarea&nbsp;Metodologiei&nbsp;privind monitorizarea procesului de implementare a sistemului de management al calit\u0103\u021bii serviciilor de s\u0103n\u0103tate \u0219i siguran\u021bei pacientului<\/a><\/li><li><a href=\"https:\/\/legislatie.just.ro\/Public\/DetaliiDocument\/200317\" target=\"_blank\" rel=\"noreferrer noopener nofollow\"><strong>ORDIN nr. 600 din 20 aprilie 2018<\/strong> &#8211; privind aprobarea Codului controlului intern managerial al entit\u0103\u021bilor publice<\/a><\/li><li><a href=\"https:\/\/legislatie.just.ro\/Public\/DetaliiDocument\/191668\" target=\"_blank\" rel=\"noreferrer noopener nofollow\"><strong>LEGE nr. 185 din 24 iulie 2017<\/strong> &#8211; privind asigurarea calit\u0103\u021bii \u00een sistemul de s\u0103n\u0103tate<\/a><\/li><li><a href=\"https:\/\/legislatie.just.ro\/Public\/DetaliiDocumentAfis\/188615\" target=\"_blank\" rel=\"noreferrer noopener nofollow\"><strong>ORDIN nr. 446 din 18 aprilie 2017<\/strong> &#8211; privind aprobarea Standardelor,&nbsp;Procedurii \u015fi metodologiei&nbsp;de evaluare \u015fi acreditare a spitalelor<\/a><\/li><\/ul>\n","protected":false},"excerpt":{"rendered":"<p>Legisla\u021bie medical\u0103 LEGE nr. 95 din 14 aprilie 2006 (republicat\u0103) &#8211; privind reforma \u00een domeniul s\u0103n\u0103t\u0103\u021bii LEGE nr. 46 din 21 ianuarie 2003 &#8211; drepturile pacientului LEGE nr. 487 din 11 iulie 2002 (republicat\u0103) &#8211; s\u0103n\u0103t\u0103\u021bii mintale \u0219i a protec\u021biei persoanelor cu tulbur\u0103ri psihice ORDIN nr. 488 din 15 aprilie 2016 &#8211; pentru aprobarea Normelor [&hellip;]<\/p>\n","protected":false},"author":2,"featured_media":0,"parent":0,"menu_order":0,"comment_status":"closed","ping_status":"closed","template":"","meta":{"_lmt_disableupdate":"","_lmt_disable":"","footnotes":""},"class_list":["post-3752","page","type-page","status-publish","hentry"],"blocksy_meta":{"styles_descriptor":{"styles":{"desktop":"","tablet":"","mobile":""},"google_fonts":[],"version":6}},"featured_image_src":null,"jetpack_sharing_enabled":true,"_links":{"self":[{"href":"https:\/\/spital-obregia.ro\/arhiva\/wp-json\/wp\/v2\/pages\/3752","targetHints":{"allow":["GET"]}}],"collection":[{"href":"https:\/\/spital-obregia.ro\/arhiva\/wp-json\/wp\/v2\/pages"}],"about":[{"href":"https:\/\/spital-obregia.ro\/arhiva\/wp-json\/wp\/v2\/types\/page"}],"author":[{"embeddable":true,"href":"https:\/\/spital-obregia.ro\/arhiva\/wp-json\/wp\/v2\/users\/2"}],"replies":[{"embeddable":true,"href":"https:\/\/spital-obregia.ro\/arhiva\/wp-json\/wp\/v2\/comments?post=3752"}],"version-history":[{"count":0,"href":"https:\/\/spital-obregia.ro\/arhiva\/wp-json\/wp\/v2\/pages\/3752\/revisions"}],"wp:attachment":[{"href":"https:\/\/spital-obregia.ro\/arhiva\/wp-json\/wp\/v2\/media?parent=3752"}],"curies":[{"name":"wp","href":"https:\/\/api.w.org\/{rel}","templated":true}]}}