{"id":3616,"date":"2021-11-04T17:17:12","date_gmt":"2021-11-04T15:17:12","guid":{"rendered":"https:\/\/spital-obregia.ro\/?page_id=3616"},"modified":"2021-11-04T17:21:15","modified_gmt":"2021-11-04T15:21:15","slug":"educatie-sanitara-si-preventie-in-contextul-pandemiei-covid-19","status":"publish","type":"page","link":"https:\/\/spital-obregia.ro\/arhiva\/covid19\/educatie-sanitara-si-preventie-in-contextul-pandemiei-covid-19\/","title":{"rendered":"Educa\u021bie sanitar\u0103 \u0219i preven\u021bie \u00een contextul pandemiei COVID-19"},"content":{"rendered":"\n<ul class=\"wp-block-list\"><li><a href=\"https:\/\/spital-obregia.ro\/covid19\/informatii-despre-coronavirus\/\" data-type=\"page\" data-id=\"3617\"><strong>Informa\u021bii despre Coronavirus<\/strong><\/a><\/li><li><a href=\"https:\/\/spital-obregia.ro\/covid19\/masuri-de-preventie-covid-19\/\" data-type=\"page\" data-id=\"3622\"><strong>M\u0103suri de preven\u021bie COVID-19<\/strong><\/a><\/li><li><a href=\"https:\/\/spital-obregia.ro\/covid19\/masuri-privind-limitarea-contaminarii-cu-covid-19\/\" data-type=\"page\" data-id=\"3627\"><strong>M\u0103suri privind limitarea contamin\u0103rii cu COVID-19<\/strong><\/a><\/li><li><a href=\"https:\/\/spital-obregia.ro\/covid19\/cum-facem-fata-stresului-in-timpul-focarului-covid-19\/\" data-type=\"page\" data-id=\"3631\"><strong>Cum facem fa\u021b\u0103 stresului \u00een timpul focarului COVID-19<\/strong><\/a><\/li><li><a href=\"https:\/\/spital-obregia.ro\/covid19\/utilizarea-corecta-a-mastii-de-protectie\/\" data-type=\"page\" data-id=\"3597\"><strong>Utilizarea corect\u0103 a m\u0103\u0219tii de protec\u021bie<\/strong><\/a><\/li><li><a href=\"https:\/\/spital-obregia.ro\/covid19\/sfaturi-stati-acasa\/\" data-type=\"page\" data-id=\"3634\"><strong>Sfaturi &#8211; STA\u021aI ACAS\u0102<\/strong><\/a><\/li><\/ul>\n\n\n\n<p><\/p>\n","protected":false},"excerpt":{"rendered":"<p>Informa\u021bii despre Coronavirus M\u0103suri de preven\u021bie COVID-19 M\u0103suri privind limitarea contamin\u0103rii cu COVID-19 Cum facem fa\u021b\u0103 stresului \u00een timpul focarului COVID-19 Utilizarea corect\u0103 a m\u0103\u0219tii de protec\u021bie Sfaturi &#8211; STA\u021aI ACAS\u0102<\/p>\n","protected":false},"author":2,"featured_media":0,"parent":3427,"menu_order":15,"comment_status":"closed","ping_status":"closed","template":"","meta":{"_lmt_disableupdate":"","_lmt_disable":"","footnotes":""},"class_list":["post-3616","page","type-page","status-publish","hentry"],"blocksy_meta":{"styles_descriptor":{"styles":{"desktop":"","tablet":"","mobile":""},"google_fonts":[],"version":6}},"featured_image_src":null,"jetpack_sharing_enabled":true,"_links":{"self":[{"href":"https:\/\/spital-obregia.ro\/arhiva\/wp-json\/wp\/v2\/pages\/3616","targetHints":{"allow":["GET"]}}],"collection":[{"href":"https:\/\/spital-obregia.ro\/arhiva\/wp-json\/wp\/v2\/pages"}],"about":[{"href":"https:\/\/spital-obregia.ro\/arhiva\/wp-json\/wp\/v2\/types\/page"}],"author":[{"embeddable":true,"href":"https:\/\/spital-obregia.ro\/arhiva\/wp-json\/wp\/v2\/users\/2"}],"replies":[{"embeddable":true,"href":"https:\/\/spital-obregia.ro\/arhiva\/wp-json\/wp\/v2\/comments?post=3616"}],"version-history":[{"count":0,"href":"https:\/\/spital-obregia.ro\/arhiva\/wp-json\/wp\/v2\/pages\/3616\/revisions"}],"up":[{"embeddable":true,"href":"https:\/\/spital-obregia.ro\/arhiva\/wp-json\/wp\/v2\/pages\/3427"}],"wp:attachment":[{"href":"https:\/\/spital-obregia.ro\/arhiva\/wp-json\/wp\/v2\/media?parent=3616"}],"curies":[{"name":"wp","href":"https:\/\/api.w.org\/{rel}","templated":true}]}}