{"id":3492,"date":"2021-10-17T19:05:42","date_gmt":"2021-10-17T16:05:42","guid":{"rendered":"https:\/\/spital-obregia.ro\/?page_id=3492"},"modified":"2021-10-17T19:05:42","modified_gmt":"2021-10-17T16:05:42","slug":"istoric","status":"publish","type":"page","link":"https:\/\/spital-obregia.ro\/arhiva\/istoric\/","title":{"rendered":"Scurt istoric"},"content":{"rendered":"\n<div class=\"wp-block-media-text alignwide is-stacked-on-mobile\" style=\"grid-template-columns:37% auto\"><figure class=\"wp-block-media-text__media\"><img decoding=\"async\" src=\"https:\/\/spital-obregia.ro\/arhiva\/wp-content\/uploads\/2022\/01\/statue_center.webp\" alt=\"\" class=\"wp-image-2344 size-full\"\/><\/figure><div class=\"wp-block-media-text__content\">\n<p class=\"has-text-align-justify\">&nbsp; &nbsp; &nbsp; &nbsp; Istoria Spitalului Clinic de Psihiatrie &#8222;Prof. Dr. Alexandru Obregia&#8221; de ast\u0103zi \u00eencepe \u00een anul 1906, c\u00e2nd Regele Carol I al Rom\u00e2niei a semnat <em>Legea privind cl\u0103direa unui ospiciu de aliena\u021bi<\/em> l\u00e2ng\u0103 Bucure\u0219ti (pe terenul detinut de Eforia Spitalelor Civile, \u00eentre Filaret \u0219i V\u0103c\u0103re\u0219ti), la propunerea <strong>Profesorului Dr. Alexandru Obregia<\/strong> \u0219i primului-ministru Gheorghe Grigore Cantacuzino. Acesta venea \u00een \u00eendeplinirea unei legi mai timpurii (din 1892), care hot\u0103ra necesitatea construirii a dou\u0103 astfel de institu\u021bii, \u00een Muntenia \u0219i Moldova, absolut necesare pentru \u00eembun\u0103t\u0103\u021birea condi\u021biilor de tratament a bolnavilor psihici.<br>  &nbsp; &nbsp; &nbsp; &nbsp; \u00cen 1907 a \u00eenceput construc\u021bia unui spital de psihiatrie la standarde europene, dup\u0103 planurile concepute chiar de Prof. Dr. Al. Obregia, dar lipsa fondurilor necesare \u0219i izbucnirea Primului R\u0103zboi Mondial a \u00eent\u00e2rziat inaugurarea acestuia p\u00e2n\u0103 \u00een 1923.<br> &nbsp; &nbsp; &nbsp; &nbsp; Conform documentelor din Arhivele Na\u021bionale ale Rom\u00e2niei, prin Decretul-Lege nr.2847\/5 Iulie 1919, Regele Ferdinand I al Rom\u00e2niei decreteaz\u0103 ca Ospiciul de aliena\u021bi M\u0103rcu\u021b\u0103 s\u0103 treac\u0103 sub <em>&#8222;directa administra\u021biune a statului, pe ziua de 1 august 1919&#8221;<\/em>, iar &#8222;Spitalului Central de boli nervoase \u0219i mintale&#8221; i se atribuie terenul mo\u0219iei <em>&#8222;Vatra M\u00e2n\u0103stirii V\u0103c\u0103re\u0219ti, cu destina\u021bia special\u0103 de-a constitui averea unei institu\u021bi a Statului de interes Social&#8221;<\/em><br> &nbsp; &nbsp; &nbsp; &nbsp; \u00cen decursul existen\u021bei sale spitalul a avut mai multe denumiri oficiale (&#8222;Institutul de Boli Mentale, Nervoase \u0219i Endocrinologice&#8221;, &#8222;Spitalul unificat nr.9&#8221;, &#8222;Dr. Gheorghe Marinescu&#8221;). Prin Ordinul Ministrului S\u0103n\u0103t\u0103\u021bii nr.342\/04.03.1998, prin care Spitalul Clinic de Psihiatrie \u0219i Neurologie &#8222;Prof. Dr. Gh. Marinescu&#8221; devine Spitalul Clinic de Psihiatrie &#8222;Prof. Dr. Al. Obregia&#8221;, denumire pe care unitatea o are \u00een prezent.<\/p>\n<\/div><\/div>\n\n\n\n<p><\/p>\n","protected":false},"excerpt":{"rendered":"<p>&nbsp; &nbsp; &nbsp; &nbsp; Istoria Spitalului Clinic de Psihiatrie &#8222;Prof. Dr. Alexandru Obregia&#8221; de ast\u0103zi \u00eencepe \u00een anul 1906, c\u00e2nd Regele Carol I al Rom\u00e2niei a semnat Legea privind cl\u0103direa unui ospiciu de aliena\u021bi l\u00e2ng\u0103 Bucure\u0219ti (pe terenul detinut de Eforia Spitalelor Civile, \u00eentre Filaret \u0219i V\u0103c\u0103re\u0219ti), la propunerea Profesorului Dr. Alexandru Obregia \u0219i primului-ministru [&hellip;]<\/p>\n","protected":false},"author":2,"featured_media":0,"parent":0,"menu_order":0,"comment_status":"closed","ping_status":"closed","template":"","meta":{"_lmt_disableupdate":"yes","_lmt_disable":"yes","footnotes":""},"class_list":["post-3492","page","type-page","status-publish","hentry"],"blocksy_meta":{"page_title_panel":"","has_hero_section":"enabled","540557e30a4ff2f8429f4d569289c584":"","hero_section":"type-1","hero_elements":[{"id":"custom_title","enabled":true,"heading_tag":"h1","title":"Home","__id":"G9cU-QjepdFFKqHFQnxbd"},{"id":"custom_description","enabled":false,"description_visibility":{"desktop":true,"tablet":true,"mobile":false},"__id":"5i8ZsiWDMzG8HAJ8wVIsL"},{"id":"custom_meta","enabled":false,"meta_elements":[{"id":"author","enabled":true,"label":"By","has_author_avatar":"yes","avatar_size":25},{"id":"post_date","enabled":true,"label":"On","date_format_source":"default","date_format":"M j, Y"},{"id":"updated_date","enabled":false,"label":"On","date_format_source":"default","date_format":"M j, Y"},{"id":"categories","enabled":false,"label":"In","style":"simple"},{"id":"comments","enabled":true}],"page_meta_elements":{"joined":true,"articles_count":true,"comments":true},"__id":"Eo47vn1HvTJGWhmlxUUqs"},{"id":"breadcrumbs","enabled":false,"__id":"vtq4FvypnerSLB5Fsl6Q6"}],"761ba9514d3bcd07bc0270af972ee4a3":"","hero_alignment1":"CT_CSS_SKIP_RULE","hero_margin":40,"hero_alignment2":"center","hero_vertical_alignment":"center","e094b90a1f287e57dbbf60fdf662e23a":"","hero_structure":"narrow","41d25fc55054b12a82451678569110ad":"","page_title_bg_type":"featured_image","custom_hero_background":{"attachment_id":null},"parallax":{"desktop":false,"tablet":false,"mobile":false},"5c81eb0eb90f70d240003b93b49436a6":"","hero_height":"250px","pageTitleFont":{"family":"Default","variation":"Default","size":{"desktop":"32px","tablet":"30px","mobile":"25px"},"line-height":"CT_CSS_SKIP_RULE","letter-spacing":"CT_CSS_SKIP_RULE","text-transform":"CT_CSS_SKIP_RULE","text-decoration":"CT_CSS_SKIP_RULE"},"pageTitleFontColor":{"default":{"color":"CT_CSS_SKIP_RULEDEFAULT"}},"pageMetaFont":{"family":"Default","variation":"n6","size":"12px","line-height":"1.3","letter-spacing":"CT_CSS_SKIP_RULE","text-transform":"uppercase","text-decoration":"CT_CSS_SKIP_RULE"},"pageMetaFontColor":{"default":{"color":"CT_CSS_SKIP_RULEDEFAULT"},"hover":{"color":"CT_CSS_SKIP_RULEDEFAULT"}},"page_meta_button_type_font_colors":{"default":{"color":"CT_CSS_SKIP_RULEDEFAULT"},"hover":{"color":"CT_CSS_SKIP_RULEDEFAULT"}},"page_meta_button_type_background_colors":{"default":{"color":"CT_CSS_SKIP_RULEDEFAULT"},"hover":{"color":"CT_CSS_SKIP_RULEDEFAULT"}},"pageExcerptFont":{"family":"Default","variation":"Default","size":"CT_CSS_SKIP_RULE","line-height":"CT_CSS_SKIP_RULE","letter-spacing":"CT_CSS_SKIP_RULE","text-transform":"CT_CSS_SKIP_RULE","text-decoration":"CT_CSS_SKIP_RULE"},"pageExcerptColor":{"default":{"color":"CT_CSS_SKIP_RULEDEFAULT"}},"breadcrumbsFont":{"family":"Default","variation":"Default","size":"CT_CSS_SKIP_RULE","line-height":"CT_CSS_SKIP_RULE","letter-spacing":"CT_CSS_SKIP_RULE","text-transform":"CT_CSS_SKIP_RULE","text-decoration":"CT_CSS_SKIP_RULE"},"breadcrumbsFontColor":{"default":{"color":"CT_CSS_SKIP_RULEDEFAULT"},"initial":{"color":"CT_CSS_SKIP_RULEDEFAULT"},"hover":{"color":"CT_CSS_SKIP_RULEDEFAULT"}},"pageTitleOverlay":{"background_type":"color","background_pattern":"type-1","background_image":{"attachment_id":null,"x":0,"y":0},"gradient":"linear-gradient(135deg,rgba(6,147,227,1) 0%,rgb(155,81,224) 100%)","background_repeat":"repeat","background_size":"auto","background_attachment":"scroll","patternColor":{"default":{"color":"#e5e7ea"}},"overlayColor":{"default":{"color":"CT_CSS_SKIP_RULE"}},"backgroundColor":{"default":{"color":"CT_CSS_SKIP_RULE"}}},"pageTitleBackground":{"background_type":"color","background_pattern":"type-1","background_image":{"attachment_id":null,"x":0,"y":0},"gradient":"linear-gradient(135deg,rgba(6,147,227,1) 0%,rgb(155,81,224) 100%)","background_repeat":"repeat","background_size":"auto","background_attachment":"scroll","patternColor":{"default":{"color":"#e5e7ea"}},"overlayColor":{"default":{"color":"CT_CSS_SKIP_RULE"}},"backgroundColor":{"default":{"color":"var(--theme-palette-color-6)"}}},"pageTitlePadding":{"top":"50px","bottom":"50px","left":"auto","right":"auto","linked":true},"dcb56d217c979ac247479fb8a4634635":"","page_structure_type":"default","b5c76b9e1a4f2b73a66a8c863685b86a":"","content_style_source":"inherit","content_style":"wide","vertical_spacing_source":"inherit","content_area_spacing":"both","background":{"background_type":"color","background_pattern":"type-1","background_image":{"attachment_id":null,"x":0,"y":0},"gradient":"linear-gradient(135deg,rgba(6,147,227,1) 0%,rgb(155,81,224) 100%)","background_repeat":"repeat","background_size":"auto","background_attachment":"scroll","patternColor":{"default":{"color":"#e5e7ea"}},"overlayColor":{"default":{"color":"CT_CSS_SKIP_RULE"}},"backgroundColor":{"default":{"color":"CT_CSS_SKIP_RULE"}}},"content_background":{"background_type":"color","background_pattern":"type-1","background_image":{"attachment_id":null,"x":0,"y":0},"gradient":"linear-gradient(135deg,rgba(6,147,227,1) 0%,rgb(155,81,224) 100%)","background_repeat":"repeat","background_size":"auto","background_attachment":"scroll","patternColor":{"default":{"color":"#e5e7ea"}},"overlayColor":{"default":{"color":"CT_CSS_SKIP_RULE"}},"backgroundColor":{"default":{"color":"var(--theme-palette-color-8)"}}},"content_boxed_shadow":{"inherit":false,"blur":18,"spread":-6,"v_offset":12,"h_offset":0,"inset":false,"enable":true,"color":{"color":"rgba(34, 56, 101, 0.04)"}},"boxed_content_spacing":{"desktop":{"top":"40px","bottom":"40px","left":"40px","right":"40px","linked":true},"tablet":{"top":"35px","bottom":"35px","left":"35px","right":"35px","linked":true},"mobile":{"top":"20px","bottom":"20px","left":"20px","right":"20px","linked":true}},"content_boxed_radius":{"top":"3px","bottom":"3px","left":"3px","right":"3px","linked":true},"3af7ea0a666c9119a32f07d5b056972c":"","disable_featured_image":"no","disable_header":"no","disable_footer":"no","styles_descriptor":{"styles":{"desktop":"[data-prefix=\"single_page\"] .entry-header .page-title {--theme-font-size:32px;} [data-prefix=\"single_page\"] .entry-header .entry-meta {--theme-font-weight:600;--theme-text-transform:uppercase;--theme-font-size:12px;--theme-line-height:1.3;} [data-prefix=\"single_page\"] .hero-section[data-type=\"type-1\"] {--margin-bottom:40;}","tablet":"[data-prefix=\"single_page\"] .entry-header .page-title {--theme-font-size:30px;}","mobile":"[data-prefix=\"single_page\"] .entry-header .page-title {--theme-font-size:25px;}"},"google_fonts":[],"version":6},"96d287bbd9abce2969e94fc32b458c8a":"","4c634838bf36951b7e926026b11bf85e":"","924b2a643020a656f55a3dc724ea73df":"","1f5c10c2eefdcb3a2b0355cc53b7bb7b":"","4a8b7af4b3ae7ecfc67d5d01fb555a21":"","d26f21249708d7a9d0965cb3ac5faa46":"","139fc91bca934d486071536341062f5b":"","1ebeffe6e3110981396b4e030bc7dd38":"","disable_share_box":"no"},"featured_image_src":null,"jetpack_sharing_enabled":true,"_links":{"self":[{"href":"https:\/\/spital-obregia.ro\/arhiva\/wp-json\/wp\/v2\/pages\/3492","targetHints":{"allow":["GET"]}}],"collection":[{"href":"https:\/\/spital-obregia.ro\/arhiva\/wp-json\/wp\/v2\/pages"}],"about":[{"href":"https:\/\/spital-obregia.ro\/arhiva\/wp-json\/wp\/v2\/types\/page"}],"author":[{"embeddable":true,"href":"https:\/\/spital-obregia.ro\/arhiva\/wp-json\/wp\/v2\/users\/2"}],"replies":[{"embeddable":true,"href":"https:\/\/spital-obregia.ro\/arhiva\/wp-json\/wp\/v2\/comments?post=3492"}],"version-history":[{"count":0,"href":"https:\/\/spital-obregia.ro\/arhiva\/wp-json\/wp\/v2\/pages\/3492\/revisions"}],"wp:attachment":[{"href":"https:\/\/spital-obregia.ro\/arhiva\/wp-json\/wp\/v2\/media?parent=3492"}],"curies":[{"name":"wp","href":"https:\/\/api.w.org\/{rel}","templated":true}]}}