{"id":3427,"date":"2021-10-14T22:23:35","date_gmt":"2021-10-14T19:23:35","guid":{"rendered":"https:\/\/spital-obregia.ro\/?page_id=3427"},"modified":"2023-04-28T16:37:22","modified_gmt":"2023-04-28T13:37:22","slug":"covid19","status":"publish","type":"page","link":"https:\/\/spital-obregia.ro\/arhiva\/covid19\/","title":{"rendered":"Coronavirus \/ COVID-19"},"content":{"rendered":"\n<h4 class=\"wp-block-heading\" id=\"informa\u021bii-utile-in-contextul-pandemic\">Informa\u021bii utile \u00een contextul pandemic:<\/h4>\n\n\n\n<ul class=\"wp-block-list\">\n<li><a style=\"background-color: transparent; font-family: var(--fontFamily); font-size: var(--fontSize); font-style: var(--fontStyle, inherit); font-weight: var(--fontWeight); letter-spacing: var(--letterSpacing); text-transform: var(--textTransform);\" href=\"https:\/\/spital-obregia.ro\/covid19\/educatie-sanitara-si-preventie-in-contextul-pandemiei-covid-19\/\">Educa\u021bie sanitar\u0103 \u0219i preven\u021bie \u00een contextul pandemiei COVID-19<\/a><\/li>\n\n\n\n<li><a href=\"https:\/\/spital-obregia.ro\/covid19\/cum-sa-vorbesti-cu-copilul-tau-despre-coronavirus\/\">Cum s\u0103 vorbe\u0219ti cu copilul t\u0103u despre Coronavirus<\/a><\/li>\n<\/ul>\n\n\n\n<h4 class=\"wp-block-heading\" id=\"coronavirus-\u0219i-tulburarile-psihice-specifice\">Coronavirus \u0219i tulbur\u0103rile psihice specifice:<\/h4>\n\n\n\n<ul class=\"wp-block-list\">\n<li><a href=\"https:\/\/spital-obregia.ro\/covid19\/tulburarea-de-panica\/\">Tulburarea de panica\u0306<\/a><\/li>\n\n\n\n<li><a href=\"https:\/\/spital-obregia.ro\/covid19\/anxietatea-de-sanatate\/\">Anxietatea de sa\u0306na\u0306tate<\/a><\/li>\n\n\n\n<li><a href=\"https:\/\/spital-obregia.ro\/covid19\/tulburarea-de-anxietate-generalizata\/\">Tulburarea de anxietate generalizata\u0306<\/a><\/li>\n\n\n\n<li><a href=\"https:\/\/spital-obregia.ro\/covid19\/tulburarea-obsesiv-compulsiva\/\">Tulburarea obsesiv-compulsiva\u0306<\/a><\/li>\n\n\n\n<li><a href=\"https:\/\/spital-obregia.ro\/covid19\/tulburarea-depresiva\/\">Tulburarea depresiva\u0306<\/a><\/li>\n<\/ul>\n\n\n\n<h4 class=\"wp-block-heading\" id=\"surse-de-informare-oficiale\">Surse de informare oficiale:<\/h4>\n\n\n\n<ul class=\"wp-block-list\">\n<li><a href=\"https:\/\/stirioficiale.ro\/informatii\" target=\"_blank\" rel=\"noreferrer noopener nofollow\">Stiri oficiale<\/a><\/li>\n\n\n\n<li><a href=\"http:\/\/www.assmb.ro\/stirea\/273\" target=\"_blank\" rel=\"noreferrer noopener nofollow\">Administra\u021bia Spitalelor \u0219i Serviciilor Medicale Bucure\u0219ti<\/a><\/li>\n\n\n\n<li><a href=\"http:\/\/www.pmb.ro\/\" target=\"_blank\" rel=\"noreferrer noopener nofollow\">Prim\u0103ria Municipiului Bucure\u0219ti<\/a><\/li>\n\n\n\n<li><a href=\"https:\/\/www.ms.ro\/ro\/de-interes\/\" target=\"_blank\" rel=\"noreferrer noopener nofollow\">Ministerul S\u0103n\u0103t\u0103\u021bii<\/a><\/li>\n\n\n\n<li><a href=\"https:\/\/www.mai.gov.ro\/category\/comunicate-de-presa\" target=\"_blank\" rel=\"noreferrer noopener nofollow\">Ministerul Afacerilor Interne<\/a><\/li>\n\n\n\n<li><a href=\"http:\/\/www.cnscbt.ro\/index.php\/situatia-la-nivel-global-actualizata-zilnic\" target=\"_blank\" rel=\"noreferrer noopener nofollow\">INSP &#8211; Centrul Na\u021bional de Supraveghere \u0219i Control al Bolilor Transmisibile<\/a><\/li>\n\n\n\n<li><a href=\"https:\/\/gisanddata.maps.arcgis.com\/apps\/opsdashboard\/index.html#\/bda7594740fd40299423467b48e9ecf6\" target=\"_blank\" rel=\"noreferrer noopener nofollow\">Harta COVID-19 &#8211; Center for Systems Science and Engineering (CSSE) at Johns Hopkins University (JHU<\/a><strong><a href=\"https:\/\/gisanddata.maps.arcgis.com\/apps\/opsdashboard\/index.html#\/bda7594740fd40299423467b48e9ecf6\" target=\"_blank\" rel=\"noreferrer noopener nofollow\">)<\/a><\/strong><\/li>\n<\/ul>\n","protected":false},"excerpt":{"rendered":"<p>Informa\u021bii utile \u00een contextul pandemic: Coronavirus \u0219i tulbur\u0103rile psihice specifice: Surse de informare oficiale:<\/p>\n","protected":false},"author":2,"featured_media":0,"parent":0,"menu_order":0,"comment_status":"closed","ping_status":"closed","template":"","meta":{"_lmt_disableupdate":"no","_lmt_disable":"no","footnotes":""},"class_list":["post-3427","page","type-page","status-publish","hentry"],"blocksy_meta":{"styles_descriptor":{"styles":{"desktop":"","tablet":"","mobile":""},"google_fonts":[],"version":6}},"featured_image_src":null,"jetpack_sharing_enabled":true,"_links":{"self":[{"href":"https:\/\/spital-obregia.ro\/arhiva\/wp-json\/wp\/v2\/pages\/3427","targetHints":{"allow":["GET"]}}],"collection":[{"href":"https:\/\/spital-obregia.ro\/arhiva\/wp-json\/wp\/v2\/pages"}],"about":[{"href":"https:\/\/spital-obregia.ro\/arhiva\/wp-json\/wp\/v2\/types\/page"}],"author":[{"embeddable":true,"href":"https:\/\/spital-obregia.ro\/arhiva\/wp-json\/wp\/v2\/users\/2"}],"replies":[{"embeddable":true,"href":"https:\/\/spital-obregia.ro\/arhiva\/wp-json\/wp\/v2\/comments?post=3427"}],"version-history":[{"count":0,"href":"https:\/\/spital-obregia.ro\/arhiva\/wp-json\/wp\/v2\/pages\/3427\/revisions"}],"wp:attachment":[{"href":"https:\/\/spital-obregia.ro\/arhiva\/wp-json\/wp\/v2\/media?parent=3427"}],"curies":[{"name":"wp","href":"https:\/\/api.w.org\/{rel}","templated":true}]}}