{"id":2839,"date":"2020-04-15T11:13:06","date_gmt":"2020-04-15T08:13:06","guid":{"rendered":"http:\/\/spital-obregia.ro\/?page_id=2839"},"modified":"2021-10-14T22:59:08","modified_gmt":"2021-10-14T19:59:08","slug":"tulburarea-obsesiv-compulsiva","status":"publish","type":"page","link":"https:\/\/spital-obregia.ro\/arhiva\/covid19\/tulburarea-obsesiv-compulsiva\/","title":{"rendered":"Tulburarea obsesiv-compulsiv\u0103"},"content":{"rendered":"<p><strong>Tulburarea obsesiv-compulsiv\u0103 (TOC)<\/strong> are ca simptome principale obsesiile (g\u00e2nduri sau imagini persistente cauzatoare de anxietate, percepute ca fiind intruzive) \u0219i compulsiile (comportamente repetitive sau acte mentale menite s\u0103 diminueze anxietatea cauzat\u0103 de apari\u021bia obsesiilor).<br \/>\n\u00cen acest moment ne confrunt\u0103m cu o pandemie, \u00een care mesajele cu privire la protec\u021bie, dezinfectare \u0219i mijloacele de  ucidere a Coronavirusului ne invadeaz\u0103 din toate p\u0103r\u021bile.<br \/>\nPrin urmare, obsesia legat\u0103 de contaminare, extrem de frecvent\u0103 \u00een cadrul TOC, risc\u0103 s\u0103 ating\u0103 cote alarmante.<br \/>\nG\u00e2ndul \u201cAm ie\u0219it la cump\u0103r\u0103turi, am \u00eent\u00e2lnit X persoane, am atins X suprafe\u021be\u201d poate deveni o obsesie: \u201cAm atins raftul f\u0103r\u0103 m\u0103nu\u0219\u0103, cineva a str\u0103nutat \u00een magazin, dac\u0103 m-am infectat?\u201d. Acestea vor genera anxietate, care d\u0103 senza\u021bia c\u0103 poate fi ameliorat\u0103 de apari\u021bia compulsiilor precum <\/p>\n<ul>\n<li>sp\u0103latul excesiv pe m\u00e2ini,<\/li>\n<li>dezinfectatul clan\u021belor de mai multe ori pe zi,<\/li>\n<li>dezinfectarea \u00een exces a tuturor suprafe\u021belor,<\/li>\n<li>verific\u0103ri repetate<\/li>\n<\/ul>\n<p>Aceste ac\u021biuni, ini\u021bial, scad anxietatea \u00eens\u0103, pe termen lung, nu vor face dec\u00e2t s\u0103 o men\u021bin\u0103, prin urm\u0103torul cerc vicios: \u201cOare am dezinfectat bine? Dac\u0103 am atins cu m\u00e2na murdar\u0103 ceva steril?\u201d, g\u00e2nd obsesiv comb\u0103tut printr-un ritual \u0219i mai avansat de dezinfec\u021bie, un num\u0103r \u0219i mai mare de sp\u0103l\u0103ri pe m\u00e2ini (ablutomanie), ceea ce poate duce la r\u0103ni superficiale care vor cre\u0219te \u0219i mai mult riscul de infec\u021bie \u00een cazul unui posibil contact.<br \/>\nEste o perioad\u0103 extrem de dificil\u0103 pentru persoanele care sufer\u0103 deja de TOC dar \u0219i o perioad\u0103 \u00een care multe tulbur\u0103ri de acest gen se pot activa la persoanele vulnerabile, eventual complic\u00e2nd tulbur\u0103ri de anxietate pre-existente.<br \/>\nSigur c\u0103 trebuie s\u0103 respect\u0103m indica\u021biile autorit\u0103\u021bilor cu privire la dezinfec\u021bie \u0219i protec\u021bie, \u00eens\u0103 trebuie s\u0103 ne men\u021binem \u00eentr-o zon\u0103 rezonabil\u0103, \u00een care respect\u0103m recomand\u0103rile f\u0103r\u0103 a le exagera (\u201cTrebuie s\u0103 m\u0103 g\u00e2ndesc permanent la ce am atins \u0219i unde am fost, s\u0103 dezinfectez tot de mai multe ori pe zi\u201d). Cu c\u00e2t vom l\u0103sa mai mult g\u00e2ndurile obsesive generatoare de anxietate s\u0103 ne guverneze, cu at\u00e2t mai frecvente vor fi ritualurile compulsive, fapt care va accentua tensiunea \u0219i anxietatea, gener\u00e2nd astfel un cerc vicios. Ne sp\u0103l\u0103m 20 de secunde, \u00eens\u0103 nu 30 de minute, dezinfect\u0103m obiecte o dat\u0103 \u0219i nu de 10 ori, etc.<br \/>\n\u00cen anumite situa\u021bii, discu\u021bia cu un profesionist \u00een s\u0103n\u0103tate mintal\u0103 poate fi recomandabil\u0103.  Informarea doar din surse oficiale, reduc\u00e2nd expunerea la mesajele anxiogene distribuite pe re\u021belele sociale, ne poate ajuta s\u0103 trecem cu mai mult\u0103 lini\u0219te peste aceast\u0103 perioad\u0103.<\/p>\n","protected":false},"excerpt":{"rendered":"<p>Tulburarea obsesiv-compulsiv\u0103 (TOC) are ca simptome principale obsesiile (g\u00e2nduri sau imagini persistente cauzatoare de anxietate, percepute ca fiind intruzive) \u0219i compulsiile (comportamente repetitive sau acte mentale menite s\u0103 diminueze anxietatea cauzat\u0103 de apari\u021bia obsesiilor). \u00cen acest moment ne confrunt\u0103m cu o pandemie, \u00een care mesajele cu privire la protec\u021bie, dezinfectare \u0219i mijloacele de ucidere a [&hellip;]<\/p>\n","protected":false},"author":2,"featured_media":0,"parent":3427,"menu_order":3,"comment_status":"closed","ping_status":"closed","template":"","meta":{"_lmt_disableupdate":"","_lmt_disable":"","footnotes":""},"class_list":["post-2839","page","type-page","status-publish","hentry"],"blocksy_meta":{"styles_descriptor":{"styles":{"desktop":"","tablet":"","mobile":""},"google_fonts":[],"version":6}},"featured_image_src":null,"jetpack_sharing_enabled":true,"_links":{"self":[{"href":"https:\/\/spital-obregia.ro\/arhiva\/wp-json\/wp\/v2\/pages\/2839","targetHints":{"allow":["GET"]}}],"collection":[{"href":"https:\/\/spital-obregia.ro\/arhiva\/wp-json\/wp\/v2\/pages"}],"about":[{"href":"https:\/\/spital-obregia.ro\/arhiva\/wp-json\/wp\/v2\/types\/page"}],"author":[{"embeddable":true,"href":"https:\/\/spital-obregia.ro\/arhiva\/wp-json\/wp\/v2\/users\/2"}],"replies":[{"embeddable":true,"href":"https:\/\/spital-obregia.ro\/arhiva\/wp-json\/wp\/v2\/comments?post=2839"}],"version-history":[{"count":0,"href":"https:\/\/spital-obregia.ro\/arhiva\/wp-json\/wp\/v2\/pages\/2839\/revisions"}],"up":[{"embeddable":true,"href":"https:\/\/spital-obregia.ro\/arhiva\/wp-json\/wp\/v2\/pages\/3427"}],"wp:attachment":[{"href":"https:\/\/spital-obregia.ro\/arhiva\/wp-json\/wp\/v2\/media?parent=2839"}],"curies":[{"name":"wp","href":"https:\/\/api.w.org\/{rel}","templated":true}]}}