{"id":26,"date":"2014-09-02T17:37:59","date_gmt":"2014-09-02T17:37:59","guid":{"rendered":"http:\/\/spital-obregia.ro\/?page_id=26"},"modified":"2024-03-26T16:23:06","modified_gmt":"2024-03-26T14:23:06","slug":"home","status":"publish","type":"page","link":"https:\/\/spital-obregia.ro\/arhiva\/","title":{"rendered":"Acas\u0103"},"content":{"rendered":"\n<h2 class=\"wp-block-heading\"><span style=\"text-decoration: underline;\">NOUT\u0102\u021aI<\/span><\/h2>\n\n\n\n<h4 class=\"wp-block-heading\" id=\"centru-de-vaccinare-impotriva-covid-19\">PROGRAMUL DE VIZIT\u0102 AL PACIEN\u021aILOR DIN SPITAL<\/h4>\n\n\n\n<div class=\"wp-block-group is-layout-constrained wp-block-group-is-layout-constrained\">\n<p>\n\t<span><strong>&bull; LUNI-VINERI: 10:00 &#8211; 12:00 \u0219i 15:00 &#8211; 17:00<\/strong><\/span><br \/>\n\t<span><strong>&bull; S\u00c2MB\u0102T\u0102 &#8211; DUMINIC\u0102 (\u0219i zilele de s\u0103rb\u0103tori legale): 10:00 &#8211; 13:00 \u0219i 14:00 &#8211; 17:00<\/strong><\/span>\n<\/p>\n<p>\n\t<em>Vizitele pacien\u021bilor se vor desf\u0103\u0219ura &icirc;n conformitate cu prevederile <a href=\"https:\/\/legislatie.just.ro\/Public\/DetaliiDocument\/262290\" target=\"_blank\" rel=\"noreferrer noopener nofollow\">Ordinului Ministrului S\u0103n\u0103t\u0103\u021bii nr. 3670\/2022<\/a> \u0219i <a href=\"https:\/\/spital-obregia.ro\/regulament-de-ordine-interioara-pacienti-vizitatori-insotitori\/\" target=\"_blank\" rel=\"noreferrer noopener nofollow\">Regulamentului de ordine interioara pacien\u021bi\/vizitatori\/&icirc;nso\u021bitori<\/a><\/em>.\n<\/p>\n<\/div>\n\n\n<div class=\"wp-block-ub-divider ub_divider ub-divider-orientation-horizontal\" id=\"ub_divider_f69c68c6-3d88-4e61-b63e-a4fff2208cf6\"><div class=\"ub_divider_wrapper\" style=\"position: relative; margin-bottom: 2px; width: 100%; height: 2px; \" data-divider-alignment=\"center\"><div class=\"ub_divider_line\" style=\"border-top: 2px solid #ccc; margin-top: 2px; \"><\/div><\/div><\/div>\n\n\n<figure class=\"wp-block-image aligncenter size-full\"><a href=\"https:\/\/spital-obregia.ro\/conferinta-102-ani-spital-obregia-save-the-date\/\"><img loading=\"lazy\" decoding=\"async\" width=\"693\" height=\"540\" src=\"https:\/\/spital-obregia.ro\/arhiva\/wp-content\/uploads\/2024\/03\/image-4.png\" alt=\"\" class=\"wp-image-6771\" srcset=\"https:\/\/spital-obregia.ro\/arhiva\/wp-content\/uploads\/2024\/03\/image-4.png 693w, https:\/\/spital-obregia.ro\/arhiva\/wp-content\/uploads\/2024\/03\/image-4-300x234.png 300w\" sizes=\"auto, (max-width: 693px) 100vw, 693px\" \/><\/a><\/figure>\n\n\n\n<h5 class=\"wp-block-heading\">SAVE THE DATE | <span style=\"text-decoration: underline;\">19-24 Mai 2025<\/span> | Conferinta Zilele Medicale si Stiintifice ale Spitalului Obregia <em><a href=\"https:\/\/spital-obregia.ro\/conferinta-102-ani-spital-obregia-save-the-date\/\">&#8230;mai mult -&gt;<\/a><\/em><\/h5>\n\n\n<div class=\"wp-block-ub-divider ub_divider ub-divider-orientation-horizontal\" id=\"ub_divider_466c283a-3570-40d5-8644-ad7005f3e0de\"><div class=\"ub_divider_wrapper\" style=\"position: relative; margin-bottom: 2px; width: 100%; height: 2px; \" data-divider-alignment=\"center\"><div class=\"ub_divider_line\" style=\"border-top: 2px solid #ccc; margin-top: 2px; \"><\/div><\/div><\/div>\n\n\n<figure class=\"wp-block-image aligncenter size-large\"><a href=\"conferinta-101-ani-spital-obregia\"><img loading=\"lazy\" decoding=\"async\" width=\"1024\" height=\"895\" src=\"https:\/\/spital-obregia.ro\/arhiva\/wp-content\/uploads\/2024\/03\/101_obregia-1024x895.webp\" alt=\"\" class=\"wp-image-6674\" srcset=\"https:\/\/spital-obregia.ro\/arhiva\/wp-content\/uploads\/2024\/03\/101_obregia-1024x895.webp 1024w, https:\/\/spital-obregia.ro\/arhiva\/wp-content\/uploads\/2024\/03\/101_obregia-300x262.webp 300w, https:\/\/spital-obregia.ro\/arhiva\/wp-content\/uploads\/2024\/03\/101_obregia-768x671.webp 768w, https:\/\/spital-obregia.ro\/arhiva\/wp-content\/uploads\/2024\/03\/101_obregia-1536x1342.webp 1536w, https:\/\/spital-obregia.ro\/arhiva\/wp-content\/uploads\/2024\/03\/101_obregia-2048x1790.webp 2048w\" sizes=\"auto, (max-width: 1024px) 100vw, 1024px\" \/><\/a><\/figure>\n\n\n\n<h4 class=\"wp-block-heading\">Zilele Medicale \u0219i \u0218tiin\u021bifice ale Spitalului Clinic de Psihiatrie \u201cProf. Dr. Alexandru Obregia\u201d Bucure\u0219ti \u2013 4 \u2013 9 Martie 2024 <em><a href=\"https:\/\/spital-obregia.ro\/conferinta-101-ani-spital-obregia\/\">&#8230;mai mult -&gt;<\/a><\/em><\/h4>\n\n\n<div class=\"wp-block-ub-divider ub_divider ub-divider-orientation-horizontal\" id=\"ub_divider_65a77be6-d309-4849-bce8-422a1c427d96\"><div class=\"ub_divider_wrapper\" style=\"position: relative; margin-bottom: 2px; width: 100%; height: 2px; \" data-divider-alignment=\"center\"><div class=\"ub_divider_line\" style=\"border-top: 2px solid #ccc; margin-top: 2px; \"><\/div><\/div><\/div>\n\n\n<h4 class=\"wp-block-heading\"><a href=\"https:\/\/www.trinitas.tv\/zilele-medicale-si-stiintifice-ale-spitalului-clinic-de-psihiatrie-prof-dr-al-obregia\/\" target=\"_blank\" rel=\"noreferrer noopener\">Jurnalul Trinitas<strong> &#8211; Zilele Medicale \u0219i \u0218tiin\u021bifice ale Spitalului Clinic de Psihiatrie \u201eProf. Dr. Al. Obregia\u201d <em>&#8230;mai mult -&gt;<\/em><\/strong><\/a><\/h4>\n\n\n<div class=\"wp-block-ub-divider ub_divider ub-divider-orientation-horizontal\" id=\"ub_divider_9b504088-c10e-476b-94a5-2c733643fa7a\"><div class=\"ub_divider_wrapper\" style=\"position: relative; margin-bottom: 2px; width: 100%; height: 2px; \" data-divider-alignment=\"center\"><div class=\"ub_divider_line\" style=\"border-top: 2px solid #ccc; margin-top: 2px; \"><\/div><\/div><\/div>\n\n\n<h4 class=\"wp-block-heading\" id=\"centru-de-vaccinare-impotriva-covid-19\">ANALIZE MEDICALE GRATUITE<\/h4>\n\n\n\n<p>Spitalul Clinic de Psihiatrie \u201cProf. Dr. Al. Obregia\u201d, prin Laboratorul de Analize Medicale (acreditat RENAR \u0219i aflat \u00een contract cu CASMB) recolteaz\u0103 \u0219i prelucreaz\u0103 <strong>analize medicale GRATUITE<\/strong>, <strong>pe baza biletului de trimitere<\/strong> de la medicul de familie sau medicul specialist (aflat \u00een contract cu CAS\/ OPSNAJ din Bucure\u0219ti sau din celelalte jude\u021be din \u021bar\u0103) \u0219i a <strong>cardului de s\u0103n\u0103tate, <\/strong>\u00een baza unei program\u0103ri prealabile<em><a href=\"https:\/\/spital-obregia.ro\/analize-medicale-gratuite\">&#8230;mai mult -&gt;<\/a><\/em><\/p>\n\n\n<div class=\"wp-block-ub-divider ub_divider ub-divider-orientation-horizontal\" id=\"ub_divider_f2587db3-2d0e-43c3-9a5d-3a096421250b\"><div class=\"ub_divider_wrapper\" style=\"position: relative; margin-bottom: 2px; width: 100%; height: 2px; \" data-divider-alignment=\"center\"><div class=\"ub_divider_line\" style=\"border-top: 2px solid #ccc; margin-top: 2px; \"><\/div><\/div><\/div>\n\n\n<h4 class=\"wp-block-heading\">Subprogramul Na\u021bional de Tratament al bolnavilor cu tulburare depresiv\u0103 major\u0103<\/h4>\n\n\n\n<p>Spitalul Clinic de Psihiatrie \u201eProf. Dr. Al. Obregia\u201d Bucure\u0219ti deruleaz\u0103 <strong>Subprogramul Na\u021bional de Tratament al bolnavilor cu tulburare depresiv\u0103 major\u0103<\/strong>, decontat de Casa Na\u021bional\u0103 de Asigur\u0103ri de S\u0103n\u0103tate, <em>conform HG nr. 423\/2022 privind aprobarea programelor na\u0163ionale de s\u0103n\u0103tate<\/em>, cu modific\u0103rile \u0219i complet\u0103rile ulterioare <em><a href=\"https:\/\/spital-obregia.ro\/subprogramul-national-de-tratament-al-bolnavilor-cu-tulburare-depresiva-majora\/\">&#8230;mai mult -&gt;<\/a><\/em><\/p>\n\n\n<div class=\"wp-block-ub-divider ub_divider ub-divider-orientation-horizontal\" id=\"ub_divider_f1ae213b-7420-4d45-ab59-5614de0b1e5b\"><div class=\"ub_divider_wrapper\" style=\"position: relative; margin-bottom: 2px; width: 100%; height: 2px; \" data-divider-alignment=\"center\"><div class=\"ub_divider_line\" style=\"border-top: 2px solid #ccc; margin-top: 2px; \"><\/div><\/div><\/div>\n\n\n<div class=\"wp-block-columns is-layout-flex wp-container-core-columns-is-layout-28f84493 wp-block-columns-is-layout-flex\">\n<div class=\"wp-block-column is-layout-flow wp-block-column-is-layout-flow\">\n<figure class=\"wp-block-embed is-type-video is-provider-youtube wp-block-embed-youtube wp-embed-aspect-16-9 wp-has-aspect-ratio\"><div class=\"wp-block-embed__wrapper\">\n<iframe loading=\"lazy\" title=\"Campania \u201e\u00cempreun\u0103 strig\u0103m AJUTOR!\u201d\" width=\"1750\" height=\"984\" src=\"https:\/\/www.youtube.com\/embed\/8VKtu4QWCgE?feature=oembed\" frameborder=\"0\" allow=\"accelerometer; autoplay; clipboard-write; encrypted-media; gyroscope; picture-in-picture; web-share\" allowfullscreen><\/iframe>\n<\/div><\/figure>\n<\/div>\n\n\n\n<div class=\"wp-block-column is-vertically-aligned-center is-layout-flow wp-block-column-is-layout-flow\">\n<p><strong>\u201e\u00cempreun\u0103 strig\u0103m AJUTOR!\u201d &#8211; ASSMB \u0219i Funda\u021bia Filantropic\u0103 Metropolis dau startul Campaniei pentru construc\u021bia unei noi Clinici de Psihiatrie Pediatric\u0103 \u00een cadrul Spitalului Clinic de Psihiatrie \u201cProf. Dr. Alexandru Obregia\u201d Bucure\u0219ti <em><a href=\"https:\/\/spital-obregia.ro\/impreuna-strigam-ajutor\/\">&#8230;mai mult -&gt;<\/a><\/em><\/strong><\/p>\n<\/div>\n<\/div>\n\n\n<div class=\"wp-block-ub-divider ub_divider ub-divider-orientation-horizontal\" id=\"ub_divider_25dd09d5-9056-4dfc-8b8b-4a9e6d4a52ce\"><div class=\"ub_divider_wrapper\" style=\"position: relative; margin-bottom: 2px; width: 100%; height: 2px; \" data-divider-alignment=\"center\"><div class=\"ub_divider_line\" style=\"border-top: 2px solid #ccc; margin-top: 2px; \"><\/div><\/div><\/div>\n\n\n<h4 class=\"wp-block-heading\" id=\"centru-de-vaccinare-impotriva-covid-19\"><strong>Centru de recoltare a probelor biologice pentru diagnosticul infec\u021biei cu SARS CoV-2<\/strong><\/h4>\n\n\n\n<p>Pentru a veni \u00een sprijinul pacien\u0163ilor care au nevoie de recoltare probe biologice pentru depistarea infec\u0163iei SARS-COV-2, Spitalul Clinic de Psihiatrie \u201cProf. Dr. Alexandru Obregia\u201d s-a al\u0103turat eforturilor comune depuse de ASSMB, DSPMB \u015fi Ministerul S\u0103n\u0103t\u0103\u0163ii<strong> <\/strong><em><a href=\"https:\/\/spital-obregia.ro\/covid19\/testare-dspb\/\">&#8230;mai mult -&gt;<\/a><\/em><\/p>\n\n\n<div class=\"wp-block-ub-divider ub_divider ub-divider-orientation-horizontal\" id=\"ub_divider_d5454759-c7c5-4d54-acce-7c582309f8b1\"><div class=\"ub_divider_wrapper\" style=\"position: relative; margin-bottom: 2px; width: 100%; height: 2px; \" data-divider-alignment=\"center\"><div class=\"ub_divider_line\" style=\"border-top: 2px solid #ccc; margin-top: 2px; \"><\/div><\/div><\/div>\n\n\n<a href=\"https:\/\/spital-obregia.ro\/covid19\/\" class=\"button\" rel=\"noopener\" style=\"width: 100%\">INFORMA\u021aII DESPRE CORONAVIRUS &#8211; COVID-19<\/a><br>\n<a target=\"_blank\" href=\"http:\/\/spital-obregia.ro\/arhiva\/wp-content\/uploads\/2020\/05\/INFORMATII UTILE PARINTILOR CU COPII CU TSA IN CONTEXT COVID-19.pdf\" class=\"button\" rel=\"noopener\" style=\"width: 100%\">INFORMATII UTILE PARINTILOR CU COPII CU TSA IN CONTEXT COVID-19<\/a><br>\n\n\n<div class=\"wp-block-ub-divider ub_divider ub-divider-orientation-horizontal\" id=\"ub_divider_78d08b6f-4c75-45e4-8d47-790eae793f54\"><div class=\"ub_divider_wrapper\" style=\"position: relative; margin-bottom: 2px; width: 100%; height: 2px; \" data-divider-alignment=\"center\"><div class=\"ub_divider_line\" style=\"border-top: 2px solid #ccc; margin-top: 2px; \"><\/div><\/div><\/div>\n\n\n<h2 class=\"wp-block-heading\"><span style=\"text-decoration: underline;\">COMUNICATE DE PRES\u0102<\/span><\/h2>\n\n\n\n<h3 class=\"wp-block-heading\"><a href=\"https:\/\/spital-obregia.ro\/mintile-noastre-drepturile-noastre\/\">Ziua Mondial\u0103 a S\u0103n\u0103t\u0103\u021bii Mintale, 10 octombrie 2023<\/a><\/h3>\n\n\n\n<figure class=\"wp-block-image size-large\"><a href=\"https:\/\/spital-obregia.ro\/mintile-noastre-drepturile-noastre\/\"><img loading=\"lazy\" decoding=\"async\" width=\"1024\" height=\"396\" src=\"https:\/\/spital-obregia.ro\/arhiva\/wp-content\/uploads\/2023\/10\/wmhd23-web-banner-1.tmb-1920v-1024x396.jpg\" alt=\"\" class=\"wp-image-6356\" srcset=\"https:\/\/spital-obregia.ro\/arhiva\/wp-content\/uploads\/2023\/10\/wmhd23-web-banner-1.tmb-1920v-1024x396.jpg 1024w, https:\/\/spital-obregia.ro\/arhiva\/wp-content\/uploads\/2023\/10\/wmhd23-web-banner-1.tmb-1920v-300x116.jpg 300w, https:\/\/spital-obregia.ro\/arhiva\/wp-content\/uploads\/2023\/10\/wmhd23-web-banner-1.tmb-1920v-768x297.jpg 768w, https:\/\/spital-obregia.ro\/arhiva\/wp-content\/uploads\/2023\/10\/wmhd23-web-banner-1.tmb-1920v-1536x594.jpg 1536w, https:\/\/spital-obregia.ro\/arhiva\/wp-content\/uploads\/2023\/10\/wmhd23-web-banner-1.tmb-1920v.jpg 1920w\" sizes=\"auto, (max-width: 1024px) 100vw, 1024px\" \/><\/a><figcaption class=\"wp-element-caption\"><em>Sursa foto: <a href=\"https:\/\/www.who.int\/campaigns\/world-mental-health-day\/2023\" target=\"_blank\" rel=\"noreferrer noopener\">Organiza\u021bia Mondial\u0103 a S\u0103n\u0103t\u0103\u021bii<\/a><\/em><\/figcaption><\/figure>\n\n\n<div class=\"wp-block-ub-divider ub_divider ub-divider-orientation-horizontal\" id=\"ub_divider_ed31711e-b2fc-4ea1-99c9-506e8756fc51\"><div class=\"ub_divider_wrapper\" style=\"position: relative; margin-bottom: 2px; width: 100%; height: 2px; \" data-divider-alignment=\"center\"><div class=\"ub_divider_line\" style=\"border-top: 2px solid #ccc; margin-top: 2px; \"><\/div><\/div><\/div>\n\n\n<h4 class=\"wp-block-heading\">Drept la replic\u0103 trimis cotidianului \u201eLibertatea\u201d, \u00een urma articolului publicat \u00een edi\u021bia online la data de 25.07.2023&#8230;<em><a href=\"https:\/\/spital-obregia.ro\/arhiva\/wp-content\/uploads\/2023\/07\/Drept-la-replica-Libertatea-8106-28.07.2023.pdf\" target=\"_blank\" rel=\"noreferrer noopener nofollow\">mai mult-&gt;<\/a><\/em><\/h4>\n\n\n<div class=\"wp-block-ub-divider ub_divider ub-divider-orientation-horizontal\" id=\"ub_divider_eb179945-6662-4665-8523-88e1373e94f8\"><div class=\"ub_divider_wrapper\" style=\"position: relative; margin-bottom: 2px; width: 100%; height: 2px; \" data-divider-alignment=\"center\"><div class=\"ub_divider_line\" style=\"border-top: 2px solid #ccc; margin-top: 2px; \"><\/div><\/div><\/div>\n\n\n<h4 class=\"wp-block-heading\"><strong>Radio Rom\u00e2nia Interna\u0163ional despre Medicul psihiatru Alexandru Obregia (1860-1937), \u00een cadrul Enciclopediei RRI <a href=\"https:\/\/www.rri.ro\/ro_ro\/medicul_psihiatru_alexandru_obregia_1860_1937-2677269\" target=\"_blank\" rel=\"noreferrer noopener nofollow\"><em>&#8230;mai mult -&gt;<\/em><\/a><\/strong><\/h4>\n\n\n<div class=\"wp-block-ub-divider ub_divider ub-divider-orientation-horizontal\" id=\"ub_divider_88caa263-e637-44e6-a187-2316f4b7cf5e\"><div class=\"ub_divider_wrapper\" style=\"position: relative; margin-bottom: 2px; width: 100%; height: 2px; \" data-divider-alignment=\"center\"><div class=\"ub_divider_line\" style=\"border-top: 2px solid #ccc; margin-top: 2px; \"><\/div><\/div><\/div>\n\n\n<figure class=\"wp-block-image size-large\"><a href=\"https:\/\/spital-obregia.ro\/conferinta-100-ani-spital-obregia\/\"><img loading=\"lazy\" decoding=\"async\" width=\"1024\" height=\"493\" src=\"https:\/\/spital-obregia.ro\/arhiva\/wp-content\/uploads\/2023\/04\/header-zilele-obregia_10.04-1-1024x493.png\" alt=\"\" class=\"wp-image-5776\" srcset=\"https:\/\/spital-obregia.ro\/arhiva\/wp-content\/uploads\/2023\/04\/header-zilele-obregia_10.04-1-1024x493.png 1024w, https:\/\/spital-obregia.ro\/arhiva\/wp-content\/uploads\/2023\/04\/header-zilele-obregia_10.04-1-300x144.png 300w, https:\/\/spital-obregia.ro\/arhiva\/wp-content\/uploads\/2023\/04\/header-zilele-obregia_10.04-1-768x370.png 768w, https:\/\/spital-obregia.ro\/arhiva\/wp-content\/uploads\/2023\/04\/header-zilele-obregia_10.04-1-1536x739.png 1536w, https:\/\/spital-obregia.ro\/arhiva\/wp-content\/uploads\/2023\/04\/header-zilele-obregia_10.04-1.png 1631w\" sizes=\"auto, (max-width: 1024px) 100vw, 1024px\" \/><\/a><\/figure>\n\n\n\n<h4 class=\"wp-block-heading\"><strong>Conferin\u021ba Na\u021bional\u0103 cu participare Interna\u021bional\u0103 &#8211;  Zilele Medicale \u0219i \u0218tiin\u021bifice ale Spitalului Clinic de Psihiatrie \u201cProf. Dr. Al. Obregia\u201d <em><a href=\"https:\/\/spital-obregia.ro\/conferinta-100-ani-spital-obregia\/\">&#8230;mai mult -&gt;<\/a><\/em><\/strong><\/h4>\n\n\n<div class=\"wp-block-ub-divider ub_divider ub-divider-orientation-horizontal\" id=\"ub_divider_8f50439c-133a-4fc1-8bb6-c549907a2baf\"><div class=\"ub_divider_wrapper\" style=\"position: relative; margin-bottom: 2px; width: 100%; height: 2px; \" data-divider-alignment=\"center\"><div class=\"ub_divider_line\" style=\"border-top: 2px solid #ccc; margin-top: 2px; \"><\/div><\/div><\/div>\n\n\n<h1 class=\"wp-block-heading has-text-align-left has-nv-dark-bg-color has-text-color\" id=\"despre\" style=\"font-size:clamp(18.959px, 1.185rem + ((1vw - 3.2px) * 0.863), 30px);px\"><strong>Despre noi<\/strong><\/h1>\n\n\n\n<p>Inaugurat \u00een anul 1923 \u00een Bucure\u0219ti, ca un spital de nivel european \u0219i cel mai mare din Rom\u00e2nia,&nbsp;<strong>Spitalul Clinic de Psihiatrie \u201cProf. Dr. Alexandru Obregia\u201d<\/strong>&nbsp;impune continuu \u00een Rom\u00e2nia, de un secol progresul medical, \u0219tiin\u021bific si universitar \u00een psihiatrie. De aceea, spitalul reprezint\u0103 ast\u0103zi o unitate de referin\u021b\u0103 \u00een domeniu, care aliniaz\u0103 psihiatria rom\u00e2neasca la standardele moderne europene si interna\u021bionale. Serviciile de s\u0103n\u0103tate publica \u2013 pentru adul\u021bi, copii, adolescen\u021bi si v\u00e2rstnici \u2013 sunt asigurate de clinici si sec\u021bii de psihiatrie si s\u0103n\u0103tate mintala, de compartimente de psihiatrie comunitara, reintegrare psiho-sociala, psihoterapie, alcoologie, tulbur\u0103ri cognitive, de cabinete specializate pentru servicii medico-chirurgicale si expertiza, camera de garda si laboratoare de analiza etc. Fiind un spital public profilat pe psihiatrie, desf\u0103\u0219oar\u0103 \u00eenv\u0103\u021b\u0103m\u00e2ntul universitar si postuniversitar de stat de psihiatrie \u00een cadrul celor 4 Catedre specializate din Universitatea de Medicina si Farmacie \u201cCarol Davila\u201d Bucure\u0219ti, iar prin Compartimentele de cercetare promoveaz\u0103 competitiv psihiatria rom\u00e2neasca si imaginea Spitalului la nivel interna\u021bional. <\/p>\n","protected":false},"excerpt":{"rendered":"<p>NOUT\u0102\u021aI PROGRAMUL DE VIZIT\u0102 AL PACIEN\u021aILOR DIN SPITAL &bull; LUNI-VINERI: 10:00 &#8211; 12:00 \u0219i 15:00 &#8211; 17:00 &bull; S\u00c2MB\u0102T\u0102 &#8211; DUMINIC\u0102 (\u0219i zilele de s\u0103rb\u0103tori legale): 10:00 &#8211; 13:00 \u0219i 14:00 &#8211; 17:00 Vizitele pacien\u021bilor se vor desf\u0103\u0219ura &icirc;n conformitate cu prevederile Ordinului Ministrului S\u0103n\u0103t\u0103\u021bii nr. 3670\/2022 \u0219i Regulamentului de ordine interioara pacien\u021bi\/vizitatori\/&icirc;nso\u021bitori. SAVE THE [&hellip;]<\/p>\n","protected":false},"author":2,"featured_media":0,"parent":0,"menu_order":0,"comment_status":"closed","ping_status":"open","template":"","meta":{"_lmt_disableupdate":"no","_lmt_disable":"no","footnotes":""},"class_list":["post-26","page","type-page","status-publish","hentry"],"blocksy_meta":{"styles_descriptor":{"styles":{"desktop":"","tablet":"","mobile":""},"google_fonts":[],"version":6},"page_title_panel":"","has_hero_section":"disabled","e1715c7114a0dfa03633cf60ec3e2fa9":"","hero_section":"type-1","hero_elements":[{"id":"custom_title","enabled":true,"heading_tag":"h1","title":"Home"},{"id":"custom_description","enabled":true,"description_visibility":{"desktop":true,"tablet":true,"mobile":false}},{"id":"custom_meta","enabled":false,"meta_elements":[{"id":"author","enabled":true,"label":"By","has_author_avatar":"yes","avatar_size":25},{"id":"post_date","enabled":true,"label":"On","date_format_source":"default","date_format":"M j, Y"},{"id":"updated_date","enabled":false,"label":"On","date_format_source":"default","date_format":"M j, Y"},{"id":"categories","enabled":false,"label":"In","style":"simple"},{"id":"comments","enabled":true}],"page_meta_elements":{"joined":true,"articles_count":true,"comments":true}},{"id":"breadcrumbs","enabled":false}],"091c33a36d034e0ec3a734082a590f72":"","hero_alignment1":"CT_CSS_SKIP_RULE","hero_margin":40,"hero_alignment2":"center","hero_vertical_alignment":"center","3e6b7e45ee06028521e47b8987b97348":"","hero_structure":"narrow","be0066216bea76229454be81dea1ba52":"","page_title_bg_type":"featured_image","custom_hero_background":{"attachment_id":null},"parallax":{"desktop":false,"tablet":false,"mobile":false},"c1d878df4dfe0b3a47572fe43537391c":"","hero_height":"250px","pageTitleFont":{"family":"Default","variation":"Default","size":{"desktop":"32px","tablet":"30px","mobile":"25px"},"line-height":"CT_CSS_SKIP_RULE","letter-spacing":"CT_CSS_SKIP_RULE","text-transform":"CT_CSS_SKIP_RULE","text-decoration":"CT_CSS_SKIP_RULE"},"pageTitleFontColor":{"default":{"color":"CT_CSS_SKIP_RULEDEFAULT"}},"pageMetaFont":{"family":"Default","variation":"n6","size":"12px","line-height":"1.3","letter-spacing":"CT_CSS_SKIP_RULE","text-transform":"uppercase","text-decoration":"CT_CSS_SKIP_RULE"},"pageMetaFontColor":{"default":{"color":"CT_CSS_SKIP_RULEDEFAULT"},"hover":{"color":"CT_CSS_SKIP_RULEDEFAULT"}},"page_meta_button_type_font_colors":{"default":{"color":"CT_CSS_SKIP_RULEDEFAULT"},"hover":{"color":"CT_CSS_SKIP_RULEDEFAULT"}},"page_meta_button_type_background_colors":{"default":{"color":"CT_CSS_SKIP_RULEDEFAULT"},"hover":{"color":"CT_CSS_SKIP_RULEDEFAULT"}},"pageExcerptFont":{"family":"Default","variation":"Default","size":"CT_CSS_SKIP_RULE","line-height":"CT_CSS_SKIP_RULE","letter-spacing":"CT_CSS_SKIP_RULE","text-transform":"CT_CSS_SKIP_RULE","text-decoration":"CT_CSS_SKIP_RULE"},"pageExcerptColor":{"default":{"color":"CT_CSS_SKIP_RULEDEFAULT"}},"breadcrumbsFont":{"family":"Default","variation":"Default","size":"CT_CSS_SKIP_RULE","line-height":"CT_CSS_SKIP_RULE","letter-spacing":"CT_CSS_SKIP_RULE","text-transform":"CT_CSS_SKIP_RULE","text-decoration":"CT_CSS_SKIP_RULE"},"breadcrumbsFontColor":{"default":{"color":"CT_CSS_SKIP_RULEDEFAULT"},"initial":{"color":"CT_CSS_SKIP_RULEDEFAULT"},"hover":{"color":"CT_CSS_SKIP_RULEDEFAULT"}},"pageTitleOverlay":{"background_type":"color","background_pattern":"type-1","background_image":{"attachment_id":null,"x":0,"y":0},"gradient":"linear-gradient(135deg,rgba(6,147,227,1) 0%,rgb(155,81,224) 100%)","background_repeat":"repeat","background_size":"auto","background_attachment":"scroll","patternColor":{"default":{"color":"#e5e7ea"}},"overlayColor":{"default":{"color":"CT_CSS_SKIP_RULE"}},"backgroundColor":{"default":{"color":"CT_CSS_SKIP_RULE"}}},"pageTitleBackground":{"background_type":"color","background_pattern":"type-1","background_image":{"attachment_id":null,"x":0,"y":0},"gradient":"linear-gradient(135deg,rgba(6,147,227,1) 0%,rgb(155,81,224) 100%)","background_repeat":"repeat","background_size":"auto","background_attachment":"scroll","patternColor":{"default":{"color":"#e5e7ea"}},"overlayColor":{"default":{"color":"CT_CSS_SKIP_RULE"}},"backgroundColor":{"default":{"color":"var(--theme-palette-color-6)"}}},"pageTitlePadding":{"top":"50px","bottom":"50px","left":"auto","right":"auto","linked":true},"2a08ecba50dc4d78a02389cf2f593255":"","page_structure_type":"default","4705276632fe02ac4f78666ef077dffc":"","content_style_source":"inherit","content_style":"wide","vertical_spacing_source":"inherit","content_area_spacing":"both","background":{"background_type":"color","background_pattern":"type-1","background_image":{"attachment_id":null,"x":0,"y":0},"gradient":"linear-gradient(135deg,rgba(6,147,227,1) 0%,rgb(155,81,224) 100%)","background_repeat":"repeat","background_size":"auto","background_attachment":"scroll","patternColor":{"default":{"color":"#e5e7ea"}},"overlayColor":{"default":{"color":"CT_CSS_SKIP_RULE"}},"backgroundColor":{"default":{"color":"CT_CSS_SKIP_RULE"}}},"content_background":{"background_type":"color","background_pattern":"type-1","background_image":{"attachment_id":null,"x":0,"y":0},"gradient":"linear-gradient(135deg,rgba(6,147,227,1) 0%,rgb(155,81,224) 100%)","background_repeat":"repeat","background_size":"auto","background_attachment":"scroll","patternColor":{"default":{"color":"#e5e7ea"}},"overlayColor":{"default":{"color":"CT_CSS_SKIP_RULE"}},"backgroundColor":{"default":{"color":"var(--theme-palette-color-8)"}}},"content_boxed_shadow":{"inherit":false,"blur":18,"spread":-6,"v_offset":12,"h_offset":0,"inset":false,"enable":true,"color":{"color":"rgba(34, 56, 101, 0.04)"}},"boxed_content_spacing":{"desktop":{"top":"40px","bottom":"40px","left":"40px","right":"40px","linked":true},"tablet":{"top":"35px","bottom":"35px","left":"35px","right":"35px","linked":true},"mobile":{"top":"20px","bottom":"20px","left":"20px","right":"20px","linked":true}},"content_boxed_radius":{"top":"3px","bottom":"3px","left":"3px","right":"3px","linked":true},"ec5eada8fce34a55dbef4a72d944470e":"","disable_featured_image":"no","disable_header":"no","disable_footer":"no"},"featured_image_src":null,"jetpack_sharing_enabled":true,"_links":{"self":[{"href":"https:\/\/spital-obregia.ro\/arhiva\/wp-json\/wp\/v2\/pages\/26","targetHints":{"allow":["GET"]}}],"collection":[{"href":"https:\/\/spital-obregia.ro\/arhiva\/wp-json\/wp\/v2\/pages"}],"about":[{"href":"https:\/\/spital-obregia.ro\/arhiva\/wp-json\/wp\/v2\/types\/page"}],"author":[{"embeddable":true,"href":"https:\/\/spital-obregia.ro\/arhiva\/wp-json\/wp\/v2\/users\/2"}],"replies":[{"embeddable":true,"href":"https:\/\/spital-obregia.ro\/arhiva\/wp-json\/wp\/v2\/comments?post=26"}],"version-history":[{"count":0,"href":"https:\/\/spital-obregia.ro\/arhiva\/wp-json\/wp\/v2\/pages\/26\/revisions"}],"wp:attachment":[{"href":"https:\/\/spital-obregia.ro\/arhiva\/wp-json\/wp\/v2\/media?parent=26"}],"curies":[{"name":"wp","href":"https:\/\/api.w.org\/{rel}","templated":true}]}}