{"id":2374,"date":"2019-01-18T13:25:18","date_gmt":"2019-01-18T13:25:18","guid":{"rendered":"http:\/\/spital-obregia.ro\/?page_id=2374"},"modified":"2022-07-05T17:41:13","modified_gmt":"2022-07-05T14:41:13","slug":"declaratia-privind-asumarea-unei-agende-de-integritate-organizationala","status":"publish","type":"page","link":"https:\/\/spital-obregia.ro\/arhiva\/declaratia-privind-asumarea-unei-agende-de-integritate-organizationala\/","title":{"rendered":"Declara\u0163ia privind asumarea unei agende de integritate organiza\u0163ional\u0103"},"content":{"rendered":"\n<ul class=\"wp-block-list\"><li><a href=\"https:\/\/spital-obregia.ro\/arhiva\/wp-content\/uploads\/2022\/02\/Declaratie-asumare-agenda-de-integritate.pdf\" target=\"_blank\" rel=\"noreferrer noopener nofollow\">Declara\u021bie privind asumarea agendei de integritate organiza\u021bional\u0103 \u0219i coordonatele Strategiei na\u021bionale anticorup\u021bie 2021-2025<\/a><\/li><li><a href=\"https:\/\/legislatie.just.ro\/Public\/DetaliiDocument\/249828\" target=\"_blank\" rel=\"noreferrer noopener nofollow\">HOT\u0102R\u00c2RE nr. 1.269 din 17 decembrie 2021<\/a> &#8211; <em>privind aprobarea Strategiei na\u021bionale anticorup\u021bie 2021-2025 \u0219i a documentelor aferente acesteia<\/em><\/li><\/ul>\n\n\n\n<p><\/p>\n","protected":false},"excerpt":{"rendered":"<p>Declara\u021bie privind asumarea agendei de integritate organiza\u021bional\u0103 \u0219i coordonatele Strategiei na\u021bionale anticorup\u021bie 2021-2025 HOT\u0102R\u00c2RE nr. 1.269 din 17 decembrie 2021 &#8211; privind aprobarea Strategiei na\u021bionale anticorup\u021bie 2021-2025 \u0219i a documentelor aferente acesteia<\/p>\n","protected":false},"author":2,"featured_media":0,"parent":0,"menu_order":0,"comment_status":"closed","ping_status":"closed","template":"","meta":{"_lmt_disableupdate":"no","_lmt_disable":"no","footnotes":""},"class_list":["post-2374","page","type-page","status-publish","hentry"],"blocksy_meta":{"styles_descriptor":{"styles":{"desktop":"","tablet":"","mobile":""},"google_fonts":[],"version":6}},"featured_image_src":null,"jetpack_sharing_enabled":true,"_links":{"self":[{"href":"https:\/\/spital-obregia.ro\/arhiva\/wp-json\/wp\/v2\/pages\/2374","targetHints":{"allow":["GET"]}}],"collection":[{"href":"https:\/\/spital-obregia.ro\/arhiva\/wp-json\/wp\/v2\/pages"}],"about":[{"href":"https:\/\/spital-obregia.ro\/arhiva\/wp-json\/wp\/v2\/types\/page"}],"author":[{"embeddable":true,"href":"https:\/\/spital-obregia.ro\/arhiva\/wp-json\/wp\/v2\/users\/2"}],"replies":[{"embeddable":true,"href":"https:\/\/spital-obregia.ro\/arhiva\/wp-json\/wp\/v2\/comments?post=2374"}],"version-history":[{"count":0,"href":"https:\/\/spital-obregia.ro\/arhiva\/wp-json\/wp\/v2\/pages\/2374\/revisions"}],"wp:attachment":[{"href":"https:\/\/spital-obregia.ro\/arhiva\/wp-json\/wp\/v2\/media?parent=2374"}],"curies":[{"name":"wp","href":"https:\/\/api.w.org\/{rel}","templated":true}]}}