{"id":1572,"date":"2017-02-21T19:50:41","date_gmt":"2017-02-21T19:50:41","guid":{"rendered":"http:\/\/spital-obregia.ro\/?page_id=1572"},"modified":"2024-02-23T14:04:39","modified_gmt":"2024-02-23T12:04:39","slug":"contact","status":"publish","type":"page","link":"https:\/\/spital-obregia.ro\/arhiva\/contact\/","title":{"rendered":"Contact"},"content":{"rendered":"\n<p><a href=\"mailto:secretariat@spital-obregia.ro\" target=\"_blank\" rel=\"noreferrer noopener\"><i class=\"fas fa-envelope\"><\/i> secretariat@spital-obregia.ro<\/a><br><a href=\"https:\/\/maps.app.goo.gl\/y2cYZzycXsLWBbJ67\" target=\"_blank\" rel=\"noreferrer noopener\"><i class=\"fas fa-map-marker-alt\"><\/i> \u0218oseaua Berceni nr. 10, Sector 4, 041914, Bucure\u0219ti<\/a><br><a href=\"https:\/\/www.facebook.com\/SpitalulAlexandruObregia\/\" target=\"_blank\" rel=\"noreferrer noopener\"><i class=\"fab fa-facebook\"><\/i> SpitalulAlexandruObregia<\/a><\/p>\n\n\n\n<p><strong>Centrala telefonic\u0103<br><\/strong>Luni-Vineri 8:00-16:00<br><a href=\"tel:+40213320411\">021 332 0411<\/a> | <a href=\"tel:+40213321304\">021 332 1304<\/a><br><strong>Fax: 021 334 7164<\/strong><\/p>\n\n\n\n<p><strong>Accesul \u00een spital se face prin intr\u0103rile din :<\/strong><\/p>\n\n\n\n<ul class=\"wp-block-list\">\n<li><a rel=\"noreferrer noopener\" href=\"https:\/\/goo.gl\/maps\/wg1yNgKmkEtEYYCBA\" target=\"_blank\">\u0218oseaua Berceni nr.10<\/a><\/li>\n\n\n\n<li><a rel=\"noreferrer noopener\" href=\"https:\/\/goo.gl\/maps\/fk3CeE9Qad8KLvZd6\" target=\"_blank\">Strada Emil Racovi\u021b\u0103<\/a><\/li>\n<\/ul>\n\n\n\n<p><strong>La spital se poate ajunge cu:<\/strong><\/p>\n\n\n\n<ul class=\"wp-block-list\">\n<li>Mijloace de transport \u00een comun<br>&#8211; <strong>Autobuze<\/strong> : 232 (sta\u021bia Spital Dr. Marinescu) \/ 312 (sta\u021bia Spital Dr. Alexandru Obregia)<br>&#8211; <strong>Troleibuze<\/strong>: 74 (sta\u021bia Spital Dr. Alexandru Obregia)<br>&#8211; <strong>Tramvai<\/strong>: 1 \/ 10 \/ 11 \/ 34 (sta\u021bia Pia\u021ba Sudului<br>&#8211; <strong>Metrou<\/strong>: Pia\u021ba Sudului \/Ap\u0103r\u0103torii Patriei<\/li>\n\n\n\n<li>Taxi, autoturism personal<br>-accesul autoturismelor in spital <strong>nu este permis<\/strong>, cu excep\u021bia celor<br>care transport\u0103 persoane nedeplasabile<\/li>\n<\/ul>\n\n\n\n<div class=\"gmap\"><iframe src=\"https:\/\/www.google.com\/maps\/embed?pb=!1m18!1m12!1m3!1d1425.6439576515033!2d26.12360625829258!3d44.38621116159319!2m3!1f0!2f0!3f0!3m2!1i1024!2i768!4f13.1!3m3!1m2!1s0x40b1fe6c93b025bd%3A0x39239ef1fee1da77!2sSpitalul%20Clinic%20de%20Psihiatrie%20%E2%80%9EProfesor%20Doctor%20Alexandru%20Obregia%E2%80%9D!5e0!3m2!1sro!2sro!4v1667998684108!5m2!1sro!2sro\" width=\"100%\" height=\"300\" style=\"border:0;\" allowfullscreen=\"\" loading=\"lazy\" referrerpolicy=\"no-referrer-when-downgrade\"><\/iframe><br><style>.gmap {overflow:hidden;background:none!important;height:300px;width:100%;}<\/style><\/div>\n\n\n\n<p>&nbsp;<\/p>\n\n\n\n<h4 class=\"wp-block-heading\"><strong><span style=\"text-decoration: underline;\">Audien\u021be<\/span><\/strong><\/h4>\n\n\n\n<p><strong>Manager &#8211; Dr. Andrian \u021a\u00ceB\u00ceRN\u0102:<\/strong> \u00een fiecare zi de miercuri, 12.00-14.00.<br><strong>Director Medical &#8211; Dr. Eduard MO\u021aOESCU:<\/strong> \u00een fiecare zi de mar\u021bi, 12.00-14.00<br><strong>Director Financiar Contabil &#8211; Ec. Mihai-Iancu BU\u021aURC\u0102:<\/strong> \u00een fiecare zi de luni, 10.00-12.00<br><strong>Director \u00cengrijiri As. med. pr. lic. Corina GAGIU: <\/strong>\u00een fiecare zi de joi, 12.00-14.00<\/p>\n\n\n\n<p><strong>Regulament privind organizarea audien\u021belor<\/strong> \u2013 <a href=\"https:\/\/spital-obregia.ro\/arhiva\/wp-content\/uploads\/2023\/08\/2023.01.09-ROF-Audiente.pdf\" target=\"_blank\" rel=\"noreferrer noopener nofollow\">descarc\u0103 document<\/a><\/p>\n\n\n\n<p><strong>Recep\u021bionarea \u0219i programarea cererilor de audien\u021b\u0103 se poate efectua complet\u00e2nd <a href=\"https:\/\/spital-obregia.ro\/arhiva\/wp-content\/uploads\/2023\/08\/Anexa-1-solicitare-audienta.pdf\" target=\"_blank\" rel=\"noreferrer noopener nofollow\"><em>Cererea de primire \u00een audien\u021b\u0103<\/em> (descarc\u0103 cererea)<\/a>, precum \u0219i la secretariatul \u0219i registratura unit\u0103\u021bii medicale, \u0219i se poate depune:&nbsp;<\/strong><\/p>\n\n\n\n<ul class=\"wp-block-list\">\n<li>la sediul unit\u0103\u021bii medicale: \u0218oseaua Berceni nr. 10, la Registratur\u0103\/Compartiment Rela\u021bii cu Publicul, \u00een cl\u0103direa Direc\u021biei, \u00een zilele lucr\u0103toare, \u00een intervalul orar 08.00-16.00<\/li>\n\n\n\n<li>prin fax: +4021 334 71 64,<\/li>\n\n\n\n<li>prin intermediul po\u0219tei electronice: <a href=\"mailto:secretariat@spital-obregia.ro\">secretariat@spital-obregia.ro<\/a><\/li>\n\n\n\n<li>coresponden\u021b\u0103 po\u0219tal\u0103: Spitalul Clinic de Psihiatrie \u201eProf. Dr. Al. Obregia\u201d, \u0218oseaua Berceni nr. 10, sector 4, Bucure\u0219ti, cod po\u0219tal 041914.<\/li>\n<\/ul>\n\n\n\n<p>&nbsp;<\/p>\n\n\n\n<p><span style=\"text-decoration: underline;\"><strong>Purtator de cuvant:<\/strong><br><\/span>Dr. Eduard Petru MO\u021aOESCU &#8211; <a href=\"tel:0770874863\"><i class=\"fas fa-phone\"><\/i> 0770 874 863<\/a><\/p>\n\n\n\n<p>&nbsp;<\/p>\n\n\n\n<p><strong><span style=\"text-decoration: underline;\">Peti\u021bii:<\/span><\/strong> <br><a href=\"mailto:secretariat@spital-obregia.ro\"><i class=\"fas fa-envelope\"><\/i> secretariat@spital-obregia.ro<\/a><\/p>\n\n\n\n<p>&nbsp;<\/p>\n\n\n\n<p><strong><span style=\"text-decoration: underline;\">Program de lucru:<\/span><\/strong><\/p>\n\n\n\n<figure class=\"wp-block-table is-style-regular\"><table><tbody><tr><td>Camere de gard\u0103<\/td><td><strong>Permanent<\/strong><\/td><\/tr><tr><td>Sec\u021bii<\/td><td><strong>Luni \u2013 Vineri: 8:00 <strong>\u2013<\/strong> 14:00<\/strong><\/td><\/tr><tr><td>Laborator de Radiologie si Imagistic\u0103 Medical\u0103<\/td><td><strong>Luni \u2013 Vineri: 7:30 &#8211; 13:30<\/strong><\/td><\/tr><tr><td>Laborator de Analize Medicale<\/td><td><strong>Luni \u2013 Vineri: 7:30 \u2013 20:30<\/strong><\/td><\/tr><tr><td>Ambulatoriu<\/td><td><strong>Luni \u2013 Vineri: 8:00 \u2013 15:00<\/strong><\/td><\/tr><tr><td>Centru de s\u0103n\u0103tate mintal\u0103<\/td><td><strong>Luni \u2013 Vineri: 8:00 \u2013 16:00<\/strong><\/td><\/tr><tr><td>Sta\u021bionar de zi &#8211; toxicomani<\/td><td><strong>Luni \u2013 Vineri: 8:00 \u2013 15:00<\/strong><\/td><\/tr><\/tbody><\/table><\/figure>\n\n\n\n<p><\/p>\n\n\n\n<p>&nbsp;<\/p>\n\n\n\n<p id=\"telefoane\"> <strong>Telefoane de contact &#8211; Spital<\/strong><\/p>\n\n\n\n<figure id=\"telefoane\" class=\"wp-block-table\"><table><tbody><tr><td>CAMERA DE GARDA \u2013 PSIHIATRIE ADUL\u021aI<\/td><td><a href=\"tel:0770 415 316\">0770 415 316<\/a><br><a href=\"tel:0770 432 276\">0770 432 276<\/a><\/td><\/tr><tr><td>CAMERA DE GARDA \u2013 PSIHIATRIE PEDIATRIC\u0102<\/td><td><a href=\"tel:0770 432 192\">0770 432 192<\/a><\/td><\/tr><tr><td>CAMERA DE GARDA \u2013 NEUROLOGIE PEDIATRIC\u0102<\/td><td><a href=\"tel:0770 419 542\">0770 419 542<\/a><\/td><\/tr><tr><td>SEC\u021aIA CLINIC\u0102 I &#8211; PSIHIATRIE ADUL\u021aI<\/td><td><a href=\"tel:0770 416 317\">0770 416 317<\/a><\/td><\/tr><tr><td>SEC\u021aIA CLINIC\u0102 II &#8211; PSIHIATRIE ADUL\u021aI<\/td><td><a href=\"tel:0770 427 375\">0770 427 375<\/a><\/td><\/tr><tr><td>SEC\u021aIA CLINIC\u0102 III &#8211; PSIHIATRIE ADUL\u021aI<\/td><td><a href=\"tel:0770 415 958\">0770 415 958<\/a><\/td><\/tr><tr><td>SEC\u021aIA CLINIC\u0102 IV &#8211; PSIHIATRIE ADUL\u021aI<\/td><td><a href=\"tel:\">0770 428 847<\/a><\/td><\/tr><tr><td>SEC\u021aIA CLINIC\u0102 V \u2013 PSIHIATRIE PEDIATRIC\u0102<\/td><td><a href=\"tel:0770 433 092\">0770 433 092<\/a><\/td><\/tr><tr><td>SEC\u021aIA CLINIC\u0102 VI &#8211; PSIHIATRIE ADUL\u021aI<\/td><td><a href=\"tel:0770 425 729\">0770 425 729<\/a><\/td><\/tr><tr><td>SEC\u021aIA CLINIC\u0102 VII &#8211; PSIHIATRIE ADUL\u021aI<\/td><td><a href=\"tel:0770 425 870\">0770 425 870<\/a><\/td><\/tr><tr><td>SEC\u021aIA CLINIC\u0102 VIII &#8211; PSIHIATRIE ADUL\u021aI<\/td><td><a href=\"tel:0770 430 296\">0770 430 296<\/a><\/td><\/tr><tr><td>SEC\u021aIA CLINIC\u0102 IX &#8211; PSIHIATRIE ADUL\u021aI<\/td><td><a href=\"tel:0770 427 251\">0770 427 251<\/a><\/td><\/tr><tr><td>SEC\u021aIA X &#8211; PSIHIATRIE ADUL\u021aI<\/td><td><a href=\"tel:0770 427 976\">0770 427 976<\/a><\/td><\/tr><tr><td>SEC\u021aIA XI &#8211; PSIHIATRIE ADUL\u021aI<\/td><td><a href=\"tel:0770 415 500\">0770 415 500<\/a><\/td><\/tr><tr><td>SEC\u021aIA XII &#8211; PSIHIATRIE ADUL\u021aI<\/td><td><a href=\"tel:0770 413 583\">0770 413 583<\/a><\/td><\/tr><tr><td>SEC\u021aIA XIII &#8211; PSIHIATRIE ADUL\u021aI<\/td><td><a href=\"tel:0770 429 457\">0770 429 457<\/a><\/td><\/tr><tr><td>SEC\u021aIA XIV &#8211; PSIHIATRIE ADUL\u021aI<\/td><td><a href=\"tel:0770 417 594\">0770 417 594<\/a><\/td><\/tr><tr><td>SEC\u021aIA XV- PSIHIATRIE ADUL\u021aI<\/td><td><a href=\"tel:0770 420 108\">0770 420 108<\/a><\/td><\/tr><tr><td>SEC\u021aIA XVI &#8211; PSIHIATRIE ADUL\u021aI<\/td><td><a href=\"tel:0770 419 185\">0770 419 185<\/a><\/td><\/tr><tr><td>SEC\u021aIA XVII &#8211; PSIHIATRIE ADUL\u021aI<\/td><td><a href=\"tel:0770 421 998\">0770 421 998<\/a><\/td><\/tr><tr><td>SEC\u021aIA CLINIC\u0102 NEUROLOGIE PEDIATRIC\u0102<\/td><td><a href=\"tel:0770 415 261\">0770 415 261<\/a><\/td><\/tr><tr><td>CSM &#8211; Str. Arge\u0219elul nr. 8 &#8211; Consulta\u021bii psihiatrie adul\u021bi<\/td><td><a href=\"tel:021 450 2102\">021 450 2102<br><\/a><a href=\"tel:0770 428 837\">0770 428 837<\/a><\/td><\/tr><tr><td>STA\u021aIONAR DE ZI &#8211; TOXICOMANI<\/td><td><a href=\"tel:0770 417 874\">0770 417 874<\/a><\/td><\/tr><\/tbody><\/table><\/figure>\n\n\n\n<p>&nbsp;<\/p>\n\n\n\n<p><strong>Telefoane de contact &#8211; Ambulatoriu Integrat<\/strong><\/p>\n\n\n\n<figure id=\"telefoane\" class=\"wp-block-table\"><table><tbody><tr><td>AMBULATOR &#8211; POLICLINIC\u0102<\/td><td><a href=\"tel:0770 414 676\">0770 414 676<\/a><\/td><\/tr><tr><td>CABINET GINECOLOGIE<\/td><td><a href=\"tel:0756 193 677\">0756 193 677<\/a><\/td><\/tr><tr><td>CABINET NEUROLOGIE<\/td><td><a href=\"tel:0721 342 835\">0721 342 835<\/a><\/td><\/tr><tr><td>CABINET PSIHIATRIE<\/td><td><a href=\"tel:0735 336 313\">0735 336 313<\/a><\/td><\/tr><tr><td>CABINET MEDICIN\u0102 INTERN\u0102 (Dr. Stoia)<\/td><td><a href=\"tel:0721 834 964\">0721 834 964<\/a><\/td><\/tr><tr><td>CABINET MEDICIN\u0102 INTERN\u0102 (Dr. Mih\u0103ilescu)<\/td><td><a href=\"tel:0790 183 566\">0790 183 566<\/a><\/td><\/tr><tr><td>CABINET OFTALMOLOGIE<\/td><td><a href=\"tel:0721 644 607\">0721 644 607<\/a><\/td><\/tr><tr><td>EKG + SPIROMETRIE<\/td><td><a href=\"tel:0730 655 778\">0730 655 778<\/a><br><a href=\"tel:0724 044 204\">0724 044 204<\/a><\/td><\/tr><tr><td>EEG<\/td><td><a href=\"tel:0770414676\">0770 414 676<\/a><\/td><\/tr><tr><td>STOMATOLOGIE<\/td><td><a href=\"tel:0730 784 198\">0730 784 198<\/a><\/td><\/tr><\/tbody><\/table><\/figure>\n","protected":false},"excerpt":{"rendered":"<p>secretariat@spital-obregia.ro \u0218oseaua Berceni nr. 10, Sector 4, 041914, Bucure\u0219ti SpitalulAlexandruObregia Centrala telefonic\u0103Luni-Vineri 8:00-16:00021 332 0411 | 021 332 1304Fax: 021 334 7164 Accesul \u00een spital se face prin intr\u0103rile din : La spital se poate ajunge cu: &nbsp; Audien\u021be Manager &#8211; Dr. Andrian \u021a\u00ceB\u00ceRN\u0102: \u00een fiecare zi de miercuri, 12.00-14.00.Director Medical &#8211; Dr. Eduard MO\u021aOESCU: [&hellip;]<\/p>\n","protected":false},"author":2,"featured_media":0,"parent":0,"menu_order":0,"comment_status":"closed","ping_status":"closed","template":"","meta":{"_lmt_disableupdate":"no","_lmt_disable":"no","footnotes":""},"class_list":["post-1572","page","type-page","status-publish","hentry"],"blocksy_meta":{"styles_descriptor":{"styles":{"desktop":"","tablet":"","mobile":""},"google_fonts":[],"version":6}},"featured_image_src":null,"jetpack_sharing_enabled":true,"_links":{"self":[{"href":"https:\/\/spital-obregia.ro\/arhiva\/wp-json\/wp\/v2\/pages\/1572","targetHints":{"allow":["GET"]}}],"collection":[{"href":"https:\/\/spital-obregia.ro\/arhiva\/wp-json\/wp\/v2\/pages"}],"about":[{"href":"https:\/\/spital-obregia.ro\/arhiva\/wp-json\/wp\/v2\/types\/page"}],"author":[{"embeddable":true,"href":"https:\/\/spital-obregia.ro\/arhiva\/wp-json\/wp\/v2\/users\/2"}],"replies":[{"embeddable":true,"href":"https:\/\/spital-obregia.ro\/arhiva\/wp-json\/wp\/v2\/comments?post=1572"}],"version-history":[{"count":0,"href":"https:\/\/spital-obregia.ro\/arhiva\/wp-json\/wp\/v2\/pages\/1572\/revisions"}],"wp:attachment":[{"href":"https:\/\/spital-obregia.ro\/arhiva\/wp-json\/wp\/v2\/media?parent=1572"}],"curies":[{"name":"wp","href":"https:\/\/api.w.org\/{rel}","templated":true}]}}